{"id":481,"date":"2021-11-27T11:39:29","date_gmt":"2021-11-27T10:39:29","guid":{"rendered":"https:\/\/www.mercator-gs.de\/buildingsite\/?page_id=481"},"modified":"2025-10-19T00:06:49","modified_gmt":"2025-10-18T22:06:49","slug":"ergaenzende-betreuung-hort","status":"publish","type":"page","link":"https:\/\/www.mercator-gs.de\/buildingsite\/ergaenzende-betreuung-hort\/","title":{"rendered":"ERG\u00c4NZENDE BETREUUNG \/ HORT"},"content":{"rendered":"\t\t<div data-elementor-type=\"wp-page\" data-elementor-id=\"481\" class=\"elementor elementor-481\">\n\t\t\t\t\t\t<section class=\"elementor-section elementor-top-section elementor-element elementor-element-9a4ddd7 elementor-section-boxed elementor-section-height-default elementor-section-height-default wpr-particle-no wpr-jarallax-no wpr-parallax-no wpr-sticky-section-no\" data-id=\"9a4ddd7\" data-element_type=\"section\">\n\t\t\t\t\t\t<div class=\"elementor-container elementor-column-gap-default\">\n\t\t\t\t\t<div class=\"elementor-column elementor-col-100 elementor-top-column elementor-element elementor-element-0b089ee\" data-id=\"0b089ee\" data-element_type=\"column\">\n\t\t\t<div class=\"elementor-widget-wrap elementor-element-populated\">\n\t\t\t\t\t\t<div class=\"elementor-element elementor-element-112e590 elementor-widget elementor-widget-spacer\" data-id=\"112e590\" data-element_type=\"widget\" data-widget_type=\"spacer.default\">\n\t\t\t\t<div class=\"elementor-widget-container\">\n\t\t\t\t\t\t\t<div class=\"elementor-spacer\">\n\t\t\t<div class=\"elementor-spacer-inner\"><\/div>\n\t\t<\/div>\n\t\t\t\t\t\t<\/div>\n\t\t\t\t<\/div>\n\t\t\t\t\t<\/div>\n\t\t<\/div>\n\t\t\t\t\t<\/div>\n\t\t<\/section>\n\t\t\t\t<section class=\"elementor-section elementor-top-section elementor-element elementor-element-4980922 elementor-section-boxed elementor-section-height-default elementor-section-height-default wpr-particle-no wpr-jarallax-no wpr-parallax-no wpr-sticky-section-no\" data-id=\"4980922\" data-element_type=\"section\">\n\t\t\t\t\t\t<div class=\"elementor-container elementor-column-gap-default\">\n\t\t\t\t\t<div class=\"elementor-column elementor-col-100 elementor-top-column elementor-element elementor-element-116042f\" data-id=\"116042f\" data-element_type=\"column\">\n\t\t\t<div class=\"elementor-widget-wrap elementor-element-populated\">\n\t\t\t\t\t\t<div class=\"elementor-element elementor-element-270fbef elementor-widget elementor-widget-text-editor\" data-id=\"270fbef\" data-element_type=\"widget\" data-widget_type=\"text-editor.default\">\n\t\t\t\t<div class=\"elementor-widget-container\">\n\t\t\t\t\t\t\t\t\t<h2 style=\"margin-bottom: 0px; font-size: 2em; line-height: 1em; font-family: 'Indie Flower', cursive; color: inherit;\"><strong>ERG\u00c4NZENDE BETREUUNG \/ HORT<\/strong><\/h2>\t\t\t\t\t\t\t\t<\/div>\n\t\t\t\t<\/div>\n\t\t\t\t\t<\/div>\n\t\t<\/div>\n\t\t\t\t\t<\/div>\n\t\t<\/section>\n\t\t\t\t<section class=\"elementor-section elementor-top-section elementor-element elementor-element-8c2c427 elementor-section-boxed elementor-section-height-default elementor-section-height-default wpr-particle-no wpr-jarallax-no wpr-parallax-no wpr-sticky-section-no\" data-id=\"8c2c427\" data-element_type=\"section\">\n\t\t\t\t\t\t<div class=\"elementor-container elementor-column-gap-default\">\n\t\t\t\t\t<div class=\"elementor-column elementor-col-100 elementor-top-column elementor-element elementor-element-d49e65e\" data-id=\"d49e65e\" data-element_type=\"column\">\n\t\t\t<div class=\"elementor-widget-wrap elementor-element-populated\">\n\t\t\t\t\t\t<div class=\"elementor-element elementor-element-862c482 elementor-widget elementor-widget-text-editor\" data-id=\"862c482\" data-element_type=\"widget\" data-widget_type=\"text-editor.default\">\n\t\t\t\t<div class=\"elementor-widget-container\">\n\t\t\t\t\t\t\t\t\t<p><span style=\"font-family: 'Indie Flower', sans-serif; font-size: 48.6px; font-style: normal; font-variant-ligatures: normal; font-variant-caps: normal; font-weight: bolder; color: var( --e-global-color-fba9fbd );\">\u00dcBER UNS:<\/span><\/p><p><span style=\"font-size: 18px; color: var( --e-global-color-fba9fbd );\">10 P\u00e4dagoginnen und P\u00e4dagogen betreuen 185 Kinder.\u00a0<\/span><\/p><p><span style=\"font-size: 18px; color: var( --e-global-color-fba9fbd );\">In vier R\u00e4umen k\u00f6nnen die Kinder am Nachmittag spielen oder ein Angebot wahrnehmen oder den sch\u00f6n gestalteten Schulhof nutzen.\u00a0<\/span><\/p><p><span style=\"font-size: 18px; color: var( --e-global-color-fba9fbd );\">Antr\u00e4ge f\u00fcr den Hort k\u00f6nnen Sie im B\u00fcro der koord. Erzieherin erhalten oder sich im Internet runterladen. Internetadresse:\u00a0<\/span><a style=\"font-size: 18px; background-color: #ffffff;\" href=\"https:\/\/service.berlin.de\/dienstleistung\/324901\/\" target=\"_blank\" rel=\"noopener\">https:\/\/service.berlin.de\/dienstleistung\/324901\/<\/a><\/p><p>Schon vor der Einschulung Ihrer Kinder gibt es die M\u00f6glichkeit die Schule und den Hort kennen zu<br \/>lernen.<br \/>Wir kooperieren mit mehreren Kitas in der Umgebung und laden die Kinder zu uns ein.<br \/>Die Schule veranstaltet jedes Jahr im Herbst einen Tag der offenen T\u00fcr, an dem Sie auch den Hort<br \/>besuchen k\u00f6nnen.<br \/>Zu Fragen steht Ihnen die koordinierende Erzieherin, Marion Sulke-Meneikis, gerne zur Verf\u00fcgung.<\/p><p><span style=\"font-family: Roboto, sans-serif; font-size: 18px; font-style: normal; font-variant-ligatures: normal; font-variant-caps: normal;\"><u><b>\u00d6ffnungszeiten:<\/b><\/u><\/span><\/p><p><span style=\"font-size: 18px; color: #0046a8;\">Der Hort ist von 6.00 Uhr bis 18.00 Uhr ge\u00f6ffnet.<\/span><\/p><p><u><b>Sprechzeiten im B\u00fcro:<br \/><\/b><\/u>Mo., Di. und Fr. 8.00 Uhr bis 10.00 Uhr<br \/>Mi.: 10.00 Uhr bis 12.00 Uhr<br \/>Do.: 14.00 Uhr bis 16.00 Uhr<\/p><p><u><b>Kontakt:<br \/><\/b><\/u>Telefon B\u00fcro: 030\/902991077<br \/>Telefon Horthaus: 030\/75479599<br \/>E-Mail: m.sulke(at)mercator-gs.de<\/p><p><u><b>Schlie\u00dfzeiten:<br \/><\/b><\/u>Schlie\u00dfzeiten teilen wir Ihnen, soweit m\u00f6glich, rechtzeitig mit. Sie finden die Zeiten auf<br \/>einem Aushang an unseren Eingangst\u00fcren und wir teilen sie Ihnen schriftlich mit.<\/p><p><u><b>Ferien im Hort<br \/><\/b><\/u>In den Ferien m\u00f6chten wir den Kindern gerne etwas anbieten, was in der Schulzeit nicht so m\u00f6glich<br \/>ist.<br \/>Wir organisieren Ausfl\u00fcge ( Kino, Theater, Museum, Britzer Garten usw.)<br \/>Au\u00dferdem gibt es Angebote wie: Pizzabacken, besondere kreative Angebote usw.<br \/>Aber auch einfach nur spielen, entspannen und es den Kindern gem\u00fctlich machen soll nicht zu kurz<br \/>kommen.<br \/>In den Ferien bitten wir Sie, ihre Kinder bis sp\u00e4testens 9.00 Uhr in den Hort zu bringen.<br \/>Dann fr\u00fchst\u00fccken wir gemeinsam.<br \/>Um 12.00 Uhr gibt es dann das gemeinsame Mittagessen.<\/p><p><u><b>Mittagessen im Hort:<br \/><\/b><\/u>Das Mittagessen ist kostenfrei und wird uns von dem Caterer \u201eDrei K\u00f6che\u201c geliefert.<br \/><a href=\"https:\/\/drei-koeche.de\/\">www.drei-koeche.de<br \/><\/a>E-Mail: info(at)drei-koeche.de<br \/>Die 4.-6.Klassen essen in der 2. Hofpause.<br \/>Die 1.-3. Klassen essen nach Unterrichtsschluss.<br \/>Bei dem Caterer muss das Kind angemeldet werden und dann k\u00f6nnen Sie gemeinsam mit ihrem Kind<br \/>zwischen zwei Essen w\u00e4hlen.<\/p>\t\t\t\t\t\t\t\t<\/div>\n\t\t\t\t<\/div>\n\t\t\t\t\t<\/div>\n\t\t<\/div>\n\t\t\t\t\t<\/div>\n\t\t<\/section>\n\t\t\t\t<section class=\"elementor-section elementor-top-section elementor-element elementor-element-03d554e elementor-section-boxed elementor-section-height-default elementor-section-height-default wpr-particle-no wpr-jarallax-no wpr-parallax-no wpr-sticky-section-no\" data-id=\"03d554e\" data-element_type=\"section\">\n\t\t\t\t\t\t<div class=\"elementor-container elementor-column-gap-default\">\n\t\t\t\t\t<div class=\"elementor-column elementor-col-100 elementor-top-column elementor-element elementor-element-e916ae7\" data-id=\"e916ae7\" data-element_type=\"column\">\n\t\t\t<div class=\"elementor-widget-wrap elementor-element-populated\">\n\t\t\t\t\t\t<div class=\"elementor-element elementor-element-825398d elementor-widget elementor-widget-html\" data-id=\"825398d\" data-element_type=\"widget\" data-widget_type=\"html.default\">\n\t\t\t\t<div class=\"elementor-widget-container\">\n\t\t\t\t\t<div id=\"metaslider-id-551\" style=\"width: 100%;\" class=\"ml-slider-3-104-0 metaslider metaslider-flex metaslider-551 ml-slider has-dots-nav ms-theme-bubble\" role=\"region\" aria-label=\"Neue Slideshow\" data-height=\"843\" data-width=\"1500\">\n    <div id=\"metaslider_container_551\">\n        <div id=\"metaslider_551\">\n            <ul class='slides'>\n                <li style=\"display: block; width: 100%;\" class=\"slide-577 ms-image \" aria-roledescription=\"slide\" data-date=\"2021-11-27 12:28:32\" data-filename=\"Hort4-1.jpg\" data-slide-type=\"image\"><img fetchpriority=\"high\" decoding=\"async\" src=\"https:\/\/www.mercator-gs.de\/buildingsite\/wp-content\/uploads\/2021\/11\/Hort4-1.jpg\" height=\"843\" width=\"1500\" alt=\"\" class=\"slider-551 slide-577 msDefaultImage\" title=\"Hort4\" \/><\/li>\n                <li style=\"display: none; width: 100%;\" class=\"slide-578 ms-image \" aria-roledescription=\"slide\" data-date=\"2021-11-27 12:28:36\" data-filename=\"Hort3-1.jpg\" data-slide-type=\"image\"><img decoding=\"async\" src=\"https:\/\/www.mercator-gs.de\/buildingsite\/wp-content\/uploads\/2021\/11\/Hort3-1.jpg\" height=\"843\" width=\"1500\" alt=\"\" class=\"slider-551 slide-578 msDefaultImage\" title=\"Hort3\" \/><\/li>\n                <li style=\"display: none; width: 100%;\" class=\"slide-579 ms-image \" aria-roledescription=\"slide\" data-date=\"2021-11-27 12:28:40\" data-filename=\"Hort2-1.jpg\" data-slide-type=\"image\"><img decoding=\"async\" src=\"https:\/\/www.mercator-gs.de\/buildingsite\/wp-content\/uploads\/2021\/11\/Hort2-1.jpg\" height=\"843\" width=\"1500\" alt=\"\" class=\"slider-551 slide-579 msDefaultImage\" title=\"Hort2\" \/><\/li>\n                <li style=\"display: none; width: 100%;\" class=\"slide-580 ms-image \" aria-roledescription=\"slide\" data-date=\"2021-11-27 12:28:43\" data-filename=\"Hort1-1.jpg\" data-slide-type=\"image\"><img loading=\"lazy\" decoding=\"async\" src=\"https:\/\/www.mercator-gs.de\/buildingsite\/wp-content\/uploads\/2021\/11\/Hort1-1.jpg\" height=\"843\" width=\"1500\" alt=\"\" class=\"slider-551 slide-580 msDefaultImage\" title=\"Hort1\" \/><\/li>\n            <\/ul>\n        <\/div>\n        \n    <\/div>\n<\/div>\t\t\t\t<\/div>\n\t\t\t\t<\/div>\n\t\t\t\t\t<\/div>\n\t\t<\/div>\n\t\t\t\t\t<\/div>\n\t\t<\/section>\n\t\t\t\t<section class=\"elementor-section elementor-top-section elementor-element elementor-element-8d00739 elementor-section-boxed elementor-section-height-default elementor-section-height-default wpr-particle-no wpr-jarallax-no wpr-parallax-no wpr-sticky-section-no\" data-id=\"8d00739\" data-element_type=\"section\">\n\t\t\t\t\t\t<div class=\"elementor-container elementor-column-gap-default\">\n\t\t\t\t\t<div class=\"elementor-column elementor-col-100 elementor-top-column elementor-element elementor-element-a25a8a3\" data-id=\"a25a8a3\" data-element_type=\"column\">\n\t\t\t<div class=\"elementor-widget-wrap elementor-element-populated\">\n\t\t\t\t\t\t<div class=\"elementor-element elementor-element-e5530d7 elementor-widget elementor-widget-spacer\" data-id=\"e5530d7\" data-element_type=\"widget\" data-widget_type=\"spacer.default\">\n\t\t\t\t<div class=\"elementor-widget-container\">\n\t\t\t\t\t\t\t<div class=\"elementor-spacer\">\n\t\t\t<div class=\"elementor-spacer-inner\"><\/div>\n\t\t<\/div>\n\t\t\t\t\t\t<\/div>\n\t\t\t\t<\/div>\n\t\t\t\t\t<\/div>\n\t\t<\/div>\n\t\t\t\t\t<\/div>\n\t\t<\/section>\n\t\t\t\t<section class=\"elementor-section elementor-top-section elementor-element elementor-element-d02e815 elementor-section-boxed elementor-section-height-default elementor-section-height-default wpr-particle-no wpr-jarallax-no wpr-parallax-no wpr-sticky-section-no\" data-id=\"d02e815\" data-element_type=\"section\">\n\t\t\t\t\t\t<div class=\"elementor-container elementor-column-gap-default\">\n\t\t\t\t\t<div class=\"elementor-column elementor-col-100 elementor-top-column elementor-element elementor-element-a0bbdb1\" data-id=\"a0bbdb1\" data-element_type=\"column\">\n\t\t\t<div class=\"elementor-widget-wrap elementor-element-populated\">\n\t\t\t\t\t\t<div class=\"elementor-element elementor-element-b0893b4 elementor-widget elementor-widget-text-editor\" data-id=\"b0893b4\" data-element_type=\"widget\" data-widget_type=\"text-editor.default\">\n\t\t\t\t<div class=\"elementor-widget-container\">\n\t\t\t\t\t\t\t\t\t<p style=\"font-variant-ligatures: normal; font-variant-caps: normal; font-style: normal; color: #0046a8;\"><span style=\"font-family: Indie Flower, sans-serif;\"><span style=\"font-size: 48.6px;\"><b>UNSERE P\u00c4DAGOGISCHEN ZIELE<\/b><\/span><\/span><\/p>\t\t\t\t\t\t\t\t<\/div>\n\t\t\t\t<\/div>\n\t\t\t\t\t<\/div>\n\t\t<\/div>\n\t\t\t\t\t<\/div>\n\t\t<\/section>\n\t\t\t\t<section class=\"elementor-section elementor-top-section elementor-element elementor-element-098f5fd elementor-section-boxed elementor-section-height-default elementor-section-height-default wpr-particle-no wpr-jarallax-no wpr-parallax-no wpr-sticky-section-no\" data-id=\"098f5fd\" data-element_type=\"section\">\n\t\t\t\t\t\t<div class=\"elementor-container elementor-column-gap-default\">\n\t\t\t\t\t<div class=\"elementor-column elementor-col-100 elementor-top-column elementor-element elementor-element-236dd4f\" data-id=\"236dd4f\" data-element_type=\"column\">\n\t\t\t<div class=\"elementor-widget-wrap elementor-element-populated\">\n\t\t\t\t\t\t<div class=\"elementor-element elementor-element-3d42faf elementor-widget elementor-widget-pdf_viewer\" data-id=\"3d42faf\" data-element_type=\"widget\" data-widget_type=\"pdf_viewer.default\">\n\t\t\t\t<div class=\"elementor-widget-container\">\n\t\t\t\t\t<iframe src=\"https:\/\/docs.google.com\/viewer?url=https:\/\/www.mercator-gs.de\/buildingsite\/wp-content\/uploads\/2024\/10\/Internet-03.pdf&amp;embedded=true\" style=\"display: block; margin-left: auto; margin-right: auto; width: 640px; height: 1020px;\" frameborder=\"1\" marginheight=\"0px\" marginwidth=\"0px\" allowfullscreen><\/iframe>\t\t\t\t<\/div>\n\t\t\t\t<\/div>\n\t\t\t\t\t<\/div>\n\t\t<\/div>\n\t\t\t\t\t<\/div>\n\t\t<\/section>\n\t\t\t\t<\/div>\n\t\t","protected":false},"excerpt":{"rendered":"<p>ERG\u00c4NZENDE BETREUUNG \/ HORT \u00dcBER UNS: 10 P\u00e4dagoginnen und P\u00e4dagogen betreuen 185 Kinder.\u00a0 In vier R\u00e4umen k\u00f6nnen die Kinder am Nachmittag spielen oder ein Angebot wahrnehmen oder den sch\u00f6n gestalteten Schulhof nutzen.\u00a0 Antr\u00e4ge f\u00fcr den Hort k\u00f6nnen Sie im B\u00fcro der koord. Erzieherin erhalten oder sich im Internet runterladen. Internetadresse:\u00a0https:\/\/service.berlin.de\/dienstleistung\/324901\/ Schon vor der Einschulung Ihrer Kinder gibt es die M\u00f6glichkeit die Schule und den Hort kennen zulernen.Wir kooperieren mit mehreren Kitas in der Umgebung und laden die Kinder zu uns ein.Die Schule veranstaltet jedes Jahr im Herbst einen Tag der offenen T\u00fcr, an dem Sie auch den Hortbesuchen k\u00f6nnen.Zu Fragen steht Ihnen die koordinierende Erzieherin, Marion Sulke-Meneikis, gerne zur Verf\u00fcgung. \u00d6ffnungszeiten: Der Hort ist von 6.00 Uhr bis 18.00 Uhr ge\u00f6ffnet. Sprechzeiten im B\u00fcro:Mo., Di. und Fr. 8.00 Uhr bis 10.00 UhrMi.: 10.00 Uhr bis 12.00 UhrDo.: 14.00 Uhr bis 16.00 Uhr Kontakt:Telefon B\u00fcro: 030\/902991077Telefon Horthaus: 030\/75479599E-Mail: m.sulke(at)mercator-gs.de Schlie\u00dfzeiten:Schlie\u00dfzeiten teilen wir Ihnen, soweit m\u00f6glich, rechtzeitig mit. Sie finden die Zeiten aufeinem Aushang an unseren Eingangst\u00fcren und wir teilen sie Ihnen schriftlich mit. Ferien im HortIn den Ferien m\u00f6chten wir den Kindern gerne etwas anbieten, was in der Schulzeit nicht so m\u00f6glichist.Wir organisieren Ausfl\u00fcge ( Kino, Theater, Museum, Britzer Garten usw.)Au\u00dferdem gibt es Angebote wie: Pizzabacken, besondere kreative Angebote usw.Aber auch einfach nur spielen, entspannen und es den Kindern gem\u00fctlich machen soll nicht zu kurzkommen.In den Ferien bitten wir Sie, ihre Kinder bis sp\u00e4testens 9.00 Uhr in den Hort zu bringen.Dann fr\u00fchst\u00fccken wir gemeinsam.Um 12.00 Uhr gibt es dann das gemeinsame Mittagessen. Mittagessen im Hort:Das Mittagessen ist kostenfrei und wird uns von dem Caterer \u201eDrei K\u00f6che\u201c geliefert.www.drei-koeche.deE-Mail: info(at)drei-koeche.deDie 4.-6.Klassen essen in der 2. Hofpause.Die 1.-3. Klassen essen nach Unterrichtsschluss.Bei dem Caterer muss das Kind angemeldet werden und dann k\u00f6nnen Sie gemeinsam mit ihrem Kindzwischen zwei Essen w\u00e4hlen. UNSERE P\u00c4DAGOGISCHEN ZIELE<\/p>\n","protected":false},"author":1,"featured_media":0,"parent":0,"menu_order":0,"comment_status":"closed","ping_status":"closed","template":"","meta":{"ocean_post_layout":"full-width","ocean_both_sidebars_style":"","ocean_both_sidebars_content_width":0,"ocean_both_sidebars_sidebars_width":0,"ocean_sidebar":"0","ocean_second_sidebar":"0","ocean_disable_margins":"on","ocean_add_body_class":"","ocean_shortcode_before_top_bar":"","ocean_shortcode_after_top_bar":"","ocean_shortcode_before_header":"","ocean_shortcode_after_header":"","ocean_has_shortcode":"","ocean_shortcode_after_title":"","ocean_shortcode_before_footer_widgets":"","ocean_shortcode_after_footer_widgets":"","ocean_shortcode_before_footer_bottom":"","ocean_shortcode_after_footer_bottom":"","ocean_display_top_bar":"off","ocean_display_header":"on","ocean_header_style":"transparent","ocean_center_header_left_menu":"0","ocean_custom_header_template":"0","ocean_custom_logo":0,"ocean_custom_retina_logo":0,"ocean_custom_logo_max_width":0,"ocean_custom_logo_tablet_max_width":0,"ocean_custom_logo_mobile_max_width":0,"ocean_custom_logo_max_height":0,"ocean_custom_logo_tablet_max_height":0,"ocean_custom_logo_mobile_max_height":0,"ocean_header_custom_menu":"0","ocean_menu_typo_font_family":"0","ocean_menu_typo_font_subset":"","ocean_menu_typo_font_size":0,"ocean_menu_typo_font_size_tablet":0,"ocean_menu_typo_font_size_mobile":0,"ocean_menu_typo_font_size_unit":"px","ocean_menu_typo_font_weight":"","ocean_menu_typo_font_weight_tablet":"","ocean_menu_typo_font_weight_mobile":"","ocean_menu_typo_transform":"","ocean_menu_typo_transform_tablet":"","ocean_menu_typo_transform_mobile":"","ocean_menu_typo_line_height":0,"ocean_menu_typo_line_height_tablet":0,"ocean_menu_typo_line_height_mobile":0,"ocean_menu_typo_line_height_unit":"","ocean_menu_typo_spacing":0,"ocean_menu_typo_spacing_tablet":0,"ocean_menu_typo_spacing_mobile":0,"ocean_menu_typo_spacing_unit":"","ocean_menu_link_color":"","ocean_menu_link_color_hover":"","ocean_menu_link_color_active":"","ocean_menu_link_background":"","ocean_menu_link_hover_background":"","ocean_menu_link_active_background":"","ocean_menu_social_links_bg":"","ocean_menu_social_hover_links_bg":"","ocean_menu_social_links_color":"","ocean_menu_social_hover_links_color":"","ocean_disable_title":"on","ocean_disable_heading":"default","ocean_post_title":"","ocean_post_subheading":"","ocean_post_title_style":"","ocean_post_title_background_color":"","ocean_post_title_background":0,"ocean_post_title_bg_image_position":"","ocean_post_title_bg_image_attachment":"","ocean_post_title_bg_image_repeat":"","ocean_post_title_bg_image_size":"","ocean_post_title_height":0,"ocean_post_title_bg_overlay":0.5,"ocean_post_title_bg_overlay_color":"","ocean_disable_breadcrumbs":"default","ocean_breadcrumbs_color":"","ocean_breadcrumbs_separator_color":"","ocean_breadcrumbs_links_color":"","ocean_breadcrumbs_links_hover_color":"","ocean_display_footer_widgets":"default","ocean_display_footer_bottom":"default","ocean_custom_footer_template":"0","footnotes":""},"class_list":["post-481","page","type-page","status-publish","hentry","entry"],"_links":{"self":[{"href":"https:\/\/www.mercator-gs.de\/buildingsite\/wp-json\/wp\/v2\/pages\/481","targetHints":{"allow":["GET"]}}],"collection":[{"href":"https:\/\/www.mercator-gs.de\/buildingsite\/wp-json\/wp\/v2\/pages"}],"about":[{"href":"https:\/\/www.mercator-gs.de\/buildingsite\/wp-json\/wp\/v2\/types\/page"}],"author":[{"embeddable":true,"href":"https:\/\/www.mercator-gs.de\/buildingsite\/wp-json\/wp\/v2\/users\/1"}],"replies":[{"embeddable":true,"href":"https:\/\/www.mercator-gs.de\/buildingsite\/wp-json\/wp\/v2\/comments?post=481"}],"version-history":[{"count":156,"href":"https:\/\/www.mercator-gs.de\/buildingsite\/wp-json\/wp\/v2\/pages\/481\/revisions"}],"predecessor-version":[{"id":3076,"href":"https:\/\/www.mercator-gs.de\/buildingsite\/wp-json\/wp\/v2\/pages\/481\/revisions\/3076"}],"wp:attachment":[{"href":"https:\/\/www.mercator-gs.de\/buildingsite\/wp-json\/wp\/v2\/media?parent=481"}],"curies":[{"name":"wp","href":"https:\/\/api.w.org\/{rel}","templated":true}]}}