{"id":329,"date":"2021-11-18T21:23:11","date_gmt":"2021-11-18T20:23:11","guid":{"rendered":"https:\/\/www.mercator-gs.de\/buildingsite\/?page_id=329"},"modified":"2021-11-28T17:58:21","modified_gmt":"2021-11-28T16:58:21","slug":"gev","status":"publish","type":"page","link":"https:\/\/www.mercator-gs.de\/buildingsite\/gev\/","title":{"rendered":"GEV"},"content":{"rendered":"\t\t<div data-elementor-type=\"wp-page\" data-elementor-id=\"329\" class=\"elementor elementor-329\">\n\t\t\t\t\t\t<section class=\"elementor-section elementor-top-section elementor-element elementor-element-ca0679e elementor-section-boxed elementor-section-height-default elementor-section-height-default wpr-particle-no wpr-jarallax-no wpr-parallax-no wpr-sticky-section-no\" data-id=\"ca0679e\" data-element_type=\"section\">\n\t\t\t\t\t\t<div class=\"elementor-container elementor-column-gap-default\">\n\t\t\t\t\t<div class=\"elementor-column elementor-col-100 elementor-top-column elementor-element elementor-element-52e5b66\" data-id=\"52e5b66\" data-element_type=\"column\">\n\t\t\t<div class=\"elementor-widget-wrap elementor-element-populated\">\n\t\t\t\t\t\t<div class=\"elementor-element elementor-element-e4f10af elementor-widget elementor-widget-spacer\" data-id=\"e4f10af\" data-element_type=\"widget\" data-widget_type=\"spacer.default\">\n\t\t\t\t<div class=\"elementor-widget-container\">\n\t\t\t\t\t\t\t<div class=\"elementor-spacer\">\n\t\t\t<div class=\"elementor-spacer-inner\"><\/div>\n\t\t<\/div>\n\t\t\t\t\t\t<\/div>\n\t\t\t\t<\/div>\n\t\t\t\t\t<\/div>\n\t\t<\/div>\n\t\t\t\t\t<\/div>\n\t\t<\/section>\n\t\t\t\t<section class=\"elementor-section elementor-top-section elementor-element elementor-element-06db736 elementor-section-boxed elementor-section-height-default elementor-section-height-default wpr-particle-no wpr-jarallax-no wpr-parallax-no wpr-sticky-section-no\" data-id=\"06db736\" data-element_type=\"section\">\n\t\t\t\t\t\t<div class=\"elementor-container elementor-column-gap-default\">\n\t\t\t\t\t<div class=\"elementor-column elementor-col-100 elementor-top-column elementor-element elementor-element-d85e187\" data-id=\"d85e187\" data-element_type=\"column\">\n\t\t\t<div class=\"elementor-widget-wrap elementor-element-populated\">\n\t\t\t\t\t\t<div class=\"elementor-element elementor-element-4c485b2 elementor-widget elementor-widget-text-editor\" data-id=\"4c485b2\" data-element_type=\"widget\" data-widget_type=\"text-editor.default\">\n\t\t\t\t<div class=\"elementor-widget-container\">\n\t\t\t\t\t\t\t\t\t<header class=\"major\" style=\"padding-bottom: 3em; font-style: normal; font-variant-ligatures: normal; font-variant-caps: normal; font-weight: 300; font-size: 18.6667px; font-family: Cambria, sans-serif; text-transform: uppercase; color: #0046a8;\"><h2 style=\"margin-bottom: 0px; font-size: 2.6em; line-height: 1em; font-family: 'Indie Flower', cursive; color: inherit;\">UNSERE GESAMTELTERNVERTRETUNG (GEV) \u2013 WIR ELTERN GESTALTEN UNSERE SCHULE MIT<\/h2><\/header><p style=\"margin-bottom: 2em; font-style: normal; font-variant-ligatures: normal; font-variant-caps: normal; font-weight: 300; font-size: 1.2em; line-height: 1.8em; font-family: Cambria, sans-serif; color: #0046a8;\" align=\"justify\"><span style=\"font-family: Verdana;\"><span style=\"font-weight: bold; font-size: inherit;\">Liebe Eltern,<\/span><br \/>unter INFOS F\u00dcR ELTERN befinden Sie sich auf der Seite der GEV. F\u00fcr M\u00fctter und V\u00e4ter der unteren Klassen sei erkl\u00e4rt, die GEV ist die Gesamtelternvertretung an unserer Schule.<br \/><br \/>\u201eGl\u00fcckwunsch zu Ihrer Wahl zur\/zum Elternsprecherin oder -sprecher!\u201c<br \/><br \/>Wird Ihnen dieser gl\u00fcckliche Wunsch entgegengebracht, sind Sie automatisch ein stimmberechtigtes Mitglied der Gesamtelternvertretung!<br \/>Die GEV ist das h\u00f6chste Elterngremium in der Schule. Themen und Herausforderungen, die die ganze Schule betreffen, stehen hier im Vordergrund. Die Schulleitung ist der erste Ansprechpartner und gerngesehener Gast in den GEV-Versammlungen. Anders als zur Elternversammlung l\u00e4dt zur ersten Sitzung der GEV in einem Schuljahr die Schulleitung ein. Nach dem Schulgesetz k\u00f6nnen sich Elternvertreter\/innen innerschulisch als Mitglieder in der Schulkonferenz (\u00a7 75 ff), der Gesamtkonferenz der Lehrkr\u00e4fte (\u00a7 79), der Sch\u00fclerInnenvertretung (\u00a7 85) und den Fachkonferenzen w\u00e4hlen lassen. Mit der Teilnahme in diesen Gremien haben Sie die M\u00f6glichkeit beratend &#8211; in der Schulkonferenz sogar mitbestimmend &#8211; anwesend zu sein und ein vertrauensvolles Verh\u00e4ltnis zu den Lehrkr\u00e4ften und der Schulleitung zu pflegen. Auch der Vorsitz der GEV steht in der ersten Versammlung f\u00fcr interessierte Eltern zur Wahl. Die GEV trifft sich mindestens dreimal im Jahr und h\u00e4lt intensiv Kontakt zur Schulleitung.<br \/><br \/>Neben der vertrauensbildenden Zusammenarbeit gestalten Sie, mit Ihrer Unterst\u00fctzung bei Aktivit\u00e4ten und Veranstaltungen an unserer Mercator-Grundschule, jedes Schuljahr f\u00fcr unsere Kinder erfolgreich mit. Das aktive Schulleben k\u00f6nnen Sie positiv pr\u00e4gen, ver\u00e4ndern und erhalten.<br \/><br \/><span style=\"font-weight: bold; font-size: inherit;\">Der GEV-Vorsitz<\/span><br \/><br \/><br \/><u style=\"font-size: inherit;\">Tipps f\u00fcr Eltern:<\/u><br \/><br \/>Leitfaden f\u00fcr Elternvertreter:<br \/><a style=\"font-size: inherit; color: #82b440; text-decoration-line: underline;\" href=\"https:\/\/www.berlin.de\/sen\/bildung\/schule\/gute-schule\/mitwirkung-von-schuelern-und-eltern\/\">Mitwirkung von Sch\u00fclern und Eltern<\/a><br \/><br \/>Senatsverwaltung f\u00fcr Bildung, Jugend und Sport:<br \/><a style=\"font-size: inherit; color: #82b440; text-decoration-line: underline;\" href=\"https:\/\/www.berlin.de\/sen\/bjf\/\">Zum Laden hier klicken<\/a><br \/><br \/>Elternfortbildner:<br \/><a style=\"font-size: inherit; color: #82b440; text-decoration-line: underline;\" href=\"https:\/\/berliner-elternvideos.de\/in-schule\/einfuehrung\/index.html\">Berliner Elternvideos &#8211; Einf\u00fchrung<\/a><\/span><\/p>\t\t\t\t\t\t\t\t<\/div>\n\t\t\t\t<\/div>\n\t\t\t\t\t<\/div>\n\t\t<\/div>\n\t\t\t\t\t<\/div>\n\t\t<\/section>\n\t\t\t\t<\/div>\n\t\t","protected":false},"excerpt":{"rendered":"<p>UNSERE GESAMTELTERNVERTRETUNG (GEV) \u2013 WIR ELTERN GESTALTEN UNSERE SCHULE MIT Liebe Eltern,unter INFOS F\u00dcR ELTERN befinden Sie sich auf der Seite der GEV. F\u00fcr M\u00fctter und V\u00e4ter der unteren Klassen sei erkl\u00e4rt, die GEV ist die Gesamtelternvertretung an unserer Schule. \u201eGl\u00fcckwunsch zu Ihrer Wahl zur\/zum Elternsprecherin oder -sprecher!\u201c Wird Ihnen dieser gl\u00fcckliche Wunsch entgegengebracht, sind Sie automatisch ein stimmberechtigtes Mitglied der Gesamtelternvertretung!Die GEV ist das h\u00f6chste Elterngremium in der Schule. Themen und Herausforderungen, die die ganze Schule betreffen, stehen hier im Vordergrund. Die Schulleitung ist der erste Ansprechpartner und gerngesehener Gast in den GEV-Versammlungen. Anders als zur Elternversammlung l\u00e4dt zur ersten Sitzung der GEV in einem Schuljahr die Schulleitung ein. Nach dem Schulgesetz k\u00f6nnen sich Elternvertreter\/innen innerschulisch als Mitglieder in der Schulkonferenz (\u00a7 75 ff), der Gesamtkonferenz der Lehrkr\u00e4fte (\u00a7 79), der Sch\u00fclerInnenvertretung (\u00a7 85) und den Fachkonferenzen w\u00e4hlen lassen. Mit der Teilnahme in diesen Gremien haben Sie die M\u00f6glichkeit beratend &#8211; in der Schulkonferenz sogar mitbestimmend &#8211; anwesend zu sein und ein vertrauensvolles Verh\u00e4ltnis zu den Lehrkr\u00e4ften und der Schulleitung zu pflegen. Auch der Vorsitz der GEV steht in der ersten Versammlung f\u00fcr interessierte Eltern zur Wahl. Die GEV trifft sich mindestens dreimal im Jahr und h\u00e4lt intensiv Kontakt zur Schulleitung. Neben der vertrauensbildenden Zusammenarbeit gestalten Sie, mit Ihrer Unterst\u00fctzung bei Aktivit\u00e4ten und Veranstaltungen an unserer Mercator-Grundschule, jedes Schuljahr f\u00fcr unsere Kinder erfolgreich mit. Das aktive Schulleben k\u00f6nnen Sie positiv pr\u00e4gen, ver\u00e4ndern und erhalten. Der GEV-Vorsitz Tipps f\u00fcr Eltern: Leitfaden f\u00fcr Elternvertreter:Mitwirkung von Sch\u00fclern und Eltern Senatsverwaltung f\u00fcr Bildung, Jugend und Sport:Zum Laden hier klicken Elternfortbildner:Berliner Elternvideos &#8211; Einf\u00fchrung<\/p>\n","protected":false},"author":1,"featured_media":0,"parent":0,"menu_order":0,"comment_status":"closed","ping_status":"closed","template":"","meta":{"ocean_post_layout":"full-width","ocean_both_sidebars_style":"","ocean_both_sidebars_content_width":0,"ocean_both_sidebars_sidebars_width":0,"ocean_sidebar":"0","ocean_second_sidebar":"0","ocean_disable_margins":"on","ocean_add_body_class":"","ocean_shortcode_before_top_bar":"","ocean_shortcode_after_top_bar":"","ocean_shortcode_before_header":"","ocean_shortcode_after_header":"","ocean_has_shortcode":"","ocean_shortcode_after_title":"","ocean_shortcode_before_footer_widgets":"","ocean_shortcode_after_footer_widgets":"","ocean_shortcode_before_footer_bottom":"","ocean_shortcode_after_footer_bottom":"","ocean_display_top_bar":"off","ocean_display_header":"on","ocean_header_style":"transparent","ocean_center_header_left_menu":"0","ocean_custom_header_template":"0","ocean_custom_logo":0,"ocean_custom_retina_logo":0,"ocean_custom_logo_max_width":0,"ocean_custom_logo_tablet_max_width":0,"ocean_custom_logo_mobile_max_width":0,"ocean_custom_logo_max_height":0,"ocean_custom_logo_tablet_max_height":0,"ocean_custom_logo_mobile_max_height":0,"ocean_header_custom_menu":"0","ocean_menu_typo_font_family":"0","ocean_menu_typo_font_subset":"","ocean_menu_typo_font_size":0,"ocean_menu_typo_font_size_tablet":0,"ocean_menu_typo_font_size_mobile":0,"ocean_menu_typo_font_size_unit":"px","ocean_menu_typo_font_weight":"","ocean_menu_typo_font_weight_tablet":"","ocean_menu_typo_font_weight_mobile":"","ocean_menu_typo_transform":"","ocean_menu_typo_transform_tablet":"","ocean_menu_typo_transform_mobile":"","ocean_menu_typo_line_height":0,"ocean_menu_typo_line_height_tablet":0,"ocean_menu_typo_line_height_mobile":0,"ocean_menu_typo_line_height_unit":"","ocean_menu_typo_spacing":0,"ocean_menu_typo_spacing_tablet":0,"ocean_menu_typo_spacing_mobile":0,"ocean_menu_typo_spacing_unit":"","ocean_menu_link_color":"","ocean_menu_link_color_hover":"","ocean_menu_link_color_active":"","ocean_menu_link_background":"","ocean_menu_link_hover_background":"","ocean_menu_link_active_background":"","ocean_menu_social_links_bg":"","ocean_menu_social_hover_links_bg":"","ocean_menu_social_links_color":"","ocean_menu_social_hover_links_color":"","ocean_disable_title":"on","ocean_disable_heading":"default","ocean_post_title":"","ocean_post_subheading":"","ocean_post_title_style":"","ocean_post_title_background_color":"","ocean_post_title_background":0,"ocean_post_title_bg_image_position":"","ocean_post_title_bg_image_attachment":"","ocean_post_title_bg_image_repeat":"","ocean_post_title_bg_image_size":"","ocean_post_title_height":0,"ocean_post_title_bg_overlay":0.5,"ocean_post_title_bg_overlay_color":"","ocean_disable_breadcrumbs":"default","ocean_breadcrumbs_color":"","ocean_breadcrumbs_separator_color":"","ocean_breadcrumbs_links_color":"","ocean_breadcrumbs_links_hover_color":"","ocean_display_footer_widgets":"default","ocean_display_footer_bottom":"default","ocean_custom_footer_template":"0","footnotes":""},"class_list":["post-329","page","type-page","status-publish","hentry","entry"],"_links":{"self":[{"href":"https:\/\/www.mercator-gs.de\/buildingsite\/wp-json\/wp\/v2\/pages\/329","targetHints":{"allow":["GET"]}}],"collection":[{"href":"https:\/\/www.mercator-gs.de\/buildingsite\/wp-json\/wp\/v2\/pages"}],"about":[{"href":"https:\/\/www.mercator-gs.de\/buildingsite\/wp-json\/wp\/v2\/types\/page"}],"author":[{"embeddable":true,"href":"https:\/\/www.mercator-gs.de\/buildingsite\/wp-json\/wp\/v2\/users\/1"}],"replies":[{"embeddable":true,"href":"https:\/\/www.mercator-gs.de\/buildingsite\/wp-json\/wp\/v2\/comments?post=329"}],"version-history":[{"count":4,"href":"https:\/\/www.mercator-gs.de\/buildingsite\/wp-json\/wp\/v2\/pages\/329\/revisions"}],"predecessor-version":[{"id":817,"href":"https:\/\/www.mercator-gs.de\/buildingsite\/wp-json\/wp\/v2\/pages\/329\/revisions\/817"}],"wp:attachment":[{"href":"https:\/\/www.mercator-gs.de\/buildingsite\/wp-json\/wp\/v2\/media?parent=329"}],"curies":[{"name":"wp","href":"https:\/\/api.w.org\/{rel}","templated":true}]}}