{"id":325,"date":"2021-11-18T21:23:10","date_gmt":"2021-11-18T20:23:10","guid":{"rendered":"https:\/\/www.mercator-gs.de\/buildingsite\/?page_id=325"},"modified":"2025-10-04T21:08:28","modified_gmt":"2025-10-04T19:08:28","slug":"soziales-lernen-gewaltpraevention","status":"publish","type":"page","link":"https:\/\/www.mercator-gs.de\/buildingsite\/soziales-lernen-gewaltpraevention\/","title":{"rendered":"SOZIALES LERNEN \/ GEWALTPR\u00c4VENTION"},"content":{"rendered":"\t\t<div data-elementor-type=\"wp-page\" data-elementor-id=\"325\" class=\"elementor elementor-325\">\n\t\t\t\t\t\t<section class=\"elementor-section elementor-top-section elementor-element elementor-element-3b1d0be elementor-section-boxed elementor-section-height-default elementor-section-height-default wpr-particle-no wpr-jarallax-no wpr-parallax-no wpr-sticky-section-no\" data-id=\"3b1d0be\" data-element_type=\"section\">\n\t\t\t\t\t\t<div class=\"elementor-container elementor-column-gap-default\">\n\t\t\t\t\t<div class=\"elementor-column elementor-col-100 elementor-top-column elementor-element elementor-element-2654143\" data-id=\"2654143\" data-element_type=\"column\">\n\t\t\t<div class=\"elementor-widget-wrap elementor-element-populated\">\n\t\t\t\t\t\t<div class=\"elementor-element elementor-element-5a94b28 elementor-widget elementor-widget-spacer\" data-id=\"5a94b28\" data-element_type=\"widget\" data-widget_type=\"spacer.default\">\n\t\t\t\t<div class=\"elementor-widget-container\">\n\t\t\t\t\t\t\t<div class=\"elementor-spacer\">\n\t\t\t<div class=\"elementor-spacer-inner\"><\/div>\n\t\t<\/div>\n\t\t\t\t\t\t<\/div>\n\t\t\t\t<\/div>\n\t\t\t\t\t<\/div>\n\t\t<\/div>\n\t\t\t\t\t<\/div>\n\t\t<\/section>\n\t\t\t\t<section class=\"elementor-section elementor-top-section elementor-element elementor-element-6e34c02 elementor-section-boxed elementor-section-height-default elementor-section-height-default wpr-particle-no wpr-jarallax-no wpr-parallax-no wpr-sticky-section-no\" data-id=\"6e34c02\" data-element_type=\"section\">\n\t\t\t\t\t\t<div class=\"elementor-container elementor-column-gap-default\">\n\t\t\t\t\t<div class=\"elementor-column elementor-col-100 elementor-top-column elementor-element elementor-element-f1ff738\" data-id=\"f1ff738\" data-element_type=\"column\">\n\t\t\t<div class=\"elementor-widget-wrap elementor-element-populated\">\n\t\t\t\t\t\t<div class=\"elementor-element elementor-element-87a78c3 elementor-widget elementor-widget-text-editor\" data-id=\"87a78c3\" data-element_type=\"widget\" data-widget_type=\"text-editor.default\">\n\t\t\t\t<div class=\"elementor-widget-container\">\n\t\t\t\t\t\t\t\t\t<h2 style=\"margin-bottom: 0px; font-style: normal; font-variant-ligatures: normal; font-variant-caps: normal; font-size: 2.6em; line-height: 1em; font-family: 'Indie Flower', cursive; color: #0046a8; text-transform: uppercase;\">SOZIALES LERNEN &amp; GEWALTPR\u00c4VENTION WERDEN BEI UNS GROSS GESCHRIEBEN!<\/h2>\t\t\t\t\t\t\t\t<\/div>\n\t\t\t\t<\/div>\n\t\t\t\t\t<\/div>\n\t\t<\/div>\n\t\t\t\t\t<\/div>\n\t\t<\/section>\n\t\t\t\t<section class=\"elementor-section elementor-top-section elementor-element elementor-element-1360ed9 elementor-section-boxed elementor-section-height-default elementor-section-height-default wpr-particle-no wpr-jarallax-no wpr-parallax-no wpr-sticky-section-no\" data-id=\"1360ed9\" data-element_type=\"section\">\n\t\t\t\t\t\t<div class=\"elementor-container elementor-column-gap-default\">\n\t\t\t\t\t<div class=\"elementor-column elementor-col-100 elementor-top-column elementor-element elementor-element-c875192\" data-id=\"c875192\" data-element_type=\"column\">\n\t\t\t<div class=\"elementor-widget-wrap elementor-element-populated\">\n\t\t\t\t\t\t<div class=\"elementor-element elementor-element-1ace164 elementor-widget elementor-widget-spacer\" data-id=\"1ace164\" data-element_type=\"widget\" data-widget_type=\"spacer.default\">\n\t\t\t\t<div class=\"elementor-widget-container\">\n\t\t\t\t\t\t\t<div class=\"elementor-spacer\">\n\t\t\t<div class=\"elementor-spacer-inner\"><\/div>\n\t\t<\/div>\n\t\t\t\t\t\t<\/div>\n\t\t\t\t<\/div>\n\t\t\t\t\t<\/div>\n\t\t<\/div>\n\t\t\t\t\t<\/div>\n\t\t<\/section>\n\t\t\t\t<section class=\"elementor-section elementor-top-section elementor-element elementor-element-85a3b3e elementor-section-boxed elementor-section-height-default elementor-section-height-default wpr-particle-no wpr-jarallax-no wpr-parallax-no wpr-sticky-section-no\" data-id=\"85a3b3e\" data-element_type=\"section\">\n\t\t\t\t\t\t<div class=\"elementor-container elementor-column-gap-default\">\n\t\t\t\t\t<div class=\"elementor-column elementor-col-100 elementor-top-column elementor-element elementor-element-466eb28\" data-id=\"466eb28\" data-element_type=\"column\">\n\t\t\t<div class=\"elementor-widget-wrap elementor-element-populated\">\n\t\t\t\t\t\t<div class=\"elementor-element elementor-element-300d6be elementor-widget elementor-widget-text-editor\" data-id=\"300d6be\" data-element_type=\"widget\" data-widget_type=\"text-editor.default\">\n\t\t\t\t<div class=\"elementor-widget-container\">\n\t\t\t\t\t\t\t\t\t<p><span style=\"color: #0046a8; font-family: Cambria, sans-serif; font-size: 18.6667px; font-style: normal; font-variant-ligatures: normal; font-variant-caps: normal; font-weight: 300;\">Alle Sch\u00fcler:innen von Jahrgangsstufe 1-6 erhalten w\u00f6chentlichen Unterricht in \u201eSozialem Lernen\u201c. Dieser Unterricht wird sowohl in den Fachunterricht eingebunden, als auch gesondert vermittelt. Dieser gesonderte Unterricht findet durch besondere Veranstaltungen, Aktionen und Projekttage statt.<\/span><br style=\"color: #0046a8; font-family: Cambria, sans-serif; font-size: 18.6667px;\" \/><br style=\"color: #0046a8; font-family: Cambria, sans-serif; font-size: 18.6667px;\" \/><span style=\"color: #0046a8; font-family: Cambria, sans-serif; font-size: 18.6667px; font-style: normal; font-variant-ligatures: normal; font-variant-caps: normal; font-weight: 300;\">Dabei erleben sich die Kinder als gemeinsame Gruppe und \u00fcben sich dadurch im sozialen Miteinander. Dies wird durch Spiele und Klassenprojekte erreicht.<\/span><br style=\"color: #0046a8; font-family: Cambria, sans-serif; font-size: 18.6667px;\" \/><br style=\"color: #0046a8; font-family: Cambria, sans-serif; font-size: 18.6667px;\" \/><span style=\"color: #0046a8; font-family: Cambria, sans-serif; font-size: 18.6667px; font-style: normal; font-variant-ligatures: normal; font-variant-caps: normal; font-weight: 300;\">Jede Klasse richtet au\u00dferdem regelm\u00e4\u00dfig einen Klassenrat ein, wo gemeinsam L\u00f6sungen f\u00fcr Probleme gesucht werden.<\/span><br style=\"color: #0046a8; font-family: Cambria, sans-serif; font-size: 18.6667px;\" \/><br style=\"color: #0046a8; font-family: Cambria, sans-serif; font-size: 18.6667px;\" \/><span style=\"color: #0046a8; font-family: Cambria, sans-serif; font-size: 18.6667px; font-style: normal; font-variant-ligatures: normal; font-variant-caps: normal; font-weight: 300;\">Ab Klasse 5 gibt es pro Woche zwei Stunden \u201eWuv\u201c-Unterricht, in welchem die Sch\u00fcler eigenst\u00e4ndig einen Klassenrat durchf\u00fchren und sich f\u00fcr ihr Klassenleben engagieren: sie planen Ausfl\u00fcge, sie organisieren ihr Klassenzimmer, sie stellen ihre eigenen Klassenregeln auf und sie helfen sich gegenseitig bei Problemen untereinander oder mit anderen.<\/span><br style=\"color: #0046a8; font-family: Cambria, sans-serif; font-size: 18.6667px;\" \/><br style=\"color: #0046a8; font-family: Cambria, sans-serif; font-size: 18.6667px;\" \/><span style=\"color: #0046a8; font-family: Cambria, sans-serif; font-size: 18.6667px; font-style: normal; font-variant-ligatures: normal; font-variant-caps: normal; font-weight: 300;\">Zus\u00e4tzlich unterst\u00fctzten uns die Pr\u00e4ventionsbeauftragten der Polizei Frau M\u00fcller und Herr Jacob in unserer Arbeit zum Thema Gewaltpr\u00e4vention. Sie besuchen die Klassen regelm\u00e4\u00dfig und kl\u00e4ren die Kinder \u00fcber Gefahren auf und zeigen ihnen in Rollenspielen, wie man Konflikte l\u00f6sen kann oder ihnen von vorne herein aus dem Weg geht. Wir sind froh, dass wir den Kindern auf diese Weise vermitteln k\u00f6nnen, wie man ein gewaltfreien Umgang miteinander f\u00fchrt.<\/span><\/p>\t\t\t\t\t\t\t\t<\/div>\n\t\t\t\t<\/div>\n\t\t\t\t\t<\/div>\n\t\t<\/div>\n\t\t\t\t\t<\/div>\n\t\t<\/section>\n\t\t\t\t<section class=\"elementor-section elementor-top-section elementor-element elementor-element-4fd1a36 elementor-section-boxed elementor-section-height-default elementor-section-height-default wpr-particle-no wpr-jarallax-no wpr-parallax-no wpr-sticky-section-no\" data-id=\"4fd1a36\" data-element_type=\"section\">\n\t\t\t\t\t\t<div class=\"elementor-container elementor-column-gap-default\">\n\t\t\t\t\t<div class=\"elementor-column elementor-col-100 elementor-top-column elementor-element elementor-element-cdbd796\" data-id=\"cdbd796\" data-element_type=\"column\">\n\t\t\t<div class=\"elementor-widget-wrap elementor-element-populated\">\n\t\t\t\t\t\t<div class=\"elementor-element elementor-element-329d53a elementor-widget elementor-widget-spacer\" data-id=\"329d53a\" data-element_type=\"widget\" data-widget_type=\"spacer.default\">\n\t\t\t\t<div class=\"elementor-widget-container\">\n\t\t\t\t\t\t\t<div class=\"elementor-spacer\">\n\t\t\t<div class=\"elementor-spacer-inner\"><\/div>\n\t\t<\/div>\n\t\t\t\t\t\t<\/div>\n\t\t\t\t<\/div>\n\t\t\t\t<div class=\"elementor-element elementor-element-e58a380 elementor-widget elementor-widget-heading\" data-id=\"e58a380\" data-element_type=\"widget\" data-widget_type=\"heading.default\">\n\t\t\t\t<div class=\"elementor-widget-container\">\n\t\t\t\t\t<h1 class=\"elementor-heading-title elementor-size-default\"><b>Konflikte gemeinsam und friedlich l\u00f6sen<\/b><\/h1>\t\t\t\t<\/div>\n\t\t\t\t<\/div>\n\t\t\t\t\t<\/div>\n\t\t<\/div>\n\t\t\t\t\t<\/div>\n\t\t<\/section>\n\t\t\t\t<section class=\"elementor-section elementor-top-section elementor-element elementor-element-7961052 elementor-section-boxed elementor-section-height-default elementor-section-height-default wpr-particle-no wpr-jarallax-no wpr-parallax-no wpr-sticky-section-no\" data-id=\"7961052\" data-element_type=\"section\">\n\t\t\t\t\t\t<div class=\"elementor-container elementor-column-gap-default\">\n\t\t\t\t\t<div class=\"elementor-column elementor-col-100 elementor-top-column elementor-element elementor-element-b544eb1\" data-id=\"b544eb1\" data-element_type=\"column\">\n\t\t\t<div class=\"elementor-widget-wrap elementor-element-populated\">\n\t\t\t\t\t\t<div class=\"elementor-element elementor-element-11fe83f elementor-widget elementor-widget-text-editor\" data-id=\"11fe83f\" data-element_type=\"widget\" data-widget_type=\"text-editor.default\">\n\t\t\t\t<div class=\"elementor-widget-container\">\n\t\t\t\t\t\t\t\t\t<h2><br><\/h2>\n<div>Das Kollegium hat im Rahmen eines Studientages in Zusammenarbeit mit der Polizei und einem Experten das Ziel friedlicher Konfliktl\u00f6sung im Schulalltag intensiv bearbeitet und neben \u00dcbungen zum Sozialen Lernen f\u00fcr das Miteinander in der Schule auch ein 4-Schritte-Programm erarbeitet, das auch von Eltern umgesetzt werden kann und f\u00fcr uns ein gro\u00dfe Hilfe ist.<\/div>\n<div>N\u00e4here Informationen hierzu finden Sie in diesem Elternbrief:<br><\/div>\t\t\t\t\t\t\t\t<\/div>\n\t\t\t\t<\/div>\n\t\t\t\t<div class=\"elementor-element elementor-element-fa2fd76 elementor-widget elementor-widget-spacer\" data-id=\"fa2fd76\" data-element_type=\"widget\" data-widget_type=\"spacer.default\">\n\t\t\t\t<div class=\"elementor-widget-container\">\n\t\t\t\t\t\t\t<div class=\"elementor-spacer\">\n\t\t\t<div class=\"elementor-spacer-inner\"><\/div>\n\t\t<\/div>\n\t\t\t\t\t\t<\/div>\n\t\t\t\t<\/div>\n\t\t\t\t\t<\/div>\n\t\t<\/div>\n\t\t\t\t\t<\/div>\n\t\t<\/section>\n\t\t\t\t<section class=\"elementor-section elementor-top-section elementor-element elementor-element-2d106a0 elementor-section-boxed elementor-section-height-default elementor-section-height-default wpr-particle-no wpr-jarallax-no wpr-parallax-no wpr-sticky-section-no\" data-id=\"2d106a0\" data-element_type=\"section\">\n\t\t\t\t\t\t<div class=\"elementor-container elementor-column-gap-default\">\n\t\t\t\t\t<div class=\"elementor-column elementor-col-100 elementor-top-column elementor-element elementor-element-0e6c5f0\" data-id=\"0e6c5f0\" data-element_type=\"column\">\n\t\t\t<div class=\"elementor-widget-wrap elementor-element-populated\">\n\t\t\t\t\t\t<div class=\"elementor-element elementor-element-e423493 elementor-widget elementor-widget-pdf_viewer\" data-id=\"e423493\" data-element_type=\"widget\" data-widget_type=\"pdf_viewer.default\">\n\t\t\t\t<div class=\"elementor-widget-container\">\n\t\t\t\t\t<iframe src=\"https:\/\/docs.google.com\/viewer?url=https:\/\/www.mercator-gs.de\/buildingsite\/wp-content\/uploads\/2025\/09\/Plakat.pdf&amp;embedded=true\" style=\"display: block; margin-left: auto; margin-right: auto; width: 640px; height: 1020px;\" frameborder=\"1\" marginheight=\"0px\" marginwidth=\"0px\" allowfullscreen><\/iframe>\t\t\t\t<\/div>\n\t\t\t\t<\/div>\n\t\t\t\t\t<\/div>\n\t\t<\/div>\n\t\t\t\t\t<\/div>\n\t\t<\/section>\n\t\t\t\t<\/div>\n\t\t","protected":false},"excerpt":{"rendered":"<p>SOZIALES LERNEN &amp; GEWALTPR\u00c4VENTION WERDEN BEI UNS GROSS GESCHRIEBEN! Alle Sch\u00fcler:innen von Jahrgangsstufe 1-6 erhalten w\u00f6chentlichen Unterricht in \u201eSozialem Lernen\u201c. Dieser Unterricht wird sowohl in den Fachunterricht eingebunden, als auch gesondert vermittelt. Dieser gesonderte Unterricht findet durch besondere Veranstaltungen, Aktionen und Projekttage statt.Dabei erleben sich die Kinder als gemeinsame Gruppe und \u00fcben sich dadurch im sozialen Miteinander. Dies wird durch Spiele und Klassenprojekte erreicht.Jede Klasse richtet au\u00dferdem regelm\u00e4\u00dfig einen Klassenrat ein, wo gemeinsam L\u00f6sungen f\u00fcr Probleme gesucht werden.Ab Klasse 5 gibt es pro Woche zwei Stunden \u201eWuv\u201c-Unterricht, in welchem die Sch\u00fcler eigenst\u00e4ndig einen Klassenrat durchf\u00fchren und sich f\u00fcr ihr Klassenleben engagieren: sie planen Ausfl\u00fcge, sie organisieren ihr Klassenzimmer, sie stellen ihre eigenen Klassenregeln auf und sie helfen sich gegenseitig bei Problemen untereinander oder mit anderen.Zus\u00e4tzlich unterst\u00fctzten uns die Pr\u00e4ventionsbeauftragten der Polizei Frau M\u00fcller und Herr Jacob in unserer Arbeit zum Thema Gewaltpr\u00e4vention. Sie besuchen die Klassen regelm\u00e4\u00dfig und kl\u00e4ren die Kinder \u00fcber Gefahren auf und zeigen ihnen in Rollenspielen, wie man Konflikte l\u00f6sen kann oder ihnen von vorne herein aus dem Weg geht. Wir sind froh, dass wir den Kindern auf diese Weise vermitteln k\u00f6nnen, wie man ein gewaltfreien Umgang miteinander f\u00fchrt. Konflikte gemeinsam und friedlich l\u00f6sen Das Kollegium hat im Rahmen eines Studientages in Zusammenarbeit mit der Polizei und einem Experten das Ziel friedlicher Konfliktl\u00f6sung im Schulalltag intensiv bearbeitet und neben \u00dcbungen zum Sozialen Lernen f\u00fcr das Miteinander in der Schule auch ein 4-Schritte-Programm erarbeitet, das auch von Eltern umgesetzt werden kann und f\u00fcr uns ein gro\u00dfe Hilfe ist. N\u00e4here Informationen hierzu finden Sie in diesem Elternbrief:<\/p>\n","protected":false},"author":1,"featured_media":0,"parent":0,"menu_order":0,"comment_status":"closed","ping_status":"closed","template":"","meta":{"ocean_post_layout":"full-width","ocean_both_sidebars_style":"","ocean_both_sidebars_content_width":0,"ocean_both_sidebars_sidebars_width":0,"ocean_sidebar":"0","ocean_second_sidebar":"0","ocean_disable_margins":"on","ocean_add_body_class":"","ocean_shortcode_before_top_bar":"","ocean_shortcode_after_top_bar":"","ocean_shortcode_before_header":"","ocean_shortcode_after_header":"","ocean_has_shortcode":"","ocean_shortcode_after_title":"","ocean_shortcode_before_footer_widgets":"","ocean_shortcode_after_footer_widgets":"","ocean_shortcode_before_footer_bottom":"","ocean_shortcode_after_footer_bottom":"","ocean_display_top_bar":"off","ocean_display_header":"on","ocean_header_style":"transparent","ocean_center_header_left_menu":"0","ocean_custom_header_template":"0","ocean_custom_logo":0,"ocean_custom_retina_logo":0,"ocean_custom_logo_max_width":0,"ocean_custom_logo_tablet_max_width":0,"ocean_custom_logo_mobile_max_width":0,"ocean_custom_logo_max_height":0,"ocean_custom_logo_tablet_max_height":0,"ocean_custom_logo_mobile_max_height":0,"ocean_header_custom_menu":"0","ocean_menu_typo_font_family":"0","ocean_menu_typo_font_subset":"","ocean_menu_typo_font_size":0,"ocean_menu_typo_font_size_tablet":0,"ocean_menu_typo_font_size_mobile":0,"ocean_menu_typo_font_size_unit":"px","ocean_menu_typo_font_weight":"","ocean_menu_typo_font_weight_tablet":"","ocean_menu_typo_font_weight_mobile":"","ocean_menu_typo_transform":"","ocean_menu_typo_transform_tablet":"","ocean_menu_typo_transform_mobile":"","ocean_menu_typo_line_height":0,"ocean_menu_typo_line_height_tablet":0,"ocean_menu_typo_line_height_mobile":0,"ocean_menu_typo_line_height_unit":"","ocean_menu_typo_spacing":0,"ocean_menu_typo_spacing_tablet":0,"ocean_menu_typo_spacing_mobile":0,"ocean_menu_typo_spacing_unit":"","ocean_menu_link_color":"","ocean_menu_link_color_hover":"","ocean_menu_link_color_active":"","ocean_menu_link_background":"","ocean_menu_link_hover_background":"","ocean_menu_link_active_background":"","ocean_menu_social_links_bg":"","ocean_menu_social_hover_links_bg":"","ocean_menu_social_links_color":"","ocean_menu_social_hover_links_color":"","ocean_disable_title":"on","ocean_disable_heading":"default","ocean_post_title":"","ocean_post_subheading":"","ocean_post_title_style":"","ocean_post_title_background_color":"","ocean_post_title_background":0,"ocean_post_title_bg_image_position":"","ocean_post_title_bg_image_attachment":"","ocean_post_title_bg_image_repeat":"","ocean_post_title_bg_image_size":"","ocean_post_title_height":0,"ocean_post_title_bg_overlay":0.5,"ocean_post_title_bg_overlay_color":"","ocean_disable_breadcrumbs":"default","ocean_breadcrumbs_color":"","ocean_breadcrumbs_separator_color":"","ocean_breadcrumbs_links_color":"","ocean_breadcrumbs_links_hover_color":"","ocean_display_footer_widgets":"default","ocean_display_footer_bottom":"default","ocean_custom_footer_template":"0","footnotes":""},"class_list":["post-325","page","type-page","status-publish","hentry","entry"],"_links":{"self":[{"href":"https:\/\/www.mercator-gs.de\/buildingsite\/wp-json\/wp\/v2\/pages\/325","targetHints":{"allow":["GET"]}}],"collection":[{"href":"https:\/\/www.mercator-gs.de\/buildingsite\/wp-json\/wp\/v2\/pages"}],"about":[{"href":"https:\/\/www.mercator-gs.de\/buildingsite\/wp-json\/wp\/v2\/types\/page"}],"author":[{"embeddable":true,"href":"https:\/\/www.mercator-gs.de\/buildingsite\/wp-json\/wp\/v2\/users\/1"}],"replies":[{"embeddable":true,"href":"https:\/\/www.mercator-gs.de\/buildingsite\/wp-json\/wp\/v2\/comments?post=325"}],"version-history":[{"count":49,"href":"https:\/\/www.mercator-gs.de\/buildingsite\/wp-json\/wp\/v2\/pages\/325\/revisions"}],"predecessor-version":[{"id":2897,"href":"https:\/\/www.mercator-gs.de\/buildingsite\/wp-json\/wp\/v2\/pages\/325\/revisions\/2897"}],"wp:attachment":[{"href":"https:\/\/www.mercator-gs.de\/buildingsite\/wp-json\/wp\/v2\/media?parent=325"}],"curies":[{"name":"wp","href":"https:\/\/api.w.org\/{rel}","templated":true}]}}