{"id":323,"date":"2021-11-18T21:23:09","date_gmt":"2021-11-18T20:23:09","guid":{"rendered":"https:\/\/www.mercator-gs.de\/buildingsite\/?page_id=323"},"modified":"2025-09-28T21:58:25","modified_gmt":"2025-09-28T19:58:25","slug":"konfliktlozen","status":"publish","type":"page","link":"https:\/\/www.mercator-gs.de\/buildingsite\/konfliktlozen\/","title":{"rendered":"KONFLIKTLOTSEN"},"content":{"rendered":"\t\t<div data-elementor-type=\"wp-page\" data-elementor-id=\"323\" class=\"elementor elementor-323\">\n\t\t\t\t\t\t<section class=\"elementor-section elementor-top-section elementor-element elementor-element-adff937 elementor-section-boxed elementor-section-height-default elementor-section-height-default wpr-particle-no wpr-jarallax-no wpr-parallax-no wpr-sticky-section-no\" data-id=\"adff937\" data-element_type=\"section\">\n\t\t\t\t\t\t<div class=\"elementor-container elementor-column-gap-default\">\n\t\t\t\t\t<div class=\"elementor-column elementor-col-100 elementor-top-column elementor-element elementor-element-6ed379a\" data-id=\"6ed379a\" data-element_type=\"column\">\n\t\t\t<div class=\"elementor-widget-wrap elementor-element-populated\">\n\t\t\t\t\t\t<div class=\"elementor-element elementor-element-7ec1937 elementor-widget elementor-widget-spacer\" data-id=\"7ec1937\" data-element_type=\"widget\" data-widget_type=\"spacer.default\">\n\t\t\t\t<div class=\"elementor-widget-container\">\n\t\t\t\t\t\t\t<div class=\"elementor-spacer\">\n\t\t\t<div class=\"elementor-spacer-inner\"><\/div>\n\t\t<\/div>\n\t\t\t\t\t\t<\/div>\n\t\t\t\t<\/div>\n\t\t\t\t\t<\/div>\n\t\t<\/div>\n\t\t\t\t\t<\/div>\n\t\t<\/section>\n\t\t\t\t<section class=\"elementor-section elementor-top-section elementor-element elementor-element-1f9e1ce elementor-section-boxed elementor-section-height-default elementor-section-height-default wpr-particle-no wpr-jarallax-no wpr-parallax-no wpr-sticky-section-no\" data-id=\"1f9e1ce\" data-element_type=\"section\">\n\t\t\t\t\t\t<div class=\"elementor-container elementor-column-gap-default\">\n\t\t\t\t\t<div class=\"elementor-column elementor-col-100 elementor-top-column elementor-element elementor-element-2e783d8\" data-id=\"2e783d8\" data-element_type=\"column\">\n\t\t\t<div class=\"elementor-widget-wrap elementor-element-populated\">\n\t\t\t\t\t\t<div class=\"elementor-element elementor-element-21d695a elementor-widget elementor-widget-text-editor\" data-id=\"21d695a\" data-element_type=\"widget\" data-widget_type=\"text-editor.default\">\n\t\t\t\t<div class=\"elementor-widget-container\">\n\t\t\t\t\t\t\t\t\t<h1 style=\"text-align: center;\"><strong><span style=\"color: #0046a8;\"><u>Konfliktlots:innen<\/u><\/span><\/strong><\/h1>\t\t\t\t\t\t\t\t<\/div>\n\t\t\t\t<\/div>\n\t\t\t\t\t<\/div>\n\t\t<\/div>\n\t\t\t\t\t<\/div>\n\t\t<\/section>\n\t\t\t\t<section class=\"elementor-section elementor-top-section elementor-element elementor-element-eca00cd elementor-section-boxed elementor-section-height-default elementor-section-height-default wpr-particle-no wpr-jarallax-no wpr-parallax-no wpr-sticky-section-no\" data-id=\"eca00cd\" data-element_type=\"section\">\n\t\t\t\t\t\t<div class=\"elementor-container elementor-column-gap-default\">\n\t\t\t\t\t<div class=\"elementor-column elementor-col-100 elementor-top-column elementor-element elementor-element-7c5c4c3\" data-id=\"7c5c4c3\" data-element_type=\"column\">\n\t\t\t<div class=\"elementor-widget-wrap elementor-element-populated\">\n\t\t\t\t\t\t<div class=\"elementor-element elementor-element-70a5556 elementor-widget elementor-widget-text-editor\" data-id=\"70a5556\" data-element_type=\"widget\" data-widget_type=\"text-editor.default\">\n\t\t\t\t<div class=\"elementor-widget-container\">\n\t\t\t\t\t\t\t\t\t<h1 class=\"yiv7300050908s3\"><span style=\"font-size: 18px; color: #0046a8;\">Die\u00a0Konfliktlots:innen\u00a0sind seit 2000 ein wichtiger Teil des Schullebens der Mercator-Grundschule. Mit\u00a0ihrem Verzicht auf Gewalt in der Auseinandersetzung mit anderen sind sie ein positives Beispiel f\u00fcr den Umgang miteinander f\u00fcr alle Sch\u00fcler und Sch\u00fclerinnen der Schule und tragen damit und mit ihrem Hofdienst zum friedlichen Miteinander in unserer Schulgemeinschaft bei.<\/span><\/h1><p class=\"yiv7300050908s4\">Seit dem Schuljahr 2023\/24 wurde die Organisation der\u00a0Konfliktlots:innen-Ausbildung in einer Arbeitsgemeinschaft zugunsten der Integration in den\u00a0Wahlpflichtunterricht der 5. und 6. Klassen aufgegeben, da es zunehmend schwieriger wurde, gen\u00fcgend Sch\u00fcler und Sch\u00fclerinnen f\u00fcr die Teilnahme an einer Konfliktlotsen-AG zu finden.\u00a0Nun werden unsere\u00a0Konfliktlots:innen\u00a0in einer w\u00f6chentlichen Unterrichtsstunde und in vier \u00fcber das Schuljahr verteilten zus\u00e4tzlichen Projekttagen nach dem\u00a0Berliner Konfliktlotsenmodell (angelehnt an den\u00a0Standards der Ausbildungsrichtlinien des Bundesverbandes Mediation) in mindestens 40 Stunden ausgebildet und erhalten am Ende\u00a0eines Schuljahres ihr Zertifikat \u00fcber die absolvierte Ausbildung.<\/p><p class=\"yiv7300050908s4\">Themen in der Ausbildung sind:<\/p><div class=\"yiv7300050908s6\"><span class=\"yiv7300050908s5\">&#8211;\u00a0<\/span>Wir werden eine Gruppe<\/div><div class=\"yiv7300050908s6\"><span class=\"yiv7300050908s5\">&#8211;\u00a0<\/span>Rollenkl\u00e4rung der\u00a0Konfliktlots:Innen<\/div><div class=\"yiv7300050908s6\"><span class=\"yiv7300050908s5\">&#8211;\u00a0<\/span>Streiten, aber wie? Konflikte sind normal<\/div><div class=\"yiv7300050908s6\"><span class=\"yiv7300050908s5\">&#8211;\u00a0<\/span>Intervention und Deeskalation: Vorbereitung auf den Hofdienst<\/div><div class=\"yiv7300050908s6\"><span class=\"yiv7300050908s5\">&#8211;\u00a0<\/span>Ich- und Du-Botschaften<\/div><div class=\"yiv7300050908s6\"><span class=\"yiv7300050908s5\">&#8211;\u00a0<\/span>Gewaltfreie Kommunikation (nach M. Rosenberg)<\/div><div class=\"yiv7300050908s6\"><span class=\"yiv7300050908s5\">&#8211;\u00a0<\/span>Mediationsprozess: Die f\u00fcnf Phasen der Mediation<\/div><p class=\"yiv7300050908s4\">Zus\u00e4tzlich zum theoretischen Teil versehen die\u00a0Konfliktlots:innen\u00a0ihren Dienst auf dem Schulhof, wo sie in mindestens einer Pause pro Woche tr\u00f6sten, vermitteln und deeskalieren, wenn\u00a0andere\u00a0Sch\u00fcler und Sch\u00fclerinnen in Streit geraten.<\/p><p class=\"yiv7300050908s4\">Ziel der Ausbildung ist es, die Kinder daf\u00fcr zu sensibilisieren, dass Konflikte zum\u00a0Leben dazu geh\u00f6ren, dass es aber durchaus darauf ankommt, wie sie ausgetragen werden. Sie\u00a0lernen Techniken der Deeskalation und den Umgang mit Gef\u00fchlen. Mit den Ich-Botschaften und der gewaltfreien Kommunikation lernen sie Wege kennen, wie die eigenen Interessen gewaltfrei vertreten werden k\u00f6nnen. Sie \u00fcben durch Gespr\u00e4chstechniken wie z.B. aktives Zuh\u00f6ren, Spiegeln, Framing Kommunikationsm\u00f6glichkeiten, die auf den Dialog mit dem Gegen\u00fcber zielen und ein besseres gegenseitiges Verst\u00e4ndnis erm\u00f6glichen. Wenn die Sch\u00fcler und Sch\u00fclerinnen verstehen, dass jeder Streit auf negativen Gef\u00fchlen und damit auf unerf\u00fcllten Bed\u00fcrfnissen beruht, dann sind sie eher in der Lage, den Grund des Streits oder Konfliktes zu sehen, ihre Bed\u00fcrfnisse angemessen zu formulieren oder auch die Bed\u00fcrfnisse des Gegen\u00fcbers zu verstehen und eine gemeinsame L\u00f6sung zu finden. Ein weiterer Schritt in Richtung friedlichem Miteinander ist\u00a0dann\u00a0gemacht. Davon profitieren die\u00a0Konfliktlots:innen\u00a0ganz pers\u00f6nlich, aber auch\u00a0die Schulgemeinschaft der Mercator-Grundschule.<\/p>\t\t\t\t\t\t\t\t<\/div>\n\t\t\t\t<\/div>\n\t\t\t\t\t<\/div>\n\t\t<\/div>\n\t\t\t\t\t<\/div>\n\t\t<\/section>\n\t\t\t\t<\/div>\n\t\t","protected":false},"excerpt":{"rendered":"<p>Konfliktlots:innen Die\u00a0Konfliktlots:innen\u00a0sind seit 2000 ein wichtiger Teil des Schullebens der Mercator-Grundschule. Mit\u00a0ihrem Verzicht auf Gewalt in der Auseinandersetzung mit anderen sind sie ein positives Beispiel f\u00fcr den Umgang miteinander f\u00fcr alle Sch\u00fcler und Sch\u00fclerinnen der Schule und tragen damit und mit ihrem Hofdienst zum friedlichen Miteinander in unserer Schulgemeinschaft bei. Seit dem Schuljahr 2023\/24 wurde die Organisation der\u00a0Konfliktlots:innen-Ausbildung in einer Arbeitsgemeinschaft zugunsten der Integration in den\u00a0Wahlpflichtunterricht der 5. und 6. Klassen aufgegeben, da es zunehmend schwieriger wurde, gen\u00fcgend Sch\u00fcler und Sch\u00fclerinnen f\u00fcr die Teilnahme an einer Konfliktlotsen-AG zu finden.\u00a0Nun werden unsere\u00a0Konfliktlots:innen\u00a0in einer w\u00f6chentlichen Unterrichtsstunde und in vier \u00fcber das Schuljahr verteilten zus\u00e4tzlichen Projekttagen nach dem\u00a0Berliner Konfliktlotsenmodell (angelehnt an den\u00a0Standards der Ausbildungsrichtlinien des Bundesverbandes Mediation) in mindestens 40 Stunden ausgebildet und erhalten am Ende\u00a0eines Schuljahres ihr Zertifikat \u00fcber die absolvierte Ausbildung. Themen in der Ausbildung sind: &#8211;\u00a0Wir werden eine Gruppe-\u00a0Rollenkl\u00e4rung der\u00a0Konfliktlots:Innen-\u00a0Streiten, aber wie? Konflikte sind normal-\u00a0Intervention und Deeskalation: Vorbereitung auf den Hofdienst-\u00a0Ich- und Du-Botschaften-\u00a0Gewaltfreie Kommunikation (nach M. Rosenberg)-\u00a0Mediationsprozess: Die f\u00fcnf Phasen der Mediation Zus\u00e4tzlich zum theoretischen Teil versehen die\u00a0Konfliktlots:innen\u00a0ihren Dienst auf dem Schulhof, wo sie in mindestens einer Pause pro Woche tr\u00f6sten, vermitteln und deeskalieren, wenn\u00a0andere\u00a0Sch\u00fcler und Sch\u00fclerinnen in Streit geraten. Ziel der Ausbildung ist es, die Kinder daf\u00fcr zu sensibilisieren, dass Konflikte zum\u00a0Leben dazu geh\u00f6ren, dass es aber durchaus darauf ankommt, wie sie ausgetragen werden. Sie\u00a0lernen Techniken der Deeskalation und den Umgang mit Gef\u00fchlen. Mit den Ich-Botschaften und der gewaltfreien Kommunikation lernen sie Wege kennen, wie die eigenen Interessen gewaltfrei vertreten werden k\u00f6nnen. Sie \u00fcben durch Gespr\u00e4chstechniken wie z.B. aktives Zuh\u00f6ren, Spiegeln, Framing Kommunikationsm\u00f6glichkeiten, die auf den Dialog mit dem Gegen\u00fcber zielen und ein besseres gegenseitiges Verst\u00e4ndnis erm\u00f6glichen. Wenn die Sch\u00fcler und Sch\u00fclerinnen verstehen, dass jeder Streit auf negativen Gef\u00fchlen und damit auf unerf\u00fcllten Bed\u00fcrfnissen beruht, dann sind sie eher in der Lage, den Grund des Streits oder Konfliktes zu sehen, ihre Bed\u00fcrfnisse angemessen zu formulieren oder auch die Bed\u00fcrfnisse des Gegen\u00fcbers zu verstehen und eine gemeinsame L\u00f6sung zu finden. Ein weiterer Schritt in Richtung friedlichem Miteinander ist\u00a0dann\u00a0gemacht. Davon profitieren die\u00a0Konfliktlots:innen\u00a0ganz pers\u00f6nlich, aber auch\u00a0die Schulgemeinschaft der Mercator-Grundschule.<\/p>\n","protected":false},"author":1,"featured_media":0,"parent":0,"menu_order":0,"comment_status":"closed","ping_status":"closed","template":"","meta":{"ocean_post_layout":"full-width","ocean_both_sidebars_style":"","ocean_both_sidebars_content_width":0,"ocean_both_sidebars_sidebars_width":0,"ocean_sidebar":"0","ocean_second_sidebar":"0","ocean_disable_margins":"on","ocean_add_body_class":"","ocean_shortcode_before_top_bar":"","ocean_shortcode_after_top_bar":"","ocean_shortcode_before_header":"","ocean_shortcode_after_header":"","ocean_has_shortcode":"","ocean_shortcode_after_title":"","ocean_shortcode_before_footer_widgets":"","ocean_shortcode_after_footer_widgets":"","ocean_shortcode_before_footer_bottom":"","ocean_shortcode_after_footer_bottom":"","ocean_display_top_bar":"off","ocean_display_header":"on","ocean_header_style":"transparent","ocean_center_header_left_menu":"0","ocean_custom_header_template":"0","ocean_custom_logo":0,"ocean_custom_retina_logo":0,"ocean_custom_logo_max_width":0,"ocean_custom_logo_tablet_max_width":0,"ocean_custom_logo_mobile_max_width":0,"ocean_custom_logo_max_height":0,"ocean_custom_logo_tablet_max_height":0,"ocean_custom_logo_mobile_max_height":0,"ocean_header_custom_menu":"0","ocean_menu_typo_font_family":"0","ocean_menu_typo_font_subset":"","ocean_menu_typo_font_size":0,"ocean_menu_typo_font_size_tablet":0,"ocean_menu_typo_font_size_mobile":0,"ocean_menu_typo_font_size_unit":"px","ocean_menu_typo_font_weight":"","ocean_menu_typo_font_weight_tablet":"","ocean_menu_typo_font_weight_mobile":"","ocean_menu_typo_transform":"","ocean_menu_typo_transform_tablet":"","ocean_menu_typo_transform_mobile":"","ocean_menu_typo_line_height":0,"ocean_menu_typo_line_height_tablet":0,"ocean_menu_typo_line_height_mobile":0,"ocean_menu_typo_line_height_unit":"","ocean_menu_typo_spacing":0,"ocean_menu_typo_spacing_tablet":0,"ocean_menu_typo_spacing_mobile":0,"ocean_menu_typo_spacing_unit":"","ocean_menu_link_color":"","ocean_menu_link_color_hover":"","ocean_menu_link_color_active":"","ocean_menu_link_background":"","ocean_menu_link_hover_background":"","ocean_menu_link_active_background":"","ocean_menu_social_links_bg":"","ocean_menu_social_hover_links_bg":"","ocean_menu_social_links_color":"","ocean_menu_social_hover_links_color":"","ocean_disable_title":"on","ocean_disable_heading":"default","ocean_post_title":"","ocean_post_subheading":"","ocean_post_title_style":"","ocean_post_title_background_color":"","ocean_post_title_background":0,"ocean_post_title_bg_image_position":"","ocean_post_title_bg_image_attachment":"","ocean_post_title_bg_image_repeat":"","ocean_post_title_bg_image_size":"","ocean_post_title_height":0,"ocean_post_title_bg_overlay":0.5,"ocean_post_title_bg_overlay_color":"","ocean_disable_breadcrumbs":"default","ocean_breadcrumbs_color":"","ocean_breadcrumbs_separator_color":"","ocean_breadcrumbs_links_color":"","ocean_breadcrumbs_links_hover_color":"","ocean_display_footer_widgets":"default","ocean_display_footer_bottom":"default","ocean_custom_footer_template":"0","footnotes":""},"class_list":["post-323","page","type-page","status-publish","hentry","entry"],"_links":{"self":[{"href":"https:\/\/www.mercator-gs.de\/buildingsite\/wp-json\/wp\/v2\/pages\/323","targetHints":{"allow":["GET"]}}],"collection":[{"href":"https:\/\/www.mercator-gs.de\/buildingsite\/wp-json\/wp\/v2\/pages"}],"about":[{"href":"https:\/\/www.mercator-gs.de\/buildingsite\/wp-json\/wp\/v2\/types\/page"}],"author":[{"embeddable":true,"href":"https:\/\/www.mercator-gs.de\/buildingsite\/wp-json\/wp\/v2\/users\/1"}],"replies":[{"embeddable":true,"href":"https:\/\/www.mercator-gs.de\/buildingsite\/wp-json\/wp\/v2\/comments?post=323"}],"version-history":[{"count":29,"href":"https:\/\/www.mercator-gs.de\/buildingsite\/wp-json\/wp\/v2\/pages\/323\/revisions"}],"predecessor-version":[{"id":2798,"href":"https:\/\/www.mercator-gs.de\/buildingsite\/wp-json\/wp\/v2\/pages\/323\/revisions\/2798"}],"wp:attachment":[{"href":"https:\/\/www.mercator-gs.de\/buildingsite\/wp-json\/wp\/v2\/media?parent=323"}],"curies":[{"name":"wp","href":"https:\/\/api.w.org\/{rel}","templated":true}]}}