{"id":322,"date":"2021-11-18T21:23:09","date_gmt":"2021-11-18T20:23:09","guid":{"rendered":"https:\/\/www.mercator-gs.de\/buildingsite\/?page_id=322"},"modified":"2025-10-04T21:01:31","modified_gmt":"2025-10-04T19:01:31","slug":"uebergangsklasse","status":"publish","type":"page","link":"https:\/\/www.mercator-gs.de\/buildingsite\/uebergangsklasse\/","title":{"rendered":"\u00dcBERGANGSKLASSE"},"content":{"rendered":"\t\t<div data-elementor-type=\"wp-page\" data-elementor-id=\"322\" class=\"elementor elementor-322\">\n\t\t\t\t\t\t<section class=\"elementor-section elementor-top-section elementor-element elementor-element-697252b elementor-section-boxed elementor-section-height-default elementor-section-height-default wpr-particle-no wpr-jarallax-no wpr-parallax-no wpr-sticky-section-no\" data-id=\"697252b\" data-element_type=\"section\">\n\t\t\t\t\t\t<div class=\"elementor-container elementor-column-gap-default\">\n\t\t\t\t\t<div class=\"elementor-column elementor-col-100 elementor-top-column elementor-element elementor-element-0bf2a6f\" data-id=\"0bf2a6f\" data-element_type=\"column\">\n\t\t\t<div class=\"elementor-widget-wrap elementor-element-populated\">\n\t\t\t\t\t\t<div class=\"elementor-element elementor-element-b225a5a elementor-widget elementor-widget-spacer\" data-id=\"b225a5a\" data-element_type=\"widget\" data-widget_type=\"spacer.default\">\n\t\t\t\t<div class=\"elementor-widget-container\">\n\t\t\t\t\t\t\t<div class=\"elementor-spacer\">\n\t\t\t<div class=\"elementor-spacer-inner\"><\/div>\n\t\t<\/div>\n\t\t\t\t\t\t<\/div>\n\t\t\t\t<\/div>\n\t\t\t\t\t<\/div>\n\t\t<\/div>\n\t\t\t\t\t<\/div>\n\t\t<\/section>\n\t\t\t\t<section class=\"elementor-section elementor-top-section elementor-element elementor-element-d70964d elementor-section-boxed elementor-section-height-default elementor-section-height-default wpr-particle-no wpr-jarallax-no wpr-parallax-no wpr-sticky-section-no\" data-id=\"d70964d\" data-element_type=\"section\">\n\t\t\t\t\t\t<div class=\"elementor-container elementor-column-gap-default\">\n\t\t\t\t\t<div class=\"elementor-column elementor-col-100 elementor-top-column elementor-element elementor-element-dd87b37\" data-id=\"dd87b37\" data-element_type=\"column\">\n\t\t\t<div class=\"elementor-widget-wrap elementor-element-populated\">\n\t\t\t\t\t\t<div class=\"elementor-element elementor-element-3874a86 elementor-widget elementor-widget-text-editor\" data-id=\"3874a86\" data-element_type=\"widget\" data-widget_type=\"text-editor.default\">\n\t\t\t\t<div class=\"elementor-widget-container\">\n\t\t\t\t\t\t\t\t\t<h2 style=\"margin-bottom: 0px; font-style: normal; font-variant-ligatures: normal; font-variant-caps: normal; font-size: 2.6em; line-height: 1em; font-family: 'Indie Flower', cursive; color: #0046a8; text-transform: uppercase;\">DIE \u00dcBERGANGSKLASSE<\/h2>\t\t\t\t\t\t\t\t<\/div>\n\t\t\t\t<\/div>\n\t\t\t\t\t<\/div>\n\t\t<\/div>\n\t\t\t\t\t<\/div>\n\t\t<\/section>\n\t\t\t\t<section class=\"elementor-section elementor-top-section elementor-element elementor-element-f8dabe3 elementor-section-boxed elementor-section-height-default elementor-section-height-default wpr-particle-no wpr-jarallax-no wpr-parallax-no wpr-sticky-section-no\" data-id=\"f8dabe3\" data-element_type=\"section\">\n\t\t\t\t\t\t<div class=\"elementor-container elementor-column-gap-default\">\n\t\t\t\t\t<div class=\"elementor-column elementor-col-100 elementor-top-column elementor-element elementor-element-5d24813\" data-id=\"5d24813\" data-element_type=\"column\">\n\t\t\t<div class=\"elementor-widget-wrap elementor-element-populated\">\n\t\t\t\t\t\t<div class=\"elementor-element elementor-element-0f92e75 elementor-widget elementor-widget-text-editor\" data-id=\"0f92e75\" data-element_type=\"widget\" data-widget_type=\"text-editor.default\">\n\t\t\t\t<div class=\"elementor-widget-container\">\n\t\t\t\t\t\t\t\t\t<p><span style=\"color: #0046a8; font-family: Cambria, sans-serif; font-size: 17.6px; font-style: normal; font-variant-ligatures: normal; font-variant-caps: normal; font-weight: 300;\">Manchmal f\u00e4llt es Kindern schwer sich in der Klasse zu konzentrieren, sich nicht ablenken zu lassen, aufmerksam zu sein und Freude am Lernen zu entwickeln.<\/span><br style=\"color: #0046a8; font-family: Cambria, sans-serif; font-size: 17.6px;\" \/><br style=\"color: #0046a8; font-family: Cambria, sans-serif; font-size: 17.6px;\" \/><span style=\"color: #0046a8; font-family: Cambria, sans-serif; font-size: 17.6px; font-style: normal; font-variant-ligatures: normal; font-variant-caps: normal; font-weight: 300;\">Zun\u00e4chst versuchen die Lehrkr\u00e4fte mit F\u00f6rderma\u00dfnahmen den Kindern zu helfen und sie zu unterst\u00fctzen, so dass sie in der Klasse Fortschritte machen. Manchmal werden auch kleine Lernb\u00fcros im Klassenraum eingerichtet oder besondere Materialien eingesetzt. Manchmal brauchen Kinder aber auch mehr als das.<\/span><br style=\"color: #0046a8; font-family: Cambria, sans-serif; font-size: 17.6px;\" \/><br style=\"color: #0046a8; font-family: Cambria, sans-serif; font-size: 17.6px;\" \/><span style=\"color: #0046a8; font-family: Cambria, sans-serif; font-size: 17.6px; font-style: normal; font-variant-ligatures: normal; font-variant-caps: normal; font-weight: 300;\">In der \u00dcbergangsklasse (\u00dcK) lernen 4-6 Kinder verschiedener Jahrgangsstufen in einem besonders ausgestatteten Raum in\u00a0<\/span><span style=\"font-style: normal; font-variant-ligatures: normal; font-variant-caps: normal; font-weight: bold; font-size: 17.6px; font-family: Cambria, sans-serif; color: #0046a8;\">zwei Stunden t\u00e4glich, an vier Tagen in der Woche<\/span><span style=\"color: #0046a8; font-family: Cambria, sans-serif; font-size: 17.6px; font-style: normal; font-variant-ligatures: normal; font-variant-caps: normal; font-weight: 300;\">. Sie werden hier von einer Sonderp\u00e4dagogin und einem Ergotherapeuten\/ Verhaltenstrainer unterrichtet und begleitet. Es gibt dabei eine enge Zusammenarbeit mit den Eltern und den LehrerInnen der Klassen.<\/span><\/p>\t\t\t\t\t\t\t\t<\/div>\n\t\t\t\t<\/div>\n\t\t\t\t\t<\/div>\n\t\t<\/div>\n\t\t\t\t\t<\/div>\n\t\t<\/section>\n\t\t\t\t<section class=\"elementor-section elementor-top-section elementor-element elementor-element-85a8e3a elementor-section-boxed elementor-section-height-default elementor-section-height-default wpr-particle-no wpr-jarallax-no wpr-parallax-no wpr-sticky-section-no\" data-id=\"85a8e3a\" data-element_type=\"section\">\n\t\t\t\t\t\t<div class=\"elementor-container elementor-column-gap-default\">\n\t\t\t\t\t<div class=\"elementor-column elementor-col-100 elementor-top-column elementor-element elementor-element-94350a3\" data-id=\"94350a3\" data-element_type=\"column\">\n\t\t\t<div class=\"elementor-widget-wrap elementor-element-populated\">\n\t\t\t\t\t\t<div class=\"elementor-element elementor-element-84b4792 elementor-widget elementor-widget-image\" data-id=\"84b4792\" data-element_type=\"widget\" data-widget_type=\"image.default\">\n\t\t\t\t<div class=\"elementor-widget-container\">\n\t\t\t\t\t\t\t\t\t\t\t\t\t\t\t<img fetchpriority=\"high\" decoding=\"async\" width=\"768\" height=\"432\" src=\"https:\/\/www.mercator-gs.de\/buildingsite\/wp-content\/uploads\/2021\/11\/Spielplan-768x432.jpg\" class=\"attachment-medium_large size-medium_large wp-image-101\" alt=\"\" srcset=\"https:\/\/www.mercator-gs.de\/buildingsite\/wp-content\/uploads\/2021\/11\/Spielplan-768x432.jpg 768w, https:\/\/www.mercator-gs.de\/buildingsite\/wp-content\/uploads\/2021\/11\/Spielplan-300x169.jpg 300w, https:\/\/www.mercator-gs.de\/buildingsite\/wp-content\/uploads\/2021\/11\/Spielplan-1024x576.jpg 1024w, https:\/\/www.mercator-gs.de\/buildingsite\/wp-content\/uploads\/2021\/11\/Spielplan.jpg 1200w\" sizes=\"(max-width: 768px) 100vw, 768px\" \/>\t\t\t\t\t\t\t\t\t\t\t\t\t\t\t<\/div>\n\t\t\t\t<\/div>\n\t\t\t\t\t<\/div>\n\t\t<\/div>\n\t\t\t\t\t<\/div>\n\t\t<\/section>\n\t\t\t\t<section class=\"elementor-section elementor-top-section elementor-element elementor-element-822d8a3 elementor-section-boxed elementor-section-height-default elementor-section-height-default wpr-particle-no wpr-jarallax-no wpr-parallax-no wpr-sticky-section-no\" data-id=\"822d8a3\" data-element_type=\"section\">\n\t\t\t\t\t\t<div class=\"elementor-container elementor-column-gap-default\">\n\t\t\t\t\t<div class=\"elementor-column elementor-col-100 elementor-top-column elementor-element elementor-element-99016eb\" data-id=\"99016eb\" data-element_type=\"column\">\n\t\t\t<div class=\"elementor-widget-wrap elementor-element-populated\">\n\t\t\t\t\t\t<div class=\"elementor-element elementor-element-0614463 elementor-widget elementor-widget-text-editor\" data-id=\"0614463\" data-element_type=\"widget\" data-widget_type=\"text-editor.default\">\n\t\t\t\t<div class=\"elementor-widget-container\">\n\t\t\t\t\t\t\t\t\t<p><span style=\"color: #0046a8; font-family: Cambria, sans-serif; font-size: 17.6px; font-style: normal; font-variant-ligatures: normal; font-variant-caps: normal; font-weight: 300;\">(\u00dcbersicht \u00fcber Spielplan)<\/span><\/p>\t\t\t\t\t\t\t\t<\/div>\n\t\t\t\t<\/div>\n\t\t\t\t\t<\/div>\n\t\t<\/div>\n\t\t\t\t\t<\/div>\n\t\t<\/section>\n\t\t\t\t<section class=\"elementor-section elementor-top-section elementor-element elementor-element-abee446 elementor-section-boxed elementor-section-height-default elementor-section-height-default wpr-particle-no wpr-jarallax-no wpr-parallax-no wpr-sticky-section-no\" data-id=\"abee446\" data-element_type=\"section\">\n\t\t\t\t\t\t<div class=\"elementor-container elementor-column-gap-default\">\n\t\t\t\t\t<div class=\"elementor-column elementor-col-100 elementor-top-column elementor-element elementor-element-1316317\" data-id=\"1316317\" data-element_type=\"column\">\n\t\t\t<div class=\"elementor-widget-wrap elementor-element-populated\">\n\t\t\t\t\t\t<div class=\"elementor-element elementor-element-ccb2f2e elementor-widget elementor-widget-text-editor\" data-id=\"ccb2f2e\" data-element_type=\"widget\" data-widget_type=\"text-editor.default\">\n\t\t\t\t<div class=\"elementor-widget-container\">\n\t\t\t\t\t\t\t\t\t<p><span style=\"color: #0046a8; font-family: Cambria, sans-serif; font-size: 17.6px; font-style: normal; font-variant-ligatures: normal; font-variant-caps: normal; font-weight: 300;\">In der \u00dcbergangsklasse machen die Kinder oft v\u00f6llig neue und wertvolle Erfahrungen in der Gruppe und beim Lernen \u2013 sie haben schneller Erfolgserlebnisse \u2013 und trainieren selbstgesteckte Ziele mithilfe der\u00a0<\/span><span style=\"font-style: normal; font-variant-ligatures: normal; font-variant-caps: normal; font-weight: bold; font-size: 17.6px; font-family: Cambria, sans-serif; color: #0046a8;\">\u201eVerhaltenssonne\u201c<\/span><span style=\"color: #0046a8; font-family: Cambria, sans-serif; font-size: 17.6px; font-style: normal; font-variant-ligatures: normal; font-variant-caps: normal; font-weight: 300;\">.<\/span><\/p>\t\t\t\t\t\t\t\t<\/div>\n\t\t\t\t<\/div>\n\t\t\t\t\t<\/div>\n\t\t<\/div>\n\t\t\t\t\t<\/div>\n\t\t<\/section>\n\t\t\t\t<section class=\"elementor-section elementor-top-section elementor-element elementor-element-733b515 elementor-section-boxed elementor-section-height-default elementor-section-height-default wpr-particle-no wpr-jarallax-no wpr-parallax-no wpr-sticky-section-no\" data-id=\"733b515\" data-element_type=\"section\">\n\t\t\t\t\t\t<div class=\"elementor-container elementor-column-gap-default\">\n\t\t\t\t\t<div class=\"elementor-column elementor-col-100 elementor-top-column elementor-element elementor-element-f933ea8\" data-id=\"f933ea8\" data-element_type=\"column\">\n\t\t\t<div class=\"elementor-widget-wrap elementor-element-populated\">\n\t\t\t\t\t\t<div class=\"elementor-element elementor-element-7e1b93e elementor-widget elementor-widget-image\" data-id=\"7e1b93e\" data-element_type=\"widget\" data-widget_type=\"image.default\">\n\t\t\t\t<div class=\"elementor-widget-container\">\n\t\t\t\t\t\t\t\t\t\t\t\t\t\t\t<img decoding=\"async\" width=\"768\" height=\"432\" src=\"https:\/\/www.mercator-gs.de\/buildingsite\/wp-content\/uploads\/2021\/11\/Verhaltenssonne-768x432.jpg\" class=\"attachment-medium_large size-medium_large wp-image-105\" alt=\"\" srcset=\"https:\/\/www.mercator-gs.de\/buildingsite\/wp-content\/uploads\/2021\/11\/Verhaltenssonne-768x432.jpg 768w, https:\/\/www.mercator-gs.de\/buildingsite\/wp-content\/uploads\/2021\/11\/Verhaltenssonne-300x169.jpg 300w, https:\/\/www.mercator-gs.de\/buildingsite\/wp-content\/uploads\/2021\/11\/Verhaltenssonne-1024x576.jpg 1024w, https:\/\/www.mercator-gs.de\/buildingsite\/wp-content\/uploads\/2021\/11\/Verhaltenssonne.jpg 1200w\" sizes=\"(max-width: 768px) 100vw, 768px\" \/>\t\t\t\t\t\t\t\t\t\t\t\t\t\t\t<\/div>\n\t\t\t\t<\/div>\n\t\t\t\t\t<\/div>\n\t\t<\/div>\n\t\t\t\t\t<\/div>\n\t\t<\/section>\n\t\t\t\t<section class=\"elementor-section elementor-top-section elementor-element elementor-element-ee3cf75 elementor-section-boxed elementor-section-height-default elementor-section-height-default wpr-particle-no wpr-jarallax-no wpr-parallax-no wpr-sticky-section-no\" data-id=\"ee3cf75\" data-element_type=\"section\">\n\t\t\t\t\t\t<div class=\"elementor-container elementor-column-gap-default\">\n\t\t\t\t\t<div class=\"elementor-column elementor-col-100 elementor-top-column elementor-element elementor-element-ca77477\" data-id=\"ca77477\" data-element_type=\"column\">\n\t\t\t<div class=\"elementor-widget-wrap elementor-element-populated\">\n\t\t\t\t\t\t<div class=\"elementor-element elementor-element-4d4e76d elementor-widget elementor-widget-text-editor\" data-id=\"4d4e76d\" data-element_type=\"widget\" data-widget_type=\"text-editor.default\">\n\t\t\t\t<div class=\"elementor-widget-container\">\n\t\t\t\t\t\t\t\t\t<p><span style=\"color: #0046a8; font-family: Cambria, sans-serif; font-size: 17.6px; font-style: normal; font-variant-ligatures: normal; font-variant-caps: normal; font-weight: 300;\">(Verhaltenssonne)<\/span><\/p>\t\t\t\t\t\t\t\t<\/div>\n\t\t\t\t<\/div>\n\t\t\t\t\t<\/div>\n\t\t<\/div>\n\t\t\t\t\t<\/div>\n\t\t<\/section>\n\t\t\t\t<section class=\"elementor-section elementor-top-section elementor-element elementor-element-a04fb6d elementor-section-boxed elementor-section-height-default elementor-section-height-default wpr-particle-no wpr-jarallax-no wpr-parallax-no wpr-sticky-section-no\" data-id=\"a04fb6d\" data-element_type=\"section\">\n\t\t\t\t\t\t<div class=\"elementor-container elementor-column-gap-default\">\n\t\t\t\t\t<div class=\"elementor-column elementor-col-100 elementor-top-column elementor-element elementor-element-fcc560d\" data-id=\"fcc560d\" data-element_type=\"column\">\n\t\t\t<div class=\"elementor-widget-wrap elementor-element-populated\">\n\t\t\t\t\t\t<div class=\"elementor-element elementor-element-d977a50 elementor-widget elementor-widget-text-editor\" data-id=\"d977a50\" data-element_type=\"widget\" data-widget_type=\"text-editor.default\">\n\t\t\t\t<div class=\"elementor-widget-container\">\n\t\t\t\t\t\t\t\t\t<p><span style=\"color: #0046a8; font-family: Cambria, sans-serif; font-size: 17.6px; font-style: normal; font-variant-ligatures: normal; font-variant-caps: normal; font-weight: 300;\">Dabei wird auf eine gute Beziehung untereinander und gezieltes Loben geachtet. Die Kinder lernen auch schrittweise den Aufbau einer\u00a0<\/span><span style=\"font-style: normal; font-variant-ligatures: normal; font-variant-caps: normal; font-weight: bold; font-size: 17.6px; font-family: Cambria, sans-serif; color: #0046a8;\">positiven Eigensteuerung<\/span><span style=\"color: #0046a8; font-family: Cambria, sans-serif; font-size: 17.6px; font-style: normal; font-variant-ligatures: normal; font-variant-caps: normal; font-weight: 300;\">, mit der sie Herausforderungen im Schulalltag und in anderen Lebensbereichen besser meistern k\u00f6nnen.<\/span><\/p>\t\t\t\t\t\t\t\t<\/div>\n\t\t\t\t<\/div>\n\t\t\t\t\t<\/div>\n\t\t<\/div>\n\t\t\t\t\t<\/div>\n\t\t<\/section>\n\t\t\t\t<section class=\"elementor-section elementor-top-section elementor-element elementor-element-276a040 elementor-section-boxed elementor-section-height-default elementor-section-height-default wpr-particle-no wpr-jarallax-no wpr-parallax-no wpr-sticky-section-no\" data-id=\"276a040\" data-element_type=\"section\">\n\t\t\t\t\t\t<div class=\"elementor-container elementor-column-gap-default\">\n\t\t\t\t\t<div class=\"elementor-column elementor-col-100 elementor-top-column elementor-element elementor-element-b528129\" data-id=\"b528129\" data-element_type=\"column\">\n\t\t\t<div class=\"elementor-widget-wrap elementor-element-populated\">\n\t\t\t\t\t\t<div class=\"elementor-element elementor-element-56eca58 elementor-widget elementor-widget-image\" data-id=\"56eca58\" data-element_type=\"widget\" data-widget_type=\"image.default\">\n\t\t\t\t<div class=\"elementor-widget-container\">\n\t\t\t\t\t\t\t\t\t\t\t\t\t\t\t<img decoding=\"async\" width=\"768\" height=\"432\" src=\"https:\/\/www.mercator-gs.de\/buildingsite\/wp-content\/uploads\/2021\/11\/Signale-768x432.jpg\" class=\"attachment-medium_large size-medium_large wp-image-100\" alt=\"\" srcset=\"https:\/\/www.mercator-gs.de\/buildingsite\/wp-content\/uploads\/2021\/11\/Signale-768x432.jpg 768w, https:\/\/www.mercator-gs.de\/buildingsite\/wp-content\/uploads\/2021\/11\/Signale-300x169.jpg 300w, https:\/\/www.mercator-gs.de\/buildingsite\/wp-content\/uploads\/2021\/11\/Signale-1024x576.jpg 1024w, https:\/\/www.mercator-gs.de\/buildingsite\/wp-content\/uploads\/2021\/11\/Signale.jpg 1200w\" sizes=\"(max-width: 768px) 100vw, 768px\" \/>\t\t\t\t\t\t\t\t\t\t\t\t\t\t\t<\/div>\n\t\t\t\t<\/div>\n\t\t\t\t\t<\/div>\n\t\t<\/div>\n\t\t\t\t\t<\/div>\n\t\t<\/section>\n\t\t\t\t<section class=\"elementor-section elementor-top-section elementor-element elementor-element-fcf38ba elementor-section-boxed elementor-section-height-default elementor-section-height-default wpr-particle-no wpr-jarallax-no wpr-parallax-no wpr-sticky-section-no\" data-id=\"fcf38ba\" data-element_type=\"section\">\n\t\t\t\t\t\t<div class=\"elementor-container elementor-column-gap-default\">\n\t\t\t\t\t<div class=\"elementor-column elementor-col-100 elementor-top-column elementor-element elementor-element-40434f3\" data-id=\"40434f3\" data-element_type=\"column\">\n\t\t\t<div class=\"elementor-widget-wrap elementor-element-populated\">\n\t\t\t\t\t\t<div class=\"elementor-element elementor-element-bb7a220 elementor-widget elementor-widget-text-editor\" data-id=\"bb7a220\" data-element_type=\"widget\" data-widget_type=\"text-editor.default\">\n\t\t\t\t<div class=\"elementor-widget-container\">\n\t\t\t\t\t\t\t\t\t<p><span style=\"color: #0046a8; font-family: Cambria, sans-serif; font-size: 17.6px; font-style: normal; font-variant-ligatures: normal; font-variant-caps: normal; font-weight: 300;\">(Poster: positive und negative Signale)<\/span><\/p>\t\t\t\t\t\t\t\t<\/div>\n\t\t\t\t<\/div>\n\t\t\t\t\t<\/div>\n\t\t<\/div>\n\t\t\t\t\t<\/div>\n\t\t<\/section>\n\t\t\t\t<section class=\"elementor-section elementor-top-section elementor-element elementor-element-393d518 elementor-section-boxed elementor-section-height-default elementor-section-height-default wpr-particle-no wpr-jarallax-no wpr-parallax-no wpr-sticky-section-no\" data-id=\"393d518\" data-element_type=\"section\">\n\t\t\t\t\t\t<div class=\"elementor-container elementor-column-gap-default\">\n\t\t\t\t\t<div class=\"elementor-column elementor-col-100 elementor-top-column elementor-element elementor-element-eb3888d\" data-id=\"eb3888d\" data-element_type=\"column\">\n\t\t\t<div class=\"elementor-widget-wrap elementor-element-populated\">\n\t\t\t\t\t\t<div class=\"elementor-element elementor-element-0f3a81b elementor-widget elementor-widget-text-editor\" data-id=\"0f3a81b\" data-element_type=\"widget\" data-widget_type=\"text-editor.default\">\n\t\t\t\t<div class=\"elementor-widget-container\">\n\t\t\t\t\t\t\t\t\t<p><span style=\"color: #0046a8; font-family: Cambria, sans-serif; font-size: 17.6px; font-style: normal; font-variant-ligatures: normal; font-variant-caps: normal; font-weight: 300;\">Das Besondere am Raum der \u00dcbergangsklasse ist, dass jedes Kind sein eigenes\u00a0<\/span><span style=\"font-style: normal; font-variant-ligatures: normal; font-variant-caps: normal; font-weight: bold; font-size: 17.6px; font-family: Cambria, sans-serif; color: #0046a8;\">\u201eLernb\u00fcro\u201c<\/span><span style=\"color: #0046a8; font-family: Cambria, sans-serif; font-size: 17.6px; font-style: normal; font-variant-ligatures: normal; font-variant-caps: normal; font-weight: 300;\">\u00a0bekommt, welches reizarm gestaltet ist und in dem es an den Aufgaben, die es aus dem Unterricht in der gro\u00dfen Klasse bekommt, arbeitet. So verpasst es an sich w\u00e4hrend der Zeit der \u00dcK keine Lerninhalte, sondern steigt oft intensiver in die Unterrichtsinhalte ein als es ihm in der gro\u00dfen Klasse m\u00f6glich w\u00e4re.<\/span><\/p>\t\t\t\t\t\t\t\t<\/div>\n\t\t\t\t<\/div>\n\t\t\t\t\t<\/div>\n\t\t<\/div>\n\t\t\t\t\t<\/div>\n\t\t<\/section>\n\t\t\t\t<\/div>\n\t\t","protected":false},"excerpt":{"rendered":"<p>DIE \u00dcBERGANGSKLASSE Manchmal f\u00e4llt es Kindern schwer sich in der Klasse zu konzentrieren, sich nicht ablenken zu lassen, aufmerksam zu sein und Freude am Lernen zu entwickeln.Zun\u00e4chst versuchen die Lehrkr\u00e4fte mit F\u00f6rderma\u00dfnahmen den Kindern zu helfen und sie zu unterst\u00fctzen, so dass sie in der Klasse Fortschritte machen. Manchmal werden auch kleine Lernb\u00fcros im Klassenraum eingerichtet oder besondere Materialien eingesetzt. Manchmal brauchen Kinder aber auch mehr als das.In der \u00dcbergangsklasse (\u00dcK) lernen 4-6 Kinder verschiedener Jahrgangsstufen in einem besonders ausgestatteten Raum in\u00a0zwei Stunden t\u00e4glich, an vier Tagen in der Woche. Sie werden hier von einer Sonderp\u00e4dagogin und einem Ergotherapeuten\/ Verhaltenstrainer unterrichtet und begleitet. Es gibt dabei eine enge Zusammenarbeit mit den Eltern und den LehrerInnen der Klassen. (\u00dcbersicht \u00fcber Spielplan) In der \u00dcbergangsklasse machen die Kinder oft v\u00f6llig neue und wertvolle Erfahrungen in der Gruppe und beim Lernen \u2013 sie haben schneller Erfolgserlebnisse \u2013 und trainieren selbstgesteckte Ziele mithilfe der\u00a0\u201eVerhaltenssonne\u201c. (Verhaltenssonne) Dabei wird auf eine gute Beziehung untereinander und gezieltes Loben geachtet. Die Kinder lernen auch schrittweise den Aufbau einer\u00a0positiven Eigensteuerung, mit der sie Herausforderungen im Schulalltag und in anderen Lebensbereichen besser meistern k\u00f6nnen. (Poster: positive und negative Signale) Das Besondere am Raum der \u00dcbergangsklasse ist, dass jedes Kind sein eigenes\u00a0\u201eLernb\u00fcro\u201c\u00a0bekommt, welches reizarm gestaltet ist und in dem es an den Aufgaben, die es aus dem Unterricht in der gro\u00dfen Klasse bekommt, arbeitet. So verpasst es an sich w\u00e4hrend der Zeit der \u00dcK keine Lerninhalte, sondern steigt oft intensiver in die Unterrichtsinhalte ein als es ihm in der gro\u00dfen Klasse m\u00f6glich w\u00e4re.<\/p>\n","protected":false},"author":1,"featured_media":0,"parent":0,"menu_order":0,"comment_status":"closed","ping_status":"closed","template":"","meta":{"ocean_post_layout":"full-width","ocean_both_sidebars_style":"","ocean_both_sidebars_content_width":0,"ocean_both_sidebars_sidebars_width":0,"ocean_sidebar":"0","ocean_second_sidebar":"0","ocean_disable_margins":"on","ocean_add_body_class":"","ocean_shortcode_before_top_bar":"","ocean_shortcode_after_top_bar":"","ocean_shortcode_before_header":"","ocean_shortcode_after_header":"","ocean_has_shortcode":"","ocean_shortcode_after_title":"","ocean_shortcode_before_footer_widgets":"","ocean_shortcode_after_footer_widgets":"","ocean_shortcode_before_footer_bottom":"","ocean_shortcode_after_footer_bottom":"","ocean_display_top_bar":"off","ocean_display_header":"on","ocean_header_style":"transparent","ocean_center_header_left_menu":"0","ocean_custom_header_template":"0","ocean_custom_logo":0,"ocean_custom_retina_logo":0,"ocean_custom_logo_max_width":0,"ocean_custom_logo_tablet_max_width":0,"ocean_custom_logo_mobile_max_width":0,"ocean_custom_logo_max_height":0,"ocean_custom_logo_tablet_max_height":0,"ocean_custom_logo_mobile_max_height":0,"ocean_header_custom_menu":"0","ocean_menu_typo_font_family":"0","ocean_menu_typo_font_subset":"","ocean_menu_typo_font_size":0,"ocean_menu_typo_font_size_tablet":0,"ocean_menu_typo_font_size_mobile":0,"ocean_menu_typo_font_size_unit":"px","ocean_menu_typo_font_weight":"","ocean_menu_typo_font_weight_tablet":"","ocean_menu_typo_font_weight_mobile":"","ocean_menu_typo_transform":"","ocean_menu_typo_transform_tablet":"","ocean_menu_typo_transform_mobile":"","ocean_menu_typo_line_height":0,"ocean_menu_typo_line_height_tablet":0,"ocean_menu_typo_line_height_mobile":0,"ocean_menu_typo_line_height_unit":"","ocean_menu_typo_spacing":0,"ocean_menu_typo_spacing_tablet":0,"ocean_menu_typo_spacing_mobile":0,"ocean_menu_typo_spacing_unit":"","ocean_menu_link_color":"","ocean_menu_link_color_hover":"","ocean_menu_link_color_active":"","ocean_menu_link_background":"","ocean_menu_link_hover_background":"","ocean_menu_link_active_background":"","ocean_menu_social_links_bg":"","ocean_menu_social_hover_links_bg":"","ocean_menu_social_links_color":"","ocean_menu_social_hover_links_color":"","ocean_disable_title":"on","ocean_disable_heading":"default","ocean_post_title":"","ocean_post_subheading":"","ocean_post_title_style":"","ocean_post_title_background_color":"","ocean_post_title_background":0,"ocean_post_title_bg_image_position":"","ocean_post_title_bg_image_attachment":"","ocean_post_title_bg_image_repeat":"","ocean_post_title_bg_image_size":"","ocean_post_title_height":0,"ocean_post_title_bg_overlay":0.5,"ocean_post_title_bg_overlay_color":"","ocean_disable_breadcrumbs":"default","ocean_breadcrumbs_color":"","ocean_breadcrumbs_separator_color":"","ocean_breadcrumbs_links_color":"","ocean_breadcrumbs_links_hover_color":"","ocean_display_footer_widgets":"default","ocean_display_footer_bottom":"default","ocean_custom_footer_template":"0","footnotes":""},"class_list":["post-322","page","type-page","status-publish","hentry","entry"],"_links":{"self":[{"href":"https:\/\/www.mercator-gs.de\/buildingsite\/wp-json\/wp\/v2\/pages\/322","targetHints":{"allow":["GET"]}}],"collection":[{"href":"https:\/\/www.mercator-gs.de\/buildingsite\/wp-json\/wp\/v2\/pages"}],"about":[{"href":"https:\/\/www.mercator-gs.de\/buildingsite\/wp-json\/wp\/v2\/types\/page"}],"author":[{"embeddable":true,"href":"https:\/\/www.mercator-gs.de\/buildingsite\/wp-json\/wp\/v2\/users\/1"}],"replies":[{"embeddable":true,"href":"https:\/\/www.mercator-gs.de\/buildingsite\/wp-json\/wp\/v2\/comments?post=322"}],"version-history":[{"count":16,"href":"https:\/\/www.mercator-gs.de\/buildingsite\/wp-json\/wp\/v2\/pages\/322\/revisions"}],"predecessor-version":[{"id":2877,"href":"https:\/\/www.mercator-gs.de\/buildingsite\/wp-json\/wp\/v2\/pages\/322\/revisions\/2877"}],"wp:attachment":[{"href":"https:\/\/www.mercator-gs.de\/buildingsite\/wp-json\/wp\/v2\/media?parent=322"}],"curies":[{"name":"wp","href":"https:\/\/api.w.org\/{rel}","templated":true}]}}