{"id":321,"date":"2021-11-18T21:23:09","date_gmt":"2021-11-18T20:23:09","guid":{"rendered":"https:\/\/www.mercator-gs.de\/buildingsite\/?page_id=321"},"modified":"2025-10-04T20:58:57","modified_gmt":"2025-10-04T18:58:57","slug":"schulstation","status":"publish","type":"page","link":"https:\/\/www.mercator-gs.de\/buildingsite\/schulstation\/","title":{"rendered":"SCHULSTATION"},"content":{"rendered":"\t\t<div data-elementor-type=\"wp-page\" data-elementor-id=\"321\" class=\"elementor elementor-321\">\n\t\t\t\t\t\t<section class=\"elementor-section elementor-top-section elementor-element elementor-element-7832002 elementor-section-boxed elementor-section-height-default elementor-section-height-default wpr-particle-no wpr-jarallax-no wpr-parallax-no wpr-sticky-section-no\" data-id=\"7832002\" data-element_type=\"section\">\n\t\t\t\t\t\t<div class=\"elementor-container elementor-column-gap-default\">\n\t\t\t\t\t<div class=\"elementor-column elementor-col-100 elementor-top-column elementor-element elementor-element-c77ed5c\" data-id=\"c77ed5c\" data-element_type=\"column\">\n\t\t\t<div class=\"elementor-widget-wrap elementor-element-populated\">\n\t\t\t\t\t\t<div class=\"elementor-element elementor-element-a67b9a3 elementor-widget elementor-widget-spacer\" data-id=\"a67b9a3\" data-element_type=\"widget\" data-widget_type=\"spacer.default\">\n\t\t\t\t<div class=\"elementor-widget-container\">\n\t\t\t\t\t\t\t<div class=\"elementor-spacer\">\n\t\t\t<div class=\"elementor-spacer-inner\"><\/div>\n\t\t<\/div>\n\t\t\t\t\t\t<\/div>\n\t\t\t\t<\/div>\n\t\t\t\t\t<\/div>\n\t\t<\/div>\n\t\t\t\t\t<\/div>\n\t\t<\/section>\n\t\t\t\t<section class=\"elementor-section elementor-top-section elementor-element elementor-element-4213904 elementor-section-boxed elementor-section-height-default elementor-section-height-default wpr-particle-no wpr-jarallax-no wpr-parallax-no wpr-sticky-section-no\" data-id=\"4213904\" data-element_type=\"section\">\n\t\t\t\t\t\t<div class=\"elementor-container elementor-column-gap-default\">\n\t\t\t\t\t<div class=\"elementor-column elementor-col-100 elementor-top-column elementor-element elementor-element-7999e13\" data-id=\"7999e13\" data-element_type=\"column\">\n\t\t\t<div class=\"elementor-widget-wrap elementor-element-populated\">\n\t\t\t\t\t\t<div class=\"elementor-element elementor-element-96a3cf5 elementor-widget elementor-widget-text-editor\" data-id=\"96a3cf5\" data-element_type=\"widget\" data-widget_type=\"text-editor.default\">\n\t\t\t\t<div class=\"elementor-widget-container\">\n\t\t\t\t\t\t\t\t\t<h2 style=\"margin-bottom: 0px; font-style: normal; font-variant-ligatures: normal; font-variant-caps: normal; font-size: 2.6em; line-height: 1em; font-family: 'Indie Flower', cursive; color: #0046a8; text-transform: uppercase; text-align: left;\">SChulstation<\/h2><h2 style=\"margin-bottom: 0px; font-style: normal; font-variant-ligatures: normal; font-variant-caps: normal; font-size: 2.6em; line-height: 1em; font-family: 'Indie Flower', cursive; color: #0046a8; text-transform: uppercase;\">an der Mercator-Grundschule<\/h2><h2 style=\"margin-bottom: 0px; font-style: normal; font-variant-ligatures: normal; font-variant-caps: normal; font-size: 2.6em; line-height: 1em; font-family: 'Indie Flower', cursive; color: #0046a8; text-transform: uppercase;\">&#8222;DER R<span style=\"color: #ff0000;\">O<\/span>TE FADEN&#8220;<\/h2>\t\t\t\t\t\t\t\t<\/div>\n\t\t\t\t<\/div>\n\t\t\t\t\t<\/div>\n\t\t<\/div>\n\t\t\t\t\t<\/div>\n\t\t<\/section>\n\t\t\t\t<section class=\"elementor-section elementor-top-section elementor-element elementor-element-9b62ece elementor-section-boxed elementor-section-height-default elementor-section-height-default wpr-particle-no wpr-jarallax-no wpr-parallax-no wpr-sticky-section-no\" data-id=\"9b62ece\" data-element_type=\"section\">\n\t\t\t\t\t\t<div class=\"elementor-container elementor-column-gap-default\">\n\t\t\t\t\t<div class=\"elementor-column elementor-col-100 elementor-top-column elementor-element elementor-element-8abff30\" data-id=\"8abff30\" data-element_type=\"column\">\n\t\t\t<div class=\"elementor-widget-wrap elementor-element-populated\">\n\t\t\t\t\t\t<div class=\"elementor-element elementor-element-5cfb009 elementor-widget elementor-widget-text-editor\" data-id=\"5cfb009\" data-element_type=\"widget\" data-widget_type=\"text-editor.default\">\n\t\t\t\t<div class=\"elementor-widget-container\">\n\t\t\t\t\t\t\t\t\t<h3 style=\"margin-bottom: 0px; font-style: normal; font-variant-ligatures: normal; font-variant-caps: normal; font-size: 1.25em; line-height: inherit; font-family: Cambria, sans-serif; color: #0046a8; text-transform: uppercase;\">SCHULSTATION AN DER MERCATOR-GRUNDSCHULE<\/h3>\t\t\t\t\t\t\t\t<\/div>\n\t\t\t\t<\/div>\n\t\t\t\t\t<\/div>\n\t\t<\/div>\n\t\t\t\t\t<\/div>\n\t\t<\/section>\n\t\t\t\t<section class=\"elementor-section elementor-top-section elementor-element elementor-element-525b110 elementor-section-boxed elementor-section-height-default elementor-section-height-default wpr-particle-no wpr-jarallax-no wpr-parallax-no wpr-sticky-section-no\" data-id=\"525b110\" data-element_type=\"section\">\n\t\t\t\t\t\t<div class=\"elementor-container elementor-column-gap-default\">\n\t\t\t\t\t<div class=\"elementor-column elementor-col-100 elementor-top-column elementor-element elementor-element-a46a9f5\" data-id=\"a46a9f5\" data-element_type=\"column\">\n\t\t\t<div class=\"elementor-widget-wrap\">\n\t\t\t\t\t\t\t<\/div>\n\t\t<\/div>\n\t\t\t\t\t<\/div>\n\t\t<\/section>\n\t\t\t\t<section class=\"elementor-section elementor-top-section elementor-element elementor-element-324fc23 elementor-section-boxed elementor-section-height-default elementor-section-height-default wpr-particle-no wpr-jarallax-no wpr-parallax-no wpr-sticky-section-no\" data-id=\"324fc23\" data-element_type=\"section\">\n\t\t\t\t\t\t<div class=\"elementor-container elementor-column-gap-default\">\n\t\t\t\t\t<div class=\"elementor-column elementor-col-100 elementor-top-column elementor-element elementor-element-b4cf625\" data-id=\"b4cf625\" data-element_type=\"column\">\n\t\t\t<div class=\"elementor-widget-wrap elementor-element-populated\">\n\t\t\t\t\t\t<div class=\"elementor-element elementor-element-8b85e41 elementor-widget elementor-widget-spacer\" data-id=\"8b85e41\" data-element_type=\"widget\" data-widget_type=\"spacer.default\">\n\t\t\t\t<div class=\"elementor-widget-container\">\n\t\t\t\t\t\t\t<div class=\"elementor-spacer\">\n\t\t\t<div class=\"elementor-spacer-inner\"><\/div>\n\t\t<\/div>\n\t\t\t\t\t\t<\/div>\n\t\t\t\t<\/div>\n\t\t\t\t\t<\/div>\n\t\t<\/div>\n\t\t\t\t\t<\/div>\n\t\t<\/section>\n\t\t\t\t<section class=\"elementor-section elementor-top-section elementor-element elementor-element-3f17598 elementor-section-boxed elementor-section-height-default elementor-section-height-default wpr-particle-no wpr-jarallax-no wpr-parallax-no wpr-sticky-section-no\" data-id=\"3f17598\" data-element_type=\"section\">\n\t\t\t\t\t\t<div class=\"elementor-container elementor-column-gap-default\">\n\t\t\t\t\t<div class=\"elementor-column elementor-col-100 elementor-top-column elementor-element elementor-element-875c513\" data-id=\"875c513\" data-element_type=\"column\">\n\t\t\t<div class=\"elementor-widget-wrap elementor-element-populated\">\n\t\t\t\t\t\t<div class=\"elementor-element elementor-element-294c7db elementor-widget elementor-widget-image\" data-id=\"294c7db\" data-element_type=\"widget\" data-widget_type=\"image.default\">\n\t\t\t\t<div class=\"elementor-widget-container\">\n\t\t\t\t\t\t\t\t\t\t\t\t<figure class=\"wp-caption\">\n\t\t\t\t\t\t\t\t\t\t<img fetchpriority=\"high\" decoding=\"async\" width=\"1024\" height=\"610\" src=\"https:\/\/www.mercator-gs.de\/buildingsite\/wp-content\/uploads\/2024\/09\/20240905_102152-final-1024x610.jpg\" class=\"attachment-large size-large wp-image-2475\" alt=\"\" srcset=\"https:\/\/www.mercator-gs.de\/buildingsite\/wp-content\/uploads\/2024\/09\/20240905_102152-final-1024x610.jpg 1024w, https:\/\/www.mercator-gs.de\/buildingsite\/wp-content\/uploads\/2024\/09\/20240905_102152-final-300x179.jpg 300w, https:\/\/www.mercator-gs.de\/buildingsite\/wp-content\/uploads\/2024\/09\/20240905_102152-final-768x458.jpg 768w, https:\/\/www.mercator-gs.de\/buildingsite\/wp-content\/uploads\/2024\/09\/20240905_102152-final-1536x915.jpg 1536w, https:\/\/www.mercator-gs.de\/buildingsite\/wp-content\/uploads\/2024\/09\/20240905_102152-final-2048x1220.jpg 2048w, https:\/\/www.mercator-gs.de\/buildingsite\/wp-content\/uploads\/2024\/09\/20240905_102152-final-24x14.jpg 24w, https:\/\/www.mercator-gs.de\/buildingsite\/wp-content\/uploads\/2024\/09\/20240905_102152-final-36x21.jpg 36w, https:\/\/www.mercator-gs.de\/buildingsite\/wp-content\/uploads\/2024\/09\/20240905_102152-final-48x29.jpg 48w\" sizes=\"(max-width: 1024px) 100vw, 1024px\" \/>\t\t\t\t\t\t\t\t\t\t\t<figcaption class=\"widget-image-caption wp-caption-text\">Andrea Hennig und Thomas Neuhaus<\/figcaption>\n\t\t\t\t\t\t\t\t\t\t<\/figure>\n\t\t\t\t\t\t\t\t\t<\/div>\n\t\t\t\t<\/div>\n\t\t\t\t<div class=\"elementor-element elementor-element-ac7b062 elementor-widget elementor-widget-text-editor\" data-id=\"ac7b062\" data-element_type=\"widget\" data-widget_type=\"text-editor.default\">\n\t\t\t\t<div class=\"elementor-widget-container\">\n\t\t\t\t\t\t\t\t\t<h3 style=\"margin-bottom: 0px; font-style: normal; font-variant-ligatures: normal; font-variant-caps: normal; font-size: 1.25em; line-height: inherit; font-family: Cambria, sans-serif; color: #0046a8;\">Kontaktinformationen:<\/h3><div>Andrea Hennig<br \/>Mail: andrea.hennig@tandembtl.de<br \/>Tel.: 0174 7403160<\/div><h3 style=\"margin-bottom: 0px; font-style: normal; font-variant-ligatures: normal; font-variant-caps: normal; font-size: 1.25em; line-height: inherit; font-family: Cambria, sans-serif; color: #0046a8;\">und<\/h3><div>Thomas Neuhaus<br \/>Mail: thomas.neuhaus@tandembtl.de<br \/>Tel.: 0152 27456039<\/div>\t\t\t\t\t\t\t\t<\/div>\n\t\t\t\t<\/div>\n\t\t\t\t\t<\/div>\n\t\t<\/div>\n\t\t\t\t\t<\/div>\n\t\t<\/section>\n\t\t\t\t<section class=\"elementor-section elementor-top-section elementor-element elementor-element-6194192 elementor-section-boxed elementor-section-height-default elementor-section-height-default wpr-particle-no wpr-jarallax-no wpr-parallax-no wpr-sticky-section-no\" data-id=\"6194192\" data-element_type=\"section\">\n\t\t\t\t\t\t<div class=\"elementor-container elementor-column-gap-default\">\n\t\t\t\t\t<div class=\"elementor-column elementor-col-100 elementor-top-column elementor-element elementor-element-83d01b8\" data-id=\"83d01b8\" data-element_type=\"column\">\n\t\t\t<div class=\"elementor-widget-wrap elementor-element-populated\">\n\t\t\t\t\t\t<section class=\"elementor-section elementor-inner-section elementor-element elementor-element-2fc1df5 elementor-section-boxed elementor-section-height-default elementor-section-height-default wpr-particle-no wpr-jarallax-no wpr-parallax-no wpr-sticky-section-no\" data-id=\"2fc1df5\" data-element_type=\"section\">\n\t\t\t\t\t\t<div class=\"elementor-container elementor-column-gap-default\">\n\t\t\t\t\t<div class=\"elementor-column elementor-col-50 elementor-inner-column elementor-element elementor-element-c6175ce\" data-id=\"c6175ce\" data-element_type=\"column\">\n\t\t\t<div class=\"elementor-widget-wrap elementor-element-populated\">\n\t\t\t\t\t\t<div class=\"elementor-element elementor-element-9efe666 elementor-widget elementor-widget-text-editor\" data-id=\"9efe666\" data-element_type=\"widget\" data-widget_type=\"text-editor.default\">\n\t\t\t\t<div class=\"elementor-widget-container\">\n\t\t\t\t\t\t\t\t\t<p>Sprechzeiten<br>8.30-14.30 oder nach<br>individueller Absprache<br>unter 030 755 10 875\/Mobil<\/p>\t\t\t\t\t\t\t\t<\/div>\n\t\t\t\t<\/div>\n\t\t\t\t\t<\/div>\n\t\t<\/div>\n\t\t\t\t<div class=\"elementor-column elementor-col-50 elementor-inner-column elementor-element elementor-element-62b1076\" data-id=\"62b1076\" data-element_type=\"column\">\n\t\t\t<div class=\"elementor-widget-wrap elementor-element-populated\">\n\t\t\t\t\t\t<div class=\"elementor-element elementor-element-021cb42 elementor-widget elementor-widget-text-editor\" data-id=\"021cb42\" data-element_type=\"widget\" data-widget_type=\"text-editor.default\">\n\t\t\t\t<div class=\"elementor-widget-container\">\n\t\t\t\t\t\t\t\t\t<p>Wo?<br>Die R\u00e4ume der Schulstation<br>befinden sich im Haus I im<br>1. OG (gelber Flur) und im<br>Haus II im EG (gelber Flur).<\/p>\t\t\t\t\t\t\t\t<\/div>\n\t\t\t\t<\/div>\n\t\t\t\t\t<\/div>\n\t\t<\/div>\n\t\t\t\t\t<\/div>\n\t\t<\/section>\n\t\t\t\t\t<\/div>\n\t\t<\/div>\n\t\t\t\t\t<\/div>\n\t\t<\/section>\n\t\t\t\t<section class=\"elementor-section elementor-top-section elementor-element elementor-element-3eecd4f elementor-section-boxed elementor-section-height-default elementor-section-height-default wpr-particle-no wpr-jarallax-no wpr-parallax-no wpr-sticky-section-no\" data-id=\"3eecd4f\" data-element_type=\"section\">\n\t\t\t\t\t\t<div class=\"elementor-container elementor-column-gap-default\">\n\t\t\t\t\t<div class=\"elementor-column elementor-col-100 elementor-top-column elementor-element elementor-element-0af4230\" data-id=\"0af4230\" data-element_type=\"column\">\n\t\t\t<div class=\"elementor-widget-wrap elementor-element-populated\">\n\t\t\t\t\t\t<div class=\"elementor-element elementor-element-a2bf830 elementor-widget elementor-widget-text-editor\" data-id=\"a2bf830\" data-element_type=\"widget\" data-widget_type=\"text-editor.default\">\n\t\t\t\t<div class=\"elementor-widget-container\">\n\t\t\t\t\t\t\t\t\t<p><strong>Angebote<\/strong><\/p><p>Sch\u00fcler:innen<\/p><ul><li>werden in Einzel- oder Gruppenarbeit bez\u00fcglich individueller oder allgemeiner<br \/>Themen informiert, begleitet und unterst\u00fctzt<\/li><li>k\u00f6nnen Pausen-, Spiel- und Arbeitsgemeinschaften (z. B. Ballspiel oder Comic-<br \/>und M\u00e4dchen-AG) nutzen<\/li><li>k\u00f6nnen sich in Konfliktsituationen helfen lassen<\/li><li>erhalten pers\u00f6nliche und fachliche Unterst\u00fctzung im Krisenfall u. v. m.<\/li><\/ul><p>Eltern erhalten auf Wunsch<\/p><ul><li>Beratung rund um die Themen Schule, Erziehung und Familie<\/li><li>Vermittlung zu spezialisierten Beratungseinrichtungen und Beh\u00f6rden<\/li><li>Bildungsangebote (z. B. Informationabende zu speziellen Themen)<\/li><\/ul><p>Lehrerkr\u00e4fte werden im p\u00e4dagogischen Alltag unterst\u00fctzt durch<\/p><ul><li>Hospitation, Begleitung einzelner Kinder, Gruppenarbeit (z. B. Workshops)<\/li><li>in Konflikt- und Krisenf\u00e4llen<br \/>zu Themen wie Ausgrenzung, Mobbing, geschlechtliche und sexuelle Vielfalt etc.<br \/>Die Schulstation ist eine eigenst\u00e4ndige Einrichtung der Jugendhilfe an der Schule. Sie<br \/>ist ein Kooperationsprojekt zwischen dem Jugendamt Steglitz-Zehlendorf, der<br \/>Mercator-Grundschule und der tandemBTL gGmbH als freiem Tr\u00e4ger der Jugendhilfe.<\/li><\/ul>\t\t\t\t\t\t\t\t<\/div>\n\t\t\t\t<\/div>\n\t\t\t\t\t<\/div>\n\t\t<\/div>\n\t\t\t\t\t<\/div>\n\t\t<\/section>\n\t\t\t\t<section class=\"elementor-section elementor-top-section elementor-element elementor-element-0d49fba elementor-section-boxed elementor-section-height-default elementor-section-height-default wpr-particle-no wpr-jarallax-no wpr-parallax-no wpr-sticky-section-no\" data-id=\"0d49fba\" data-element_type=\"section\">\n\t\t\t\t\t\t<div class=\"elementor-container elementor-column-gap-default\">\n\t\t\t\t\t<div class=\"elementor-column elementor-col-100 elementor-top-column elementor-element elementor-element-41f241f\" data-id=\"41f241f\" data-element_type=\"column\">\n\t\t\t<div class=\"elementor-widget-wrap elementor-element-populated\">\n\t\t\t\t\t\t<section class=\"elementor-section elementor-inner-section elementor-element elementor-element-dc48b30 elementor-section-boxed elementor-section-height-default elementor-section-height-default wpr-particle-no wpr-jarallax-no wpr-parallax-no wpr-sticky-section-no\" data-id=\"dc48b30\" data-element_type=\"section\">\n\t\t\t\t\t\t<div class=\"elementor-container elementor-column-gap-default\">\n\t\t\t\t\t<div class=\"elementor-column elementor-col-50 elementor-inner-column elementor-element elementor-element-a64f40d\" data-id=\"a64f40d\" data-element_type=\"column\">\n\t\t\t<div class=\"elementor-widget-wrap elementor-element-populated\">\n\t\t\t\t\t\t<div class=\"elementor-element elementor-element-17f7c76 elementor-widget elementor-widget-image\" data-id=\"17f7c76\" data-element_type=\"widget\" data-widget_type=\"image.default\">\n\t\t\t\t<div class=\"elementor-widget-container\">\n\t\t\t\t\t\t\t\t\t\t\t\t\t\t\t<img decoding=\"async\" width=\"300\" height=\"86\" src=\"https:\/\/www.mercator-gs.de\/buildingsite\/wp-content\/uploads\/2024\/09\/BA65-300x86.jpg\" class=\"attachment-medium size-medium wp-image-2495\" alt=\"\" srcset=\"https:\/\/www.mercator-gs.de\/buildingsite\/wp-content\/uploads\/2024\/09\/BA65-300x86.jpg 300w, https:\/\/www.mercator-gs.de\/buildingsite\/wp-content\/uploads\/2024\/09\/BA65-24x7.jpg 24w, https:\/\/www.mercator-gs.de\/buildingsite\/wp-content\/uploads\/2024\/09\/BA65-36x10.jpg 36w, https:\/\/www.mercator-gs.de\/buildingsite\/wp-content\/uploads\/2024\/09\/BA65-48x14.jpg 48w, https:\/\/www.mercator-gs.de\/buildingsite\/wp-content\/uploads\/2024\/09\/BA65.jpg 304w\" sizes=\"(max-width: 300px) 100vw, 300px\" \/>\t\t\t\t\t\t\t\t\t\t\t\t\t\t\t<\/div>\n\t\t\t\t<\/div>\n\t\t\t\t\t<\/div>\n\t\t<\/div>\n\t\t\t\t<div class=\"elementor-column elementor-col-50 elementor-inner-column elementor-element elementor-element-94aba05\" data-id=\"94aba05\" data-element_type=\"column\">\n\t\t\t<div class=\"elementor-widget-wrap\">\n\t\t\t\t\t\t\t<\/div>\n\t\t<\/div>\n\t\t\t\t\t<\/div>\n\t\t<\/section>\n\t\t\t\t\t<\/div>\n\t\t<\/div>\n\t\t\t\t\t<\/div>\n\t\t<\/section>\n\t\t\t\t<section class=\"elementor-section elementor-top-section elementor-element elementor-element-b435791 elementor-section-boxed elementor-section-height-default elementor-section-height-default wpr-particle-no wpr-jarallax-no wpr-parallax-no wpr-sticky-section-no\" data-id=\"b435791\" data-element_type=\"section\">\n\t\t\t\t\t\t<div class=\"elementor-container elementor-column-gap-default\">\n\t\t\t\t\t<div class=\"elementor-column elementor-col-100 elementor-top-column elementor-element elementor-element-025eb47\" data-id=\"025eb47\" data-element_type=\"column\">\n\t\t\t<div class=\"elementor-widget-wrap elementor-element-populated\">\n\t\t\t\t\t\t<div class=\"elementor-element elementor-element-fc69409 elementor-widget elementor-widget-image\" data-id=\"fc69409\" data-element_type=\"widget\" data-widget_type=\"image.default\">\n\t\t\t\t<div class=\"elementor-widget-container\">\n\t\t\t\t\t\t\t\t\t\t\t\t\t\t\t<img decoding=\"async\" width=\"300\" height=\"244\" src=\"https:\/\/www.mercator-gs.de\/buildingsite\/wp-content\/uploads\/2021\/11\/cropped-cropped-mercator_logo-300x244.png\" class=\"attachment-medium size-medium wp-image-186\" alt=\"\" srcset=\"https:\/\/www.mercator-gs.de\/buildingsite\/wp-content\/uploads\/2021\/11\/cropped-cropped-mercator_logo-300x244.png 300w, https:\/\/www.mercator-gs.de\/buildingsite\/wp-content\/uploads\/2021\/11\/cropped-cropped-mercator_logo.png 370w\" sizes=\"(max-width: 300px) 100vw, 300px\" \/>\t\t\t\t\t\t\t\t\t\t\t\t\t\t\t<\/div>\n\t\t\t\t<\/div>\n\t\t\t\t\t<\/div>\n\t\t<\/div>\n\t\t\t\t\t<\/div>\n\t\t<\/section>\n\t\t\t\t<\/div>\n\t\t","protected":false},"excerpt":{"rendered":"<p>SChulstation an der Mercator-Grundschule &#8222;DER ROTE FADEN&#8220; SCHULSTATION AN DER MERCATOR-GRUNDSCHULE Andrea Hennig und Thomas Neuhaus Kontaktinformationen: Andrea HennigMail: andrea.hennig@tandembtl.deTel.: 0174 7403160 und Thomas NeuhausMail: thomas.neuhaus@tandembtl.deTel.: 0152 27456039 Sprechzeiten8.30-14.30 oder nachindividueller Abspracheunter 030 755 10 875\/Mobil Wo?Die R\u00e4ume der Schulstationbefinden sich im Haus I im1. OG (gelber Flur) und imHaus II im EG (gelber Flur). Angebote Sch\u00fcler:innen werden in Einzel- oder Gruppenarbeit bez\u00fcglich individueller oder allgemeinerThemen informiert, begleitet und unterst\u00fctzt k\u00f6nnen Pausen-, Spiel- und Arbeitsgemeinschaften (z. B. Ballspiel oder Comic-und M\u00e4dchen-AG) nutzen k\u00f6nnen sich in Konfliktsituationen helfen lassen erhalten pers\u00f6nliche und fachliche Unterst\u00fctzung im Krisenfall u. v. m. Eltern erhalten auf Wunsch Beratung rund um die Themen Schule, Erziehung und Familie Vermittlung zu spezialisierten Beratungseinrichtungen und Beh\u00f6rden Bildungsangebote (z. B. Informationabende zu speziellen Themen) Lehrerkr\u00e4fte werden im p\u00e4dagogischen Alltag unterst\u00fctzt durch Hospitation, Begleitung einzelner Kinder, Gruppenarbeit (z. B. Workshops) in Konflikt- und Krisenf\u00e4llenzu Themen wie Ausgrenzung, Mobbing, geschlechtliche und sexuelle Vielfalt etc.Die Schulstation ist eine eigenst\u00e4ndige Einrichtung der Jugendhilfe an der Schule. Sieist ein Kooperationsprojekt zwischen dem Jugendamt Steglitz-Zehlendorf, derMercator-Grundschule und der tandemBTL gGmbH als freiem Tr\u00e4ger der Jugendhilfe.<\/p>\n","protected":false},"author":1,"featured_media":0,"parent":0,"menu_order":0,"comment_status":"closed","ping_status":"closed","template":"","meta":{"ocean_post_layout":"full-width","ocean_both_sidebars_style":"","ocean_both_sidebars_content_width":0,"ocean_both_sidebars_sidebars_width":0,"ocean_sidebar":"0","ocean_second_sidebar":"0","ocean_disable_margins":"on","ocean_add_body_class":"","ocean_shortcode_before_top_bar":"","ocean_shortcode_after_top_bar":"","ocean_shortcode_before_header":"","ocean_shortcode_after_header":"","ocean_has_shortcode":"","ocean_shortcode_after_title":"","ocean_shortcode_before_footer_widgets":"","ocean_shortcode_after_footer_widgets":"","ocean_shortcode_before_footer_bottom":"","ocean_shortcode_after_footer_bottom":"","ocean_display_top_bar":"off","ocean_display_header":"on","ocean_header_style":"transparent","ocean_center_header_left_menu":"0","ocean_custom_header_template":"0","ocean_custom_logo":0,"ocean_custom_retina_logo":0,"ocean_custom_logo_max_width":0,"ocean_custom_logo_tablet_max_width":0,"ocean_custom_logo_mobile_max_width":0,"ocean_custom_logo_max_height":0,"ocean_custom_logo_tablet_max_height":0,"ocean_custom_logo_mobile_max_height":0,"ocean_header_custom_menu":"0","ocean_menu_typo_font_family":"0","ocean_menu_typo_font_subset":"","ocean_menu_typo_font_size":0,"ocean_menu_typo_font_size_tablet":0,"ocean_menu_typo_font_size_mobile":0,"ocean_menu_typo_font_size_unit":"px","ocean_menu_typo_font_weight":"","ocean_menu_typo_font_weight_tablet":"","ocean_menu_typo_font_weight_mobile":"","ocean_menu_typo_transform":"","ocean_menu_typo_transform_tablet":"","ocean_menu_typo_transform_mobile":"","ocean_menu_typo_line_height":0,"ocean_menu_typo_line_height_tablet":0,"ocean_menu_typo_line_height_mobile":0,"ocean_menu_typo_line_height_unit":"","ocean_menu_typo_spacing":0,"ocean_menu_typo_spacing_tablet":0,"ocean_menu_typo_spacing_mobile":0,"ocean_menu_typo_spacing_unit":"","ocean_menu_link_color":"","ocean_menu_link_color_hover":"","ocean_menu_link_color_active":"","ocean_menu_link_background":"","ocean_menu_link_hover_background":"","ocean_menu_link_active_background":"","ocean_menu_social_links_bg":"","ocean_menu_social_hover_links_bg":"","ocean_menu_social_links_color":"","ocean_menu_social_hover_links_color":"","ocean_disable_title":"on","ocean_disable_heading":"default","ocean_post_title":"","ocean_post_subheading":"","ocean_post_title_style":"","ocean_post_title_background_color":"","ocean_post_title_background":0,"ocean_post_title_bg_image_position":"","ocean_post_title_bg_image_attachment":"","ocean_post_title_bg_image_repeat":"","ocean_post_title_bg_image_size":"","ocean_post_title_height":0,"ocean_post_title_bg_overlay":0.5,"ocean_post_title_bg_overlay_color":"","ocean_disable_breadcrumbs":"default","ocean_breadcrumbs_color":"","ocean_breadcrumbs_separator_color":"","ocean_breadcrumbs_links_color":"","ocean_breadcrumbs_links_hover_color":"","ocean_display_footer_widgets":"default","ocean_display_footer_bottom":"default","ocean_custom_footer_template":"0","footnotes":""},"class_list":["post-321","page","type-page","status-publish","hentry","entry"],"_links":{"self":[{"href":"https:\/\/www.mercator-gs.de\/buildingsite\/wp-json\/wp\/v2\/pages\/321","targetHints":{"allow":["GET"]}}],"collection":[{"href":"https:\/\/www.mercator-gs.de\/buildingsite\/wp-json\/wp\/v2\/pages"}],"about":[{"href":"https:\/\/www.mercator-gs.de\/buildingsite\/wp-json\/wp\/v2\/types\/page"}],"author":[{"embeddable":true,"href":"https:\/\/www.mercator-gs.de\/buildingsite\/wp-json\/wp\/v2\/users\/1"}],"replies":[{"embeddable":true,"href":"https:\/\/www.mercator-gs.de\/buildingsite\/wp-json\/wp\/v2\/comments?post=321"}],"version-history":[{"count":73,"href":"https:\/\/www.mercator-gs.de\/buildingsite\/wp-json\/wp\/v2\/pages\/321\/revisions"}],"predecessor-version":[{"id":2870,"href":"https:\/\/www.mercator-gs.de\/buildingsite\/wp-json\/wp\/v2\/pages\/321\/revisions\/2870"}],"wp:attachment":[{"href":"https:\/\/www.mercator-gs.de\/buildingsite\/wp-json\/wp\/v2\/media?parent=321"}],"curies":[{"name":"wp","href":"https:\/\/api.w.org\/{rel}","templated":true}]}}