{"id":2970,"date":"2025-10-13T20:23:26","date_gmt":"2025-10-13T18:23:26","guid":{"rendered":"https:\/\/www.mercator-gs.de\/buildingsite\/?page_id=2970"},"modified":"2025-10-18T23:32:36","modified_gmt":"2025-10-18T21:32:36","slug":"hausaufgabenhilfe-2","status":"publish","type":"page","link":"https:\/\/www.mercator-gs.de\/buildingsite\/hausaufgabenhilfe-2\/","title":{"rendered":"MUSIK IM THERMOMETER-KIEZ"},"content":{"rendered":"\t\t<div data-elementor-type=\"wp-page\" data-elementor-id=\"2970\" class=\"elementor elementor-2970\">\n\t\t\t\t\t\t<section class=\"elementor-section elementor-top-section elementor-element elementor-element-00648a1 elementor-section-boxed elementor-section-height-default elementor-section-height-default wpr-particle-no wpr-jarallax-no wpr-parallax-no wpr-sticky-section-no\" data-id=\"00648a1\" data-element_type=\"section\">\n\t\t\t\t\t\t<div class=\"elementor-container elementor-column-gap-default\">\n\t\t\t\t\t<div class=\"elementor-column elementor-col-100 elementor-top-column elementor-element elementor-element-9352b6e\" data-id=\"9352b6e\" data-element_type=\"column\">\n\t\t\t<div class=\"elementor-widget-wrap elementor-element-populated\">\n\t\t\t\t\t\t<div class=\"elementor-element elementor-element-9a53cf8 elementor-widget elementor-widget-spacer\" data-id=\"9a53cf8\" data-element_type=\"widget\" data-widget_type=\"spacer.default\">\n\t\t\t\t<div class=\"elementor-widget-container\">\n\t\t\t\t\t\t\t<div class=\"elementor-spacer\">\n\t\t\t<div class=\"elementor-spacer-inner\"><\/div>\n\t\t<\/div>\n\t\t\t\t\t\t<\/div>\n\t\t\t\t<\/div>\n\t\t\t\t\t<\/div>\n\t\t<\/div>\n\t\t\t\t\t<\/div>\n\t\t<\/section>\n\t\t\t\t<section class=\"elementor-section elementor-top-section elementor-element elementor-element-22ff1ab elementor-section-boxed elementor-section-height-default elementor-section-height-default wpr-particle-no wpr-jarallax-no wpr-parallax-no wpr-sticky-section-no\" data-id=\"22ff1ab\" data-element_type=\"section\">\n\t\t\t\t\t\t<div class=\"elementor-container elementor-column-gap-default\">\n\t\t\t\t\t<div class=\"elementor-column elementor-col-25 elementor-top-column elementor-element elementor-element-be10a4b\" data-id=\"be10a4b\" data-element_type=\"column\">\n\t\t\t<div class=\"elementor-widget-wrap elementor-element-populated\">\n\t\t\t\t\t\t<div class=\"elementor-element elementor-element-9a859e9 elementor-widget elementor-widget-image\" data-id=\"9a859e9\" data-element_type=\"widget\" data-widget_type=\"image.default\">\n\t\t\t\t<div class=\"elementor-widget-container\">\n\t\t\t\t\t\t\t\t\t\t\t\t\t\t\t<img fetchpriority=\"high\" decoding=\"async\" width=\"1024\" height=\"215\" src=\"https:\/\/www.mercator-gs.de\/buildingsite\/wp-content\/uploads\/2025\/10\/1-DE-Kofinanziert-von-der-Europaeischen-Union_POS-1024x215.jpg\" class=\"attachment-large size-large wp-image-3025\" alt=\"\" srcset=\"https:\/\/www.mercator-gs.de\/buildingsite\/wp-content\/uploads\/2025\/10\/1-DE-Kofinanziert-von-der-Europaeischen-Union_POS-1024x215.jpg 1024w, https:\/\/www.mercator-gs.de\/buildingsite\/wp-content\/uploads\/2025\/10\/1-DE-Kofinanziert-von-der-Europaeischen-Union_POS-300x63.jpg 300w, https:\/\/www.mercator-gs.de\/buildingsite\/wp-content\/uploads\/2025\/10\/1-DE-Kofinanziert-von-der-Europaeischen-Union_POS-768x161.jpg 768w, https:\/\/www.mercator-gs.de\/buildingsite\/wp-content\/uploads\/2025\/10\/1-DE-Kofinanziert-von-der-Europaeischen-Union_POS-1536x322.jpg 1536w, https:\/\/www.mercator-gs.de\/buildingsite\/wp-content\/uploads\/2025\/10\/1-DE-Kofinanziert-von-der-Europaeischen-Union_POS-2048x430.jpg 2048w, https:\/\/www.mercator-gs.de\/buildingsite\/wp-content\/uploads\/2025\/10\/1-DE-Kofinanziert-von-der-Europaeischen-Union_POS-24x5.jpg 24w, https:\/\/www.mercator-gs.de\/buildingsite\/wp-content\/uploads\/2025\/10\/1-DE-Kofinanziert-von-der-Europaeischen-Union_POS-36x8.jpg 36w, https:\/\/www.mercator-gs.de\/buildingsite\/wp-content\/uploads\/2025\/10\/1-DE-Kofinanziert-von-der-Europaeischen-Union_POS-48x10.jpg 48w\" sizes=\"(max-width: 1024px) 100vw, 1024px\" \/>\t\t\t\t\t\t\t\t\t\t\t\t\t\t\t<\/div>\n\t\t\t\t<\/div>\n\t\t\t\t\t<\/div>\n\t\t<\/div>\n\t\t\t\t<div class=\"elementor-column elementor-col-25 elementor-top-column elementor-element elementor-element-de61a55\" data-id=\"de61a55\" data-element_type=\"column\">\n\t\t\t<div class=\"elementor-widget-wrap elementor-element-populated\">\n\t\t\t\t\t\t<div class=\"elementor-element elementor-element-6e14742 elementor-widget elementor-widget-image\" data-id=\"6e14742\" data-element_type=\"widget\" data-widget_type=\"image.default\">\n\t\t\t\t<div class=\"elementor-widget-container\">\n\t\t\t\t\t\t\t\t\t\t\t\t\t\t\t<img decoding=\"async\" width=\"1024\" height=\"171\" src=\"https:\/\/www.mercator-gs.de\/buildingsite\/wp-content\/uploads\/2025\/10\/2-B_SEN_KuGZ_Logo_DE_H_PT_4C-1024x171.png\" class=\"attachment-large size-large wp-image-3026\" alt=\"\" srcset=\"https:\/\/www.mercator-gs.de\/buildingsite\/wp-content\/uploads\/2025\/10\/2-B_SEN_KuGZ_Logo_DE_H_PT_4C-1024x171.png 1024w, https:\/\/www.mercator-gs.de\/buildingsite\/wp-content\/uploads\/2025\/10\/2-B_SEN_KuGZ_Logo_DE_H_PT_4C-300x50.png 300w, https:\/\/www.mercator-gs.de\/buildingsite\/wp-content\/uploads\/2025\/10\/2-B_SEN_KuGZ_Logo_DE_H_PT_4C-768x128.png 768w, https:\/\/www.mercator-gs.de\/buildingsite\/wp-content\/uploads\/2025\/10\/2-B_SEN_KuGZ_Logo_DE_H_PT_4C-1536x256.png 1536w, https:\/\/www.mercator-gs.de\/buildingsite\/wp-content\/uploads\/2025\/10\/2-B_SEN_KuGZ_Logo_DE_H_PT_4C-2048x342.png 2048w, https:\/\/www.mercator-gs.de\/buildingsite\/wp-content\/uploads\/2025\/10\/2-B_SEN_KuGZ_Logo_DE_H_PT_4C-24x4.png 24w, https:\/\/www.mercator-gs.de\/buildingsite\/wp-content\/uploads\/2025\/10\/2-B_SEN_KuGZ_Logo_DE_H_PT_4C-36x6.png 36w, https:\/\/www.mercator-gs.de\/buildingsite\/wp-content\/uploads\/2025\/10\/2-B_SEN_KuGZ_Logo_DE_H_PT_4C-48x8.png 48w\" sizes=\"(max-width: 1024px) 100vw, 1024px\" \/>\t\t\t\t\t\t\t\t\t\t\t\t\t\t\t<\/div>\n\t\t\t\t<\/div>\n\t\t\t\t\t<\/div>\n\t\t<\/div>\n\t\t\t\t<div class=\"elementor-column elementor-col-25 elementor-top-column elementor-element elementor-element-2374d3b\" data-id=\"2374d3b\" data-element_type=\"column\">\n\t\t\t<div class=\"elementor-widget-wrap elementor-element-populated\">\n\t\t\t\t\t\t<div class=\"elementor-element elementor-element-710c723 elementor-widget elementor-widget-image\" data-id=\"710c723\" data-element_type=\"widget\" data-widget_type=\"image.default\">\n\t\t\t\t<div class=\"elementor-widget-container\">\n\t\t\t\t\t\t\t\t\t\t\t\t\t\t\t<img decoding=\"async\" width=\"396\" height=\"103\" src=\"https:\/\/www.mercator-gs.de\/buildingsite\/wp-content\/uploads\/2025\/10\/3-Kubist.jpg\" class=\"attachment-large size-large wp-image-3027\" alt=\"\" srcset=\"https:\/\/www.mercator-gs.de\/buildingsite\/wp-content\/uploads\/2025\/10\/3-Kubist.jpg 396w, https:\/\/www.mercator-gs.de\/buildingsite\/wp-content\/uploads\/2025\/10\/3-Kubist-300x78.jpg 300w, https:\/\/www.mercator-gs.de\/buildingsite\/wp-content\/uploads\/2025\/10\/3-Kubist-24x6.jpg 24w, https:\/\/www.mercator-gs.de\/buildingsite\/wp-content\/uploads\/2025\/10\/3-Kubist-36x9.jpg 36w, https:\/\/www.mercator-gs.de\/buildingsite\/wp-content\/uploads\/2025\/10\/3-Kubist-48x12.jpg 48w\" sizes=\"(max-width: 396px) 100vw, 396px\" \/>\t\t\t\t\t\t\t\t\t\t\t\t\t\t\t<\/div>\n\t\t\t\t<\/div>\n\t\t\t\t\t<\/div>\n\t\t<\/div>\n\t\t\t\t<div class=\"elementor-column elementor-col-25 elementor-top-column elementor-element elementor-element-3d05803\" data-id=\"3d05803\" data-element_type=\"column\">\n\t\t\t<div class=\"elementor-widget-wrap elementor-element-populated\">\n\t\t\t\t\t\t<div class=\"elementor-element elementor-element-f23109e elementor-widget elementor-widget-image\" data-id=\"f23109e\" data-element_type=\"widget\" data-widget_type=\"image.default\">\n\t\t\t\t<div class=\"elementor-widget-container\">\n\t\t\t\t\t\t\t\t\t\t\t\t\t\t\t<img loading=\"lazy\" decoding=\"async\" width=\"1024\" height=\"336\" src=\"https:\/\/www.mercator-gs.de\/buildingsite\/wp-content\/uploads\/2025\/10\/4-Logo-LeoBorchardMS-transparent-1024x336.png\" class=\"attachment-large size-large wp-image-3028\" alt=\"\" srcset=\"https:\/\/www.mercator-gs.de\/buildingsite\/wp-content\/uploads\/2025\/10\/4-Logo-LeoBorchardMS-transparent-1024x336.png 1024w, https:\/\/www.mercator-gs.de\/buildingsite\/wp-content\/uploads\/2025\/10\/4-Logo-LeoBorchardMS-transparent-300x99.png 300w, https:\/\/www.mercator-gs.de\/buildingsite\/wp-content\/uploads\/2025\/10\/4-Logo-LeoBorchardMS-transparent-768x252.png 768w, https:\/\/www.mercator-gs.de\/buildingsite\/wp-content\/uploads\/2025\/10\/4-Logo-LeoBorchardMS-transparent-24x8.png 24w, https:\/\/www.mercator-gs.de\/buildingsite\/wp-content\/uploads\/2025\/10\/4-Logo-LeoBorchardMS-transparent-36x12.png 36w, https:\/\/www.mercator-gs.de\/buildingsite\/wp-content\/uploads\/2025\/10\/4-Logo-LeoBorchardMS-transparent-48x16.png 48w, https:\/\/www.mercator-gs.de\/buildingsite\/wp-content\/uploads\/2025\/10\/4-Logo-LeoBorchardMS-transparent.png 1535w\" sizes=\"(max-width: 1024px) 100vw, 1024px\" \/>\t\t\t\t\t\t\t\t\t\t\t\t\t\t\t<\/div>\n\t\t\t\t<\/div>\n\t\t\t\t\t<\/div>\n\t\t<\/div>\n\t\t\t\t\t<\/div>\n\t\t<\/section>\n\t\t\t\t<section class=\"elementor-section elementor-top-section elementor-element elementor-element-17a0b18 elementor-section-boxed elementor-section-height-default elementor-section-height-default wpr-particle-no wpr-jarallax-no wpr-parallax-no wpr-sticky-section-no\" data-id=\"17a0b18\" data-element_type=\"section\">\n\t\t\t\t\t\t<div class=\"elementor-container elementor-column-gap-default\">\n\t\t\t\t\t<div class=\"elementor-column elementor-col-100 elementor-top-column elementor-element elementor-element-ae81878\" data-id=\"ae81878\" data-element_type=\"column\">\n\t\t\t<div class=\"elementor-widget-wrap elementor-element-populated\">\n\t\t\t\t\t\t<div class=\"elementor-element elementor-element-fcb10da elementor-widget elementor-widget-spacer\" data-id=\"fcb10da\" data-element_type=\"widget\" data-widget_type=\"spacer.default\">\n\t\t\t\t<div class=\"elementor-widget-container\">\n\t\t\t\t\t\t\t<div class=\"elementor-spacer\">\n\t\t\t<div class=\"elementor-spacer-inner\"><\/div>\n\t\t<\/div>\n\t\t\t\t\t\t<\/div>\n\t\t\t\t<\/div>\n\t\t\t\t\t<\/div>\n\t\t<\/div>\n\t\t\t\t\t<\/div>\n\t\t<\/section>\n\t\t\t\t<section class=\"elementor-section elementor-top-section elementor-element elementor-element-54ae330 elementor-section-boxed elementor-section-height-default elementor-section-height-default wpr-particle-no wpr-jarallax-no wpr-parallax-no wpr-sticky-section-no\" data-id=\"54ae330\" data-element_type=\"section\">\n\t\t\t\t\t\t<div class=\"elementor-container elementor-column-gap-default\">\n\t\t\t\t\t<div class=\"elementor-column elementor-col-100 elementor-top-column elementor-element elementor-element-6554d57\" data-id=\"6554d57\" data-element_type=\"column\">\n\t\t\t<div class=\"elementor-widget-wrap elementor-element-populated\">\n\t\t\t\t\t\t<div class=\"elementor-element elementor-element-2e15ce3 elementor-widget elementor-widget-text-editor\" data-id=\"2e15ce3\" data-element_type=\"widget\" data-widget_type=\"text-editor.default\">\n\t\t\t\t<div class=\"elementor-widget-container\">\n\t\t\t\t\t\t\t\t\t<header class=\"major\" style=\"padding-bottom: 3em; font-style: normal; font-variant-ligatures: normal; font-variant-caps: normal; font-weight: 300; font-size: 18.6667px; font-family: Cambria, sans-serif; text-transform: uppercase; color: #0046a8;\">\n<h2 style=\"margin-bottom: 0px; font-size: 2.6em; line-height: 1em; font-family: 'Indie Flower', cursive; color: inherit;\">Musik im Thermometer-Kiez<\/h2>\n<\/header>\n<span style=\"color: #0046a8; font-family: Cambria, sans-serif; font-size: 18.6667px; font-style: normal; font-variant-ligatures: normal; font-variant-caps: normal; font-weight: 300;\">Seit 2024 gibt es f\u00fcr Kinder ab der dritten Klasse die M\u00f6glichkeit, direkt an der Schule ein Instrument zu erlernen \u2013 und das v\u00f6llig kostenlos! Die Kosten f\u00fcr den Unterricht und f\u00fcr die Instrumente werden (im Rahmen des KUBIST Programms \u201eKultur und Bibliotheken im Stadtteil\u201c) vom Land Berlin und von der Leo-Borchard-Musikschule \u00fcbernommen.\n\nDer Instrumentalunterricht findet jeden <strong>Donnerstag in kleinen Gruppen<\/strong> statt. Zus\u00e4tzlich gibt es montags eine <strong>gemeinsame Probe<\/strong> mit allen Kindern, die Blas- oder Schlaginstrumente spielen.\n\nDie Kinder k\u00f6nnen folgende Instrumente erlernen: Trompete, Posaune, Euphonium, Querfl\u00f6te, Klarinette, Schlagzeug\/Perkussion.\n\nDas Programm st\u00e4rkt nicht nur die musikalischen F\u00e4higkeiten, sondern auch Teamgeist, Konzentration und Selbstvertrauen \u2013 und macht richtig Spa\u00df!<\/span>\n\n\t\t\t\t\t\t\t\t<\/div>\n\t\t\t\t<\/div>\n\t\t\t\t\t<\/div>\n\t\t<\/div>\n\t\t\t\t\t<\/div>\n\t\t<\/section>\n\t\t\t\t<section class=\"elementor-section elementor-top-section elementor-element elementor-element-63d0a2e elementor-section-boxed elementor-section-height-default elementor-section-height-default wpr-particle-no wpr-jarallax-no wpr-parallax-no wpr-sticky-section-no\" data-id=\"63d0a2e\" data-element_type=\"section\">\n\t\t\t\t\t\t<div class=\"elementor-container elementor-column-gap-default\">\n\t\t\t\t\t<div class=\"elementor-column elementor-col-100 elementor-top-column elementor-element elementor-element-228cb86\" data-id=\"228cb86\" data-element_type=\"column\">\n\t\t\t<div class=\"elementor-widget-wrap elementor-element-populated\">\n\t\t\t\t\t\t<div class=\"elementor-element elementor-element-aa01848 elementor-widget elementor-widget-pdf_viewer\" data-id=\"aa01848\" data-element_type=\"widget\" data-widget_type=\"pdf_viewer.default\">\n\t\t\t\t<div class=\"elementor-widget-container\">\n\t\t\t\t\t<iframe src=\"https:\/\/docs.google.com\/viewer?url=https:\/\/www.mercator-gs.de\/buildingsite\/wp-content\/uploads\/2025\/10\/LBMS-Plakat-Thermometerkiez-250225-Druckvorlage-II.pdf&amp;embedded=true\" style=\"display: block; margin-left: auto; margin-right: auto; width: 640px; height: 1020px;\" frameborder=\"1\" marginheight=\"0px\" marginwidth=\"0px\" allowfullscreen><\/iframe>\t\t\t\t<\/div>\n\t\t\t\t<\/div>\n\t\t\t\t\t<\/div>\n\t\t<\/div>\n\t\t\t\t\t<\/div>\n\t\t<\/section>\n\t\t\t\t<\/div>\n\t\t","protected":false},"excerpt":{"rendered":"<p>Musik im Thermometer-Kiez Seit 2024 gibt es f\u00fcr Kinder ab der dritten Klasse die M\u00f6glichkeit, direkt an der Schule ein Instrument zu erlernen \u2013 und das v\u00f6llig kostenlos! Die Kosten f\u00fcr den Unterricht und f\u00fcr die Instrumente werden (im Rahmen des KUBIST Programms \u201eKultur und Bibliotheken im Stadtteil\u201c) vom Land Berlin und von der Leo-Borchard-Musikschule \u00fcbernommen. Der Instrumentalunterricht findet jeden Donnerstag in kleinen Gruppen statt. Zus\u00e4tzlich gibt es montags eine gemeinsame Probe mit allen Kindern, die Blas- oder Schlaginstrumente spielen. Die Kinder k\u00f6nnen folgende Instrumente erlernen: Trompete, Posaune, Euphonium, Querfl\u00f6te, Klarinette, Schlagzeug\/Perkussion. Das Programm st\u00e4rkt nicht nur die musikalischen F\u00e4higkeiten, sondern auch Teamgeist, Konzentration und Selbstvertrauen \u2013 und macht richtig Spa\u00df!<\/p>\n","protected":false},"author":1,"featured_media":0,"parent":0,"menu_order":0,"comment_status":"closed","ping_status":"closed","template":"","meta":{"ocean_post_layout":"full-width","ocean_both_sidebars_style":"","ocean_both_sidebars_content_width":0,"ocean_both_sidebars_sidebars_width":0,"ocean_sidebar":"0","ocean_second_sidebar":"0","ocean_disable_margins":"enable","ocean_add_body_class":"","ocean_shortcode_before_top_bar":"","ocean_shortcode_after_top_bar":"","ocean_shortcode_before_header":"","ocean_shortcode_after_header":"","ocean_has_shortcode":"","ocean_shortcode_after_title":"","ocean_shortcode_before_footer_widgets":"","ocean_shortcode_after_footer_widgets":"","ocean_shortcode_before_footer_bottom":"","ocean_shortcode_after_footer_bottom":"","ocean_display_top_bar":"off","ocean_display_header":"on","ocean_header_style":"transparent","ocean_center_header_left_menu":"0","ocean_custom_header_template":"0","ocean_custom_logo":0,"ocean_custom_retina_logo":0,"ocean_custom_logo_max_width":0,"ocean_custom_logo_tablet_max_width":0,"ocean_custom_logo_mobile_max_width":0,"ocean_custom_logo_max_height":0,"ocean_custom_logo_tablet_max_height":0,"ocean_custom_logo_mobile_max_height":0,"ocean_header_custom_menu":"0","ocean_menu_typo_font_family":"0","ocean_menu_typo_font_subset":"","ocean_menu_typo_font_size":0,"ocean_menu_typo_font_size_tablet":0,"ocean_menu_typo_font_size_mobile":0,"ocean_menu_typo_font_size_unit":"px","ocean_menu_typo_font_weight":"","ocean_menu_typo_font_weight_tablet":"","ocean_menu_typo_font_weight_mobile":"","ocean_menu_typo_transform":"","ocean_menu_typo_transform_tablet":"","ocean_menu_typo_transform_mobile":"","ocean_menu_typo_line_height":0,"ocean_menu_typo_line_height_tablet":0,"ocean_menu_typo_line_height_mobile":0,"ocean_menu_typo_line_height_unit":"","ocean_menu_typo_spacing":0,"ocean_menu_typo_spacing_tablet":0,"ocean_menu_typo_spacing_mobile":0,"ocean_menu_typo_spacing_unit":"","ocean_menu_link_color":"","ocean_menu_link_color_hover":"","ocean_menu_link_color_active":"","ocean_menu_link_background":"","ocean_menu_link_hover_background":"","ocean_menu_link_active_background":"","ocean_menu_social_links_bg":"","ocean_menu_social_hover_links_bg":"","ocean_menu_social_links_color":"","ocean_menu_social_hover_links_color":"","ocean_disable_title":"on","ocean_disable_heading":"default","ocean_post_title":"","ocean_post_subheading":"","ocean_post_title_style":"","ocean_post_title_background_color":"","ocean_post_title_background":0,"ocean_post_title_bg_image_position":"","ocean_post_title_bg_image_attachment":"","ocean_post_title_bg_image_repeat":"","ocean_post_title_bg_image_size":"","ocean_post_title_height":0,"ocean_post_title_bg_overlay":0.5,"ocean_post_title_bg_overlay_color":"","ocean_disable_breadcrumbs":"default","ocean_breadcrumbs_color":"","ocean_breadcrumbs_separator_color":"","ocean_breadcrumbs_links_color":"","ocean_breadcrumbs_links_hover_color":"","ocean_display_footer_widgets":"default","ocean_display_footer_bottom":"default","ocean_custom_footer_template":"0","footnotes":""},"class_list":["post-2970","page","type-page","status-publish","hentry","entry"],"_links":{"self":[{"href":"https:\/\/www.mercator-gs.de\/buildingsite\/wp-json\/wp\/v2\/pages\/2970","targetHints":{"allow":["GET"]}}],"collection":[{"href":"https:\/\/www.mercator-gs.de\/buildingsite\/wp-json\/wp\/v2\/pages"}],"about":[{"href":"https:\/\/www.mercator-gs.de\/buildingsite\/wp-json\/wp\/v2\/types\/page"}],"author":[{"embeddable":true,"href":"https:\/\/www.mercator-gs.de\/buildingsite\/wp-json\/wp\/v2\/users\/1"}],"replies":[{"embeddable":true,"href":"https:\/\/www.mercator-gs.de\/buildingsite\/wp-json\/wp\/v2\/comments?post=2970"}],"version-history":[{"count":19,"href":"https:\/\/www.mercator-gs.de\/buildingsite\/wp-json\/wp\/v2\/pages\/2970\/revisions"}],"predecessor-version":[{"id":3035,"href":"https:\/\/www.mercator-gs.de\/buildingsite\/wp-json\/wp\/v2\/pages\/2970\/revisions\/3035"}],"wp:attachment":[{"href":"https:\/\/www.mercator-gs.de\/buildingsite\/wp-json\/wp\/v2\/media?parent=2970"}],"curies":[{"name":"wp","href":"https:\/\/api.w.org\/{rel}","templated":true}]}}