{"id":281,"date":"2021-11-18T21:13:08","date_gmt":"2021-11-18T20:13:08","guid":{"rendered":"https:\/\/www.mercator-gs.de\/buildingsite\/?page_id=281"},"modified":"2025-10-04T20:56:54","modified_gmt":"2025-10-04T18:56:54","slug":"schulgarten","status":"publish","type":"page","link":"https:\/\/www.mercator-gs.de\/buildingsite\/schulgarten\/","title":{"rendered":"SCHULGARTEN"},"content":{"rendered":"\t\t<div data-elementor-type=\"wp-page\" data-elementor-id=\"281\" class=\"elementor elementor-281\">\n\t\t\t\t\t\t<section class=\"elementor-section elementor-top-section elementor-element elementor-element-c624c0e elementor-section-boxed elementor-section-height-default elementor-section-height-default wpr-particle-no wpr-jarallax-no wpr-parallax-no wpr-sticky-section-no\" data-id=\"c624c0e\" data-element_type=\"section\">\n\t\t\t\t\t\t<div class=\"elementor-container elementor-column-gap-default\">\n\t\t\t\t\t<div class=\"elementor-column elementor-col-100 elementor-top-column elementor-element elementor-element-4590d7f\" data-id=\"4590d7f\" data-element_type=\"column\">\n\t\t\t<div class=\"elementor-widget-wrap elementor-element-populated\">\n\t\t\t\t\t\t<div class=\"elementor-element elementor-element-55dab5a elementor-widget elementor-widget-spacer\" data-id=\"55dab5a\" data-element_type=\"widget\" data-widget_type=\"spacer.default\">\n\t\t\t\t<div class=\"elementor-widget-container\">\n\t\t\t\t\t\t\t<div class=\"elementor-spacer\">\n\t\t\t<div class=\"elementor-spacer-inner\"><\/div>\n\t\t<\/div>\n\t\t\t\t\t\t<\/div>\n\t\t\t\t<\/div>\n\t\t\t\t\t<\/div>\n\t\t<\/div>\n\t\t\t\t\t<\/div>\n\t\t<\/section>\n\t\t\t\t<section class=\"elementor-section elementor-top-section elementor-element elementor-element-61661ee elementor-section-boxed elementor-section-height-default elementor-section-height-default wpr-particle-no wpr-jarallax-no wpr-parallax-no wpr-sticky-section-no\" data-id=\"61661ee\" data-element_type=\"section\">\n\t\t\t\t\t\t<div class=\"elementor-container elementor-column-gap-default\">\n\t\t\t\t\t<div class=\"elementor-column elementor-col-100 elementor-top-column elementor-element elementor-element-b789a70\" data-id=\"b789a70\" data-element_type=\"column\">\n\t\t\t<div class=\"elementor-widget-wrap elementor-element-populated\">\n\t\t\t\t\t\t<div class=\"elementor-element elementor-element-4183d4a elementor-widget elementor-widget-text-editor\" data-id=\"4183d4a\" data-element_type=\"widget\" data-widget_type=\"text-editor.default\">\n\t\t\t\t<div class=\"elementor-widget-container\">\n\t\t\t\t\t\t\t\t\t<header class=\"major\" style=\"padding-bottom: 3em; font-style: normal; font-variant-ligatures: normal; font-variant-caps: normal; font-weight: 300; font-size: 18.6667px; font-family: Cambria, sans-serif; text-transform: uppercase; color: #0046a8;\"><h2 style=\"margin-bottom: 0px; font-size: 2.6em; line-height: 1em; font-family: 'Indie Flower', cursive; color: inherit;\">UNSER SCHULGARTEN &#8211; EINE KLEINE OASE ZUM DURCHATMEN<\/h2><\/header><p style=\"margin-bottom: 2em; font-style: normal; font-variant-ligatures: normal; font-variant-caps: normal; font-weight: 300; font-size: 1.2em; line-height: 1.8em; font-family: Cambria, sans-serif; color: #0046a8;\" align=\"justify\"><span style=\"font-family: Verdana;\"><span style=\"font-weight: bold; font-size: inherit;\">Gute Gr\u00fcnde f\u00fcr einen Schulgarten<\/span><br \/>Er l\u00e4dt zum Beobachten, Staunen, Erforschen, Spielen, Gestalten, Arbeiten und Genie\u00dfen ein! Gleichzeitig entwickelt es bei den Sch\u00fcler:innen ein grundlegendes Verst\u00e4ndnis f\u00fcr die Natur.<\/span><\/p>\t\t\t\t\t\t\t\t<\/div>\n\t\t\t\t<\/div>\n\t\t\t\t\t<\/div>\n\t\t<\/div>\n\t\t\t\t\t<\/div>\n\t\t<\/section>\n\t\t\t\t<section class=\"elementor-section elementor-top-section elementor-element elementor-element-6e15b1f elementor-section-boxed elementor-section-height-default elementor-section-height-default wpr-particle-no wpr-jarallax-no wpr-parallax-no wpr-sticky-section-no\" data-id=\"6e15b1f\" data-element_type=\"section\">\n\t\t\t\t\t\t<div class=\"elementor-container elementor-column-gap-default\">\n\t\t\t\t\t<div class=\"elementor-column elementor-col-100 elementor-top-column elementor-element elementor-element-e83c725\" data-id=\"e83c725\" data-element_type=\"column\">\n\t\t\t<div class=\"elementor-widget-wrap elementor-element-populated\">\n\t\t\t\t\t\t<div class=\"elementor-element elementor-element-26c3b94 elementor-widget elementor-widget-text-editor\" data-id=\"26c3b94\" data-element_type=\"widget\" data-widget_type=\"text-editor.default\">\n\t\t\t\t<div class=\"elementor-widget-container\">\n\t\t\t\t\t\t\t\t\t<p><span style=\"color: #0046a8; font-family: Verdana; font-size: 22.8px; font-style: normal; font-variant-ligatures: normal; font-variant-caps: normal; font-weight: bold; text-align: justify;\">Warum Schulgarten?<\/span><\/p>\t\t\t\t\t\t\t\t<\/div>\n\t\t\t\t<\/div>\n\t\t\t\t\t<\/div>\n\t\t<\/div>\n\t\t\t\t\t<\/div>\n\t\t<\/section>\n\t\t\t\t<section class=\"elementor-section elementor-top-section elementor-element elementor-element-87d6947 elementor-section-boxed elementor-section-height-default elementor-section-height-default wpr-particle-no wpr-jarallax-no wpr-parallax-no wpr-sticky-section-no\" data-id=\"87d6947\" data-element_type=\"section\">\n\t\t\t\t\t\t<div class=\"elementor-container elementor-column-gap-default\">\n\t\t\t\t\t<div class=\"elementor-column elementor-col-100 elementor-top-column elementor-element elementor-element-c7903e9\" data-id=\"c7903e9\" data-element_type=\"column\">\n\t\t\t<div class=\"elementor-widget-wrap elementor-element-populated\">\n\t\t\t\t\t\t<div class=\"elementor-element elementor-element-d087492 elementor-widget elementor-widget-text-editor\" data-id=\"d087492\" data-element_type=\"widget\" data-widget_type=\"text-editor.default\">\n\t\t\t\t<div class=\"elementor-widget-container\">\n\t\t\t\t\t\t\t\t\t<p><span style=\"color: #0046a8; font-family: Verdana; font-size: 22.4px; font-style: normal; font-variant-ligatures: normal; font-variant-caps: normal; font-weight: 300; text-align: justify;\">Der Schulgarten wird genutzt im Sachunterricht der 1. \u2013 4. Klasse, im Naturwissenschaftlichen Unterricht der 5. Und 6. Klassen oder im AG- und Hortbereich.<\/span><br style=\"color: #0046a8; font-family: Verdana; font-size: 22.4px; text-align: justify;\" \/><br style=\"color: #0046a8; font-family: Verdana; font-size: 22.4px; text-align: justify;\" \/><span style=\"color: #0046a8; font-family: Verdana; font-size: 22.4px; font-style: normal; font-variant-ligatures: normal; font-variant-caps: normal; font-weight: 300; text-align: justify;\">In unserem Schulgarten haben wir f\u00fcnf Hochbeete f\u00fcr den Anbau von Gem\u00fcse, die auch f\u00fcr unser Sch\u00fclercaf\u00e9 genutzt werden. Die Hochbeete hat die Garten-AG mit Unterst\u00fctzung der Prinzessinneng\u00e4rten gebaut und bepflanzt. F\u00fcr viele Sch\u00fclerInnen ist das Heranziehen und Ernten der eigenen Obst- bzw. Gem\u00fcsesorten eine tolle Erfahrung. Zudem werden sie so auch f\u00fcr das Thema \u201eGesunde Ern\u00e4hrung\u201c sensibilisiert.<\/span><br style=\"color: #0046a8; font-family: Verdana; font-size: 22.4px; text-align: justify;\" \/><br style=\"color: #0046a8; font-family: Verdana; font-size: 22.4px; text-align: justify;\" \/><span style=\"color: #0046a8; font-family: Verdana; font-size: 22.4px; font-style: normal; font-variant-ligatures: normal; font-variant-caps: normal; font-weight: 300; text-align: justify;\">Weiterhin gibt es in unserem Schulgarten eine Kr\u00e4uterspirale, mehrere Beete mit Obstgeh\u00f6lzen und Sommerpflanzen als reichhaltiges Insektenbuffet f\u00fcr unsere Bienen sowie ein Totholzbereich und ein Areal f\u00fcr Schattenpflanzen.<\/span><br style=\"color: #0046a8; font-family: Verdana; font-size: 22.4px; text-align: justify;\" \/><br style=\"color: #0046a8; font-family: Verdana; font-size: 22.4px; text-align: justify;\" \/><span style=\"color: #0046a8; font-family: Verdana; font-size: 22.4px; font-style: normal; font-variant-ligatures: normal; font-variant-caps: normal; font-weight: 300; text-align: justify;\">Unsere n\u00e4chsten Vorhaben in der Garten-AG sind der Bau eines gr\u00f6\u00dferen Insektenhotels, das Bepflanzen unserer Hochbeete mit Gem\u00fcse sowie das Anlegen eines Barfu\u00dfpfades. Viele Vorhaben waren und sind nur durch die finanzielle Unterst\u00fctzung des F\u00f6rdervereins m\u00f6glich.<\/span><\/p>\t\t\t\t\t\t\t\t<\/div>\n\t\t\t\t<\/div>\n\t\t\t\t\t<\/div>\n\t\t<\/div>\n\t\t\t\t\t<\/div>\n\t\t<\/section>\n\t\t\t\t<section class=\"elementor-section elementor-top-section elementor-element elementor-element-3658c07 elementor-section-boxed elementor-section-height-default elementor-section-height-default wpr-particle-no wpr-jarallax-no wpr-parallax-no wpr-sticky-section-no\" data-id=\"3658c07\" data-element_type=\"section\">\n\t\t\t\t\t\t<div class=\"elementor-container elementor-column-gap-default\">\n\t\t\t\t\t<div class=\"elementor-column elementor-col-100 elementor-top-column elementor-element elementor-element-7c1f063\" data-id=\"7c1f063\" data-element_type=\"column\">\n\t\t\t<div class=\"elementor-widget-wrap elementor-element-populated\">\n\t\t\t\t\t\t<div class=\"elementor-element elementor-element-b294a9f elementor-widget elementor-widget-html\" data-id=\"b294a9f\" data-element_type=\"widget\" data-widget_type=\"html.default\">\n\t\t\t\t<div class=\"elementor-widget-container\">\n\t\t\t\t\t<div id=\"metaslider-id-912\" style=\"width: 100%;\" class=\"ml-slider-3-104-0 metaslider metaslider-flex metaslider-912 ml-slider has-dots-nav ms-theme-bubble\" role=\"region\" aria-label=\"Schulgarten\" data-height=\"843\" data-width=\"1500\">\n    <div id=\"metaslider_container_912\">\n        <div id=\"metaslider_912\">\n            <ul class='slides'>\n                <li style=\"display: block; width: 100%;\" class=\"slide-913 ms-image \" aria-roledescription=\"slide\" data-date=\"2021-11-28 21:35:47\" data-filename=\"Schulgarten-12-1200x674.jpg\" data-slide-type=\"image\"><img fetchpriority=\"high\" decoding=\"async\" src=\"https:\/\/www.mercator-gs.de\/buildingsite\/wp-content\/uploads\/2021\/11\/Schulgarten-12-1200x674.jpg\" height=\"843\" width=\"1500\" alt=\"\" class=\"slider-912 slide-913 msDefaultImage\" title=\"Schulgarten (12)\" \/><\/li>\n                <li style=\"display: none; width: 100%;\" class=\"slide-914 ms-image \" aria-roledescription=\"slide\" data-date=\"2021-11-28 21:35:50\" data-filename=\"Schulgarten-11-1200x674.jpg\" data-slide-type=\"image\"><img decoding=\"async\" src=\"https:\/\/www.mercator-gs.de\/buildingsite\/wp-content\/uploads\/2021\/11\/Schulgarten-11-1200x674.jpg\" height=\"843\" width=\"1500\" alt=\"\" class=\"slider-912 slide-914 msDefaultImage\" title=\"Schulgarten (11)\" \/><\/li>\n                <li style=\"display: none; width: 100%;\" class=\"slide-915 ms-image \" aria-roledescription=\"slide\" data-date=\"2021-11-28 21:35:56\" data-filename=\"Schulgarten-10-1200x674.jpg\" data-slide-type=\"image\"><img decoding=\"async\" src=\"https:\/\/www.mercator-gs.de\/buildingsite\/wp-content\/uploads\/2021\/11\/Schulgarten-10-1200x674.jpg\" height=\"843\" width=\"1500\" alt=\"\" class=\"slider-912 slide-915 msDefaultImage\" title=\"Schulgarten (10)\" \/><\/li>\n                <li style=\"display: none; width: 100%;\" class=\"slide-916 ms-image \" aria-roledescription=\"slide\" data-date=\"2021-11-28 21:36:00\" data-filename=\"Schulgarten-9-1200x674.jpg\" data-slide-type=\"image\"><img loading=\"lazy\" decoding=\"async\" src=\"https:\/\/www.mercator-gs.de\/buildingsite\/wp-content\/uploads\/2021\/11\/Schulgarten-9-1200x674.jpg\" height=\"843\" width=\"1500\" alt=\"\" class=\"slider-912 slide-916 msDefaultImage\" title=\"Schulgarten (9)\" \/><\/li>\n                <li style=\"display: none; width: 100%;\" class=\"slide-917 ms-image \" aria-roledescription=\"slide\" data-date=\"2021-11-28 21:36:04\" data-filename=\"Schulgarten-8-1200x674.jpg\" data-slide-type=\"image\"><img loading=\"lazy\" decoding=\"async\" src=\"https:\/\/www.mercator-gs.de\/buildingsite\/wp-content\/uploads\/2021\/11\/Schulgarten-8-1200x674.jpg\" height=\"843\" width=\"1500\" alt=\"\" class=\"slider-912 slide-917 msDefaultImage\" title=\"Schulgarten (8)\" \/><\/li>\n                <li style=\"display: none; width: 100%;\" class=\"slide-918 ms-image \" aria-roledescription=\"slide\" data-date=\"2021-11-28 21:36:10\" data-filename=\"Schulgarten-7-1200x674.jpg\" data-slide-type=\"image\"><img loading=\"lazy\" decoding=\"async\" src=\"https:\/\/www.mercator-gs.de\/buildingsite\/wp-content\/uploads\/2021\/11\/Schulgarten-7-1200x674.jpg\" height=\"843\" width=\"1500\" alt=\"\" class=\"slider-912 slide-918 msDefaultImage\" title=\"Schulgarten (7)\" \/><\/li>\n                <li style=\"display: none; width: 100%;\" class=\"slide-919 ms-image \" aria-roledescription=\"slide\" data-date=\"2021-11-28 21:36:17\" data-filename=\"Schulgarten-6-1200x674.jpg\" data-slide-type=\"image\"><img loading=\"lazy\" decoding=\"async\" src=\"https:\/\/www.mercator-gs.de\/buildingsite\/wp-content\/uploads\/2021\/11\/Schulgarten-6-1200x674.jpg\" height=\"843\" width=\"1500\" alt=\"\" class=\"slider-912 slide-919 msDefaultImage\" title=\"Schulgarten (6)\" \/><\/li>\n                <li style=\"display: none; width: 100%;\" class=\"slide-921 ms-image \" aria-roledescription=\"slide\" data-date=\"2021-11-28 21:36:22\" data-filename=\"Schulgarten-5-1200x674.jpg\" data-slide-type=\"image\"><img loading=\"lazy\" decoding=\"async\" src=\"https:\/\/www.mercator-gs.de\/buildingsite\/wp-content\/uploads\/2021\/11\/Schulgarten-5-1200x674.jpg\" height=\"843\" width=\"1500\" alt=\"\" class=\"slider-912 slide-921 msDefaultImage\" title=\"Schulgarten (5)\" \/><\/li>\n                <li style=\"display: none; width: 100%;\" class=\"slide-922 ms-image \" aria-roledescription=\"slide\" data-date=\"2021-11-28 21:36:27\" data-filename=\"Schulgarten-4-1200x674.jpg\" data-slide-type=\"image\"><img loading=\"lazy\" decoding=\"async\" src=\"https:\/\/www.mercator-gs.de\/buildingsite\/wp-content\/uploads\/2021\/11\/Schulgarten-4-1200x674.jpg\" height=\"843\" width=\"1500\" alt=\"\" class=\"slider-912 slide-922 msDefaultImage\" title=\"Schulgarten (4)\" \/><\/li>\n                <li style=\"display: none; width: 100%;\" class=\"slide-923 ms-image \" aria-roledescription=\"slide\" data-date=\"2021-11-28 21:36:36\" data-filename=\"Schulgarten-2-1200x674.jpg\" data-slide-type=\"image\"><img loading=\"lazy\" decoding=\"async\" src=\"https:\/\/www.mercator-gs.de\/buildingsite\/wp-content\/uploads\/2021\/11\/Schulgarten-2-1200x674.jpg\" height=\"843\" width=\"1500\" alt=\"\" class=\"slider-912 slide-923 msDefaultImage\" title=\"Schulgarten (2)\" \/><\/li>\n                <li style=\"display: none; width: 100%;\" class=\"slide-924 ms-image \" aria-roledescription=\"slide\" data-date=\"2021-11-28 21:36:42\" data-filename=\"Schulgarten-1-1500x843.jpg\" data-slide-type=\"image\"><img loading=\"lazy\" decoding=\"async\" src=\"https:\/\/www.mercator-gs.de\/buildingsite\/wp-content\/uploads\/2021\/11\/Schulgarten-1-1500x843.jpg\" height=\"843\" width=\"1500\" alt=\"\" class=\"slider-912 slide-924 msDefaultImage\" title=\"Schulgarten (1)\" \/><\/li>\n            <\/ul>\n        <\/div>\n        \n    <\/div>\n<\/div>\t\t\t\t<\/div>\n\t\t\t\t<\/div>\n\t\t\t\t\t<\/div>\n\t\t<\/div>\n\t\t\t\t\t<\/div>\n\t\t<\/section>\n\t\t\t\t<\/div>\n\t\t","protected":false},"excerpt":{"rendered":"<p>UNSER SCHULGARTEN &#8211; EINE KLEINE OASE ZUM DURCHATMEN Gute Gr\u00fcnde f\u00fcr einen SchulgartenEr l\u00e4dt zum Beobachten, Staunen, Erforschen, Spielen, Gestalten, Arbeiten und Genie\u00dfen ein! Gleichzeitig entwickelt es bei den Sch\u00fcler:innen ein grundlegendes Verst\u00e4ndnis f\u00fcr die Natur. Warum Schulgarten? Der Schulgarten wird genutzt im Sachunterricht der 1. \u2013 4. Klasse, im Naturwissenschaftlichen Unterricht der 5. Und 6. Klassen oder im AG- und Hortbereich.In unserem Schulgarten haben wir f\u00fcnf Hochbeete f\u00fcr den Anbau von Gem\u00fcse, die auch f\u00fcr unser Sch\u00fclercaf\u00e9 genutzt werden. Die Hochbeete hat die Garten-AG mit Unterst\u00fctzung der Prinzessinneng\u00e4rten gebaut und bepflanzt. F\u00fcr viele Sch\u00fclerInnen ist das Heranziehen und Ernten der eigenen Obst- bzw. Gem\u00fcsesorten eine tolle Erfahrung. Zudem werden sie so auch f\u00fcr das Thema \u201eGesunde Ern\u00e4hrung\u201c sensibilisiert.Weiterhin gibt es in unserem Schulgarten eine Kr\u00e4uterspirale, mehrere Beete mit Obstgeh\u00f6lzen und Sommerpflanzen als reichhaltiges Insektenbuffet f\u00fcr unsere Bienen sowie ein Totholzbereich und ein Areal f\u00fcr Schattenpflanzen.Unsere n\u00e4chsten Vorhaben in der Garten-AG sind der Bau eines gr\u00f6\u00dferen Insektenhotels, das Bepflanzen unserer Hochbeete mit Gem\u00fcse sowie das Anlegen eines Barfu\u00dfpfades. Viele Vorhaben waren und sind nur durch die finanzielle Unterst\u00fctzung des F\u00f6rdervereins m\u00f6glich.<\/p>\n","protected":false},"author":1,"featured_media":0,"parent":0,"menu_order":0,"comment_status":"closed","ping_status":"closed","template":"","meta":{"ocean_post_layout":"full-width","ocean_both_sidebars_style":"","ocean_both_sidebars_content_width":0,"ocean_both_sidebars_sidebars_width":0,"ocean_sidebar":"0","ocean_second_sidebar":"0","ocean_disable_margins":"on","ocean_add_body_class":"","ocean_shortcode_before_top_bar":"","ocean_shortcode_after_top_bar":"","ocean_shortcode_before_header":"","ocean_shortcode_after_header":"","ocean_has_shortcode":"","ocean_shortcode_after_title":"","ocean_shortcode_before_footer_widgets":"","ocean_shortcode_after_footer_widgets":"","ocean_shortcode_before_footer_bottom":"","ocean_shortcode_after_footer_bottom":"","ocean_display_top_bar":"off","ocean_display_header":"on","ocean_header_style":"transparent","ocean_center_header_left_menu":"0","ocean_custom_header_template":"0","ocean_custom_logo":0,"ocean_custom_retina_logo":0,"ocean_custom_logo_max_width":0,"ocean_custom_logo_tablet_max_width":0,"ocean_custom_logo_mobile_max_width":0,"ocean_custom_logo_max_height":0,"ocean_custom_logo_tablet_max_height":0,"ocean_custom_logo_mobile_max_height":0,"ocean_header_custom_menu":"0","ocean_menu_typo_font_family":"0","ocean_menu_typo_font_subset":"","ocean_menu_typo_font_size":0,"ocean_menu_typo_font_size_tablet":0,"ocean_menu_typo_font_size_mobile":0,"ocean_menu_typo_font_size_unit":"px","ocean_menu_typo_font_weight":"","ocean_menu_typo_font_weight_tablet":"","ocean_menu_typo_font_weight_mobile":"","ocean_menu_typo_transform":"","ocean_menu_typo_transform_tablet":"","ocean_menu_typo_transform_mobile":"","ocean_menu_typo_line_height":0,"ocean_menu_typo_line_height_tablet":0,"ocean_menu_typo_line_height_mobile":0,"ocean_menu_typo_line_height_unit":"","ocean_menu_typo_spacing":0,"ocean_menu_typo_spacing_tablet":0,"ocean_menu_typo_spacing_mobile":0,"ocean_menu_typo_spacing_unit":"","ocean_menu_link_color":"","ocean_menu_link_color_hover":"","ocean_menu_link_color_active":"","ocean_menu_link_background":"","ocean_menu_link_hover_background":"","ocean_menu_link_active_background":"","ocean_menu_social_links_bg":"","ocean_menu_social_hover_links_bg":"","ocean_menu_social_links_color":"","ocean_menu_social_hover_links_color":"","ocean_disable_title":"on","ocean_disable_heading":"default","ocean_post_title":"","ocean_post_subheading":"","ocean_post_title_style":"","ocean_post_title_background_color":"","ocean_post_title_background":0,"ocean_post_title_bg_image_position":"","ocean_post_title_bg_image_attachment":"","ocean_post_title_bg_image_repeat":"","ocean_post_title_bg_image_size":"","ocean_post_title_height":0,"ocean_post_title_bg_overlay":0.5,"ocean_post_title_bg_overlay_color":"","ocean_disable_breadcrumbs":"default","ocean_breadcrumbs_color":"","ocean_breadcrumbs_separator_color":"","ocean_breadcrumbs_links_color":"","ocean_breadcrumbs_links_hover_color":"","ocean_display_footer_widgets":"default","ocean_display_footer_bottom":"default","ocean_custom_footer_template":"0","footnotes":""},"class_list":["post-281","page","type-page","status-publish","hentry","entry"],"_links":{"self":[{"href":"https:\/\/www.mercator-gs.de\/buildingsite\/wp-json\/wp\/v2\/pages\/281","targetHints":{"allow":["GET"]}}],"collection":[{"href":"https:\/\/www.mercator-gs.de\/buildingsite\/wp-json\/wp\/v2\/pages"}],"about":[{"href":"https:\/\/www.mercator-gs.de\/buildingsite\/wp-json\/wp\/v2\/types\/page"}],"author":[{"embeddable":true,"href":"https:\/\/www.mercator-gs.de\/buildingsite\/wp-json\/wp\/v2\/users\/1"}],"replies":[{"embeddable":true,"href":"https:\/\/www.mercator-gs.de\/buildingsite\/wp-json\/wp\/v2\/comments?post=281"}],"version-history":[{"count":13,"href":"https:\/\/www.mercator-gs.de\/buildingsite\/wp-json\/wp\/v2\/pages\/281\/revisions"}],"predecessor-version":[{"id":2864,"href":"https:\/\/www.mercator-gs.de\/buildingsite\/wp-json\/wp\/v2\/pages\/281\/revisions\/2864"}],"wp:attachment":[{"href":"https:\/\/www.mercator-gs.de\/buildingsite\/wp-json\/wp\/v2\/media?parent=281"}],"curies":[{"name":"wp","href":"https:\/\/api.w.org\/{rel}","templated":true}]}}