{"id":279,"date":"2021-11-18T21:13:07","date_gmt":"2021-11-18T20:13:07","guid":{"rendered":"https:\/\/www.mercator-gs.de\/buildingsite\/?page_id=279"},"modified":"2025-10-04T20:55:12","modified_gmt":"2025-10-04T18:55:12","slug":"leseparten","status":"publish","type":"page","link":"https:\/\/www.mercator-gs.de\/buildingsite\/leseparten\/","title":{"rendered":"LESEPATEN"},"content":{"rendered":"\t\t<div data-elementor-type=\"wp-page\" data-elementor-id=\"279\" class=\"elementor elementor-279\">\n\t\t\t\t\t\t<section class=\"elementor-section elementor-top-section elementor-element elementor-element-2c25437 elementor-section-boxed elementor-section-height-default elementor-section-height-default wpr-particle-no wpr-jarallax-no wpr-parallax-no wpr-sticky-section-no\" data-id=\"2c25437\" data-element_type=\"section\">\n\t\t\t\t\t\t<div class=\"elementor-container elementor-column-gap-default\">\n\t\t\t\t\t<div class=\"elementor-column elementor-col-100 elementor-top-column elementor-element elementor-element-bd1eb67\" data-id=\"bd1eb67\" data-element_type=\"column\">\n\t\t\t<div class=\"elementor-widget-wrap elementor-element-populated\">\n\t\t\t\t\t\t<div class=\"elementor-element elementor-element-25b3bf6 elementor-widget elementor-widget-spacer\" data-id=\"25b3bf6\" data-element_type=\"widget\" data-widget_type=\"spacer.default\">\n\t\t\t\t<div class=\"elementor-widget-container\">\n\t\t\t\t\t\t\t<div class=\"elementor-spacer\">\n\t\t\t<div class=\"elementor-spacer-inner\"><\/div>\n\t\t<\/div>\n\t\t\t\t\t\t<\/div>\n\t\t\t\t<\/div>\n\t\t\t\t\t<\/div>\n\t\t<\/div>\n\t\t\t\t\t<\/div>\n\t\t<\/section>\n\t\t\t\t<section class=\"elementor-section elementor-top-section elementor-element elementor-element-f64bbcd elementor-section-boxed elementor-section-height-default elementor-section-height-default wpr-particle-no wpr-jarallax-no wpr-parallax-no wpr-sticky-section-no\" data-id=\"f64bbcd\" data-element_type=\"section\">\n\t\t\t\t\t\t<div class=\"elementor-container elementor-column-gap-default\">\n\t\t\t\t\t<div class=\"elementor-column elementor-col-100 elementor-top-column elementor-element elementor-element-2fc33bf\" data-id=\"2fc33bf\" data-element_type=\"column\">\n\t\t\t<div class=\"elementor-widget-wrap elementor-element-populated\">\n\t\t\t\t\t\t<div class=\"elementor-element elementor-element-dc0d5e0 elementor-widget elementor-widget-text-editor\" data-id=\"dc0d5e0\" data-element_type=\"widget\" data-widget_type=\"text-editor.default\">\n\t\t\t\t<div class=\"elementor-widget-container\">\n\t\t\t\t\t\t\t\t\t<header class=\"major\" style=\"padding-bottom: 3em; font-style: normal; font-variant-ligatures: normal; font-variant-caps: normal; font-weight: 300; font-size: 18.6667px; font-family: Cambria, sans-serif; text-transform: uppercase; color: #0046a8;\"><h2 style=\"margin-bottom: 0px; font-size: 2.6em; line-height: 1em; font-family: 'Indie Flower', cursive; color: inherit;\">LESEPATEN AN DER MERCATOR-GRUNDSCHULE<\/h2><\/header><p><span style=\"font-style: normal; font-variant-ligatures: normal; font-variant-caps: normal; font-weight: bold; font-size: 18.6667px; font-family: Cambria, sans-serif; color: #0046a8;\">Lesepaten \u00fcber die B\u00fcrgerstiftung<\/span><br style=\"color: #0046a8; font-family: Cambria, sans-serif; font-size: 18.6667px;\" \/><span style=\"color: #0046a8; font-family: Cambria, sans-serif; font-size: 18.6667px; font-style: normal; font-variant-ligatures: normal; font-variant-caps: normal; font-weight: 300;\">Fast alle Klassen der Mercator-Grundschule haben ein oder zwei Lesepaten, die in der Regel einmal in der Woche in die Schule kommen, um mit einzelnen Kindern zu lesen. Viele kommen \u00fcber die Vermittlung der B\u00fcrgerstiftung, einige auch unabh\u00e4ngig davon. Entweder \u00fcben sie mit den Kindern, was gerade im Unterricht Thema ist oder sonst gerade anliegt, zum Beispiel im Buchstabenlehrgang oder im Liesmal-Heft, sie bringen oft auch eigene B\u00fccher mit, lesen daraus vor, machen kleine R\u00e4tsel- und Wortspiele, erkl\u00e4ren schwierige W\u00f6rter und S\u00e4tze und unterst\u00fctzen uns Lehrer mit dieser ehrenamtlichen Arbeit ganz enorm. Vielen Dank an alle Lesepaten, die jede Woche aufs Neue in die Schule kommen, um mit unseren Kindern zu arbeiten und die Freude am Lesen zu wecken!<\/span><br style=\"color: #0046a8; font-family: Cambria, sans-serif; font-size: 18.6667px;\" \/><br style=\"color: #0046a8; font-family: Cambria, sans-serif; font-size: 18.6667px;\" \/><span style=\"font-style: normal; font-variant-ligatures: normal; font-variant-caps: normal; font-weight: bold; font-size: 18.6667px; font-family: Cambria, sans-serif; color: #0046a8;\">Lesepatenprojekt mit der Louise-Schroeder-Schule<\/span><br style=\"color: #0046a8; font-family: Cambria, sans-serif; font-size: 18.6667px;\" \/><span style=\"color: #0046a8; font-family: Cambria, sans-serif; font-size: 18.6667px; font-style: normal; font-variant-ligatures: normal; font-variant-caps: normal; font-weight: 300;\">\u201eKommen heute die Lesepaten?\u201c, t\u00f6nt es mir schon auf der Treppe entgegen, als ich in die Klasse komme. I. hat sich schon den gro\u00dfen Teddy geholt, mit dem er immer gemeinsam mit seiner Lesepatin auf der Treppe sitzt und liest. Heute ist Freitag. Und in der 2. Stunde kommen fast immer die Lesepaten aus dem OSZ f\u00fcr Verwaltung und B\u00fcrowirtschaft.<\/span><br style=\"color: #0046a8; font-family: Cambria, sans-serif; font-size: 18.6667px;\" \/><br style=\"color: #0046a8; font-family: Cambria, sans-serif; font-size: 18.6667px;\" \/><span style=\"color: #0046a8; font-family: Cambria, sans-serif; font-size: 18.6667px; font-style: normal; font-variant-ligatures: normal; font-variant-caps: normal; font-weight: 300;\">Dieses Lesepatenprojekt wurde auf Anregung der Lehrerinnen der Louise-Schr\u00f6der-Schule Frau Kleinschmidt und Frau Zick im Jahr 2006\/2007 ins Leben gerufen und findet seitdem in Kooperation mit der B\u00fcrgerstiftung und der Klasse von Frau du Maire in der Mercator-Grundschule statt. Die Auszubildenden im Bildungsgang Fachangestellte(r) f\u00fcr Medien- und Informationsdienste, die \u201eFaMIs\u201c, kommen w\u00e4hrend des schulischen Teils ihrer Ausbildung an der Louise-Schroeder-Schule immer freitags zu uns. Im Laufe des Schuljahres wechseln sich die Sch\u00fcler:innen des ersten, zweiten und dritten Ausbildungsjahres ab, sodass wir jede Woche freitags Besuch bekommen.<\/span><br style=\"color: #0046a8; font-family: Cambria, sans-serif; font-size: 18.6667px;\" \/><br style=\"color: #0046a8; font-family: Cambria, sans-serif; font-size: 18.6667px;\" \/><span style=\"color: #0046a8; font-family: Cambria, sans-serif; font-size: 18.6667px; font-style: normal; font-variant-ligatures: normal; font-variant-caps: normal; font-weight: 300;\">Jeder Berufssch\u00fcler:in betreut ein bis zwei Grundsch\u00fcler und \u00fcbt gemeinsam mit ihnen lesen. Sie helfen bei Leseaufgaben im Liesmal-Heft und bei B\u00fcchern, die sich die Kinder ausgesucht haben, sie lesen vor und geben Anregungen mit B\u00fcchern, die sie selber mitbringen, es wird \u00fcber das Gelesene geredet und in den letzten 10 Minuten auch gemeinsam gespielt. Es entstehen dabei teilweise ganz intensive Freundschaften zwischen Gro\u00df und Klein. Etwas ganz Besonderes ist die Eins-zu-eins-Beziehung, etwas, das wir im normalen Unterricht nicht leisten k\u00f6nnen. Dadurch findet eine aktive Lesef\u00f6rderung statt, die Lesefreude wird bei den Kindern geweckt und sie werden beim Lesen sicherer. Danke an euch, liebe Leute aus dem OSZ!<\/span><br style=\"color: #0046a8; font-family: Cambria, sans-serif; font-size: 18.6667px;\" \/><br style=\"color: #0046a8; font-family: Cambria, sans-serif; font-size: 18.6667px;\" \/><span style=\"color: #0046a8; font-family: Cambria, sans-serif; font-size: 18.6667px; font-style: normal; font-variant-ligatures: normal; font-variant-caps: normal; font-weight: 300;\">Wer noch Genaueres \u00fcber das Lesepatenprojekt erfahren m\u00f6chte, sei auf den Link zur Louise-Schroeder-Schule verwiesen:\u00a0<\/span><a style=\"font-style: normal; font-variant-ligatures: normal; font-variant-caps: normal; font-weight: 300; font-size: 18.6667px; font-family: Cambria, sans-serif; color: #82b440; text-decoration-line: underline; background-color: #ffffff;\" href=\"https:\/\/www.osz-louise-schroeder.de\/lesepatenprojekt\/\">https:\/\/www.osz-louise-schroeder.de\/lesepatenprojekt\/<\/a><\/p>\t\t\t\t\t\t\t\t<\/div>\n\t\t\t\t<\/div>\n\t\t\t\t\t<\/div>\n\t\t<\/div>\n\t\t\t\t\t<\/div>\n\t\t<\/section>\n\t\t\t\t<\/div>\n\t\t","protected":false},"excerpt":{"rendered":"<p>LESEPATEN AN DER MERCATOR-GRUNDSCHULE Lesepaten \u00fcber die B\u00fcrgerstiftungFast alle Klassen der Mercator-Grundschule haben ein oder zwei Lesepaten, die in der Regel einmal in der Woche in die Schule kommen, um mit einzelnen Kindern zu lesen. Viele kommen \u00fcber die Vermittlung der B\u00fcrgerstiftung, einige auch unabh\u00e4ngig davon. Entweder \u00fcben sie mit den Kindern, was gerade im Unterricht Thema ist oder sonst gerade anliegt, zum Beispiel im Buchstabenlehrgang oder im Liesmal-Heft, sie bringen oft auch eigene B\u00fccher mit, lesen daraus vor, machen kleine R\u00e4tsel- und Wortspiele, erkl\u00e4ren schwierige W\u00f6rter und S\u00e4tze und unterst\u00fctzen uns Lehrer mit dieser ehrenamtlichen Arbeit ganz enorm. Vielen Dank an alle Lesepaten, die jede Woche aufs Neue in die Schule kommen, um mit unseren Kindern zu arbeiten und die Freude am Lesen zu wecken!Lesepatenprojekt mit der Louise-Schroeder-Schule\u201eKommen heute die Lesepaten?\u201c, t\u00f6nt es mir schon auf der Treppe entgegen, als ich in die Klasse komme. I. hat sich schon den gro\u00dfen Teddy geholt, mit dem er immer gemeinsam mit seiner Lesepatin auf der Treppe sitzt und liest. Heute ist Freitag. Und in der 2. Stunde kommen fast immer die Lesepaten aus dem OSZ f\u00fcr Verwaltung und B\u00fcrowirtschaft.Dieses Lesepatenprojekt wurde auf Anregung der Lehrerinnen der Louise-Schr\u00f6der-Schule Frau Kleinschmidt und Frau Zick im Jahr 2006\/2007 ins Leben gerufen und findet seitdem in Kooperation mit der B\u00fcrgerstiftung und der Klasse von Frau du Maire in der Mercator-Grundschule statt. Die Auszubildenden im Bildungsgang Fachangestellte(r) f\u00fcr Medien- und Informationsdienste, die \u201eFaMIs\u201c, kommen w\u00e4hrend des schulischen Teils ihrer Ausbildung an der Louise-Schroeder-Schule immer freitags zu uns. Im Laufe des Schuljahres wechseln sich die Sch\u00fcler:innen des ersten, zweiten und dritten Ausbildungsjahres ab, sodass wir jede Woche freitags Besuch bekommen.Jeder Berufssch\u00fcler:in betreut ein bis zwei Grundsch\u00fcler und \u00fcbt gemeinsam mit ihnen lesen. Sie helfen bei Leseaufgaben im Liesmal-Heft und bei B\u00fcchern, die sich die Kinder ausgesucht haben, sie lesen vor und geben Anregungen mit B\u00fcchern, die sie selber mitbringen, es wird \u00fcber das Gelesene geredet und in den letzten 10 Minuten auch gemeinsam gespielt. Es entstehen dabei teilweise ganz intensive Freundschaften zwischen Gro\u00df und Klein. Etwas ganz Besonderes ist die Eins-zu-eins-Beziehung, etwas, das wir im normalen Unterricht nicht leisten k\u00f6nnen. Dadurch findet eine aktive Lesef\u00f6rderung statt, die Lesefreude wird bei den Kindern geweckt und sie werden beim Lesen sicherer. Danke an euch, liebe Leute aus dem OSZ!Wer noch Genaueres \u00fcber das Lesepatenprojekt erfahren m\u00f6chte, sei auf den Link zur Louise-Schroeder-Schule verwiesen:\u00a0https:\/\/www.osz-louise-schroeder.de\/lesepatenprojekt\/<\/p>\n","protected":false},"author":1,"featured_media":0,"parent":0,"menu_order":0,"comment_status":"closed","ping_status":"closed","template":"","meta":{"ocean_post_layout":"full-width","ocean_both_sidebars_style":"","ocean_both_sidebars_content_width":0,"ocean_both_sidebars_sidebars_width":0,"ocean_sidebar":"0","ocean_second_sidebar":"0","ocean_disable_margins":"on","ocean_add_body_class":"","ocean_shortcode_before_top_bar":"","ocean_shortcode_after_top_bar":"","ocean_shortcode_before_header":"","ocean_shortcode_after_header":"","ocean_has_shortcode":"","ocean_shortcode_after_title":"","ocean_shortcode_before_footer_widgets":"","ocean_shortcode_after_footer_widgets":"","ocean_shortcode_before_footer_bottom":"","ocean_shortcode_after_footer_bottom":"","ocean_display_top_bar":"off","ocean_display_header":"on","ocean_header_style":"transparent","ocean_center_header_left_menu":"0","ocean_custom_header_template":"0","ocean_custom_logo":0,"ocean_custom_retina_logo":0,"ocean_custom_logo_max_width":0,"ocean_custom_logo_tablet_max_width":0,"ocean_custom_logo_mobile_max_width":0,"ocean_custom_logo_max_height":0,"ocean_custom_logo_tablet_max_height":0,"ocean_custom_logo_mobile_max_height":0,"ocean_header_custom_menu":"0","ocean_menu_typo_font_family":"0","ocean_menu_typo_font_subset":"","ocean_menu_typo_font_size":0,"ocean_menu_typo_font_size_tablet":0,"ocean_menu_typo_font_size_mobile":0,"ocean_menu_typo_font_size_unit":"px","ocean_menu_typo_font_weight":"","ocean_menu_typo_font_weight_tablet":"","ocean_menu_typo_font_weight_mobile":"","ocean_menu_typo_transform":"","ocean_menu_typo_transform_tablet":"","ocean_menu_typo_transform_mobile":"","ocean_menu_typo_line_height":0,"ocean_menu_typo_line_height_tablet":0,"ocean_menu_typo_line_height_mobile":0,"ocean_menu_typo_line_height_unit":"","ocean_menu_typo_spacing":0,"ocean_menu_typo_spacing_tablet":0,"ocean_menu_typo_spacing_mobile":0,"ocean_menu_typo_spacing_unit":"","ocean_menu_link_color":"","ocean_menu_link_color_hover":"","ocean_menu_link_color_active":"","ocean_menu_link_background":"","ocean_menu_link_hover_background":"","ocean_menu_link_active_background":"","ocean_menu_social_links_bg":"","ocean_menu_social_hover_links_bg":"","ocean_menu_social_links_color":"","ocean_menu_social_hover_links_color":"","ocean_disable_title":"on","ocean_disable_heading":"default","ocean_post_title":"","ocean_post_subheading":"","ocean_post_title_style":"","ocean_post_title_background_color":"","ocean_post_title_background":0,"ocean_post_title_bg_image_position":"","ocean_post_title_bg_image_attachment":"","ocean_post_title_bg_image_repeat":"","ocean_post_title_bg_image_size":"","ocean_post_title_height":0,"ocean_post_title_bg_overlay":0.5,"ocean_post_title_bg_overlay_color":"","ocean_disable_breadcrumbs":"default","ocean_breadcrumbs_color":"","ocean_breadcrumbs_separator_color":"","ocean_breadcrumbs_links_color":"","ocean_breadcrumbs_links_hover_color":"","ocean_display_footer_widgets":"default","ocean_display_footer_bottom":"default","ocean_custom_footer_template":"0","footnotes":""},"class_list":["post-279","page","type-page","status-publish","hentry","entry"],"_links":{"self":[{"href":"https:\/\/www.mercator-gs.de\/buildingsite\/wp-json\/wp\/v2\/pages\/279","targetHints":{"allow":["GET"]}}],"collection":[{"href":"https:\/\/www.mercator-gs.de\/buildingsite\/wp-json\/wp\/v2\/pages"}],"about":[{"href":"https:\/\/www.mercator-gs.de\/buildingsite\/wp-json\/wp\/v2\/types\/page"}],"author":[{"embeddable":true,"href":"https:\/\/www.mercator-gs.de\/buildingsite\/wp-json\/wp\/v2\/users\/1"}],"replies":[{"embeddable":true,"href":"https:\/\/www.mercator-gs.de\/buildingsite\/wp-json\/wp\/v2\/comments?post=279"}],"version-history":[{"count":11,"href":"https:\/\/www.mercator-gs.de\/buildingsite\/wp-json\/wp\/v2\/pages\/279\/revisions"}],"predecessor-version":[{"id":2857,"href":"https:\/\/www.mercator-gs.de\/buildingsite\/wp-json\/wp\/v2\/pages\/279\/revisions\/2857"}],"wp:attachment":[{"href":"https:\/\/www.mercator-gs.de\/buildingsite\/wp-json\/wp\/v2\/media?parent=279"}],"curies":[{"name":"wp","href":"https:\/\/api.w.org\/{rel}","templated":true}]}}