{"id":277,"date":"2021-11-18T21:13:07","date_gmt":"2021-11-18T20:13:07","guid":{"rendered":"https:\/\/www.mercator-gs.de\/buildingsite\/?page_id=277"},"modified":"2025-10-04T20:49:04","modified_gmt":"2025-10-04T18:49:04","slug":"zauberhafte-physik","status":"publish","type":"page","link":"https:\/\/www.mercator-gs.de\/buildingsite\/zauberhafte-physik\/","title":{"rendered":"ZAUBERHAFTE PHYSIK"},"content":{"rendered":"\t\t<div data-elementor-type=\"wp-page\" data-elementor-id=\"277\" class=\"elementor elementor-277\">\n\t\t\t\t\t\t<section class=\"elementor-section elementor-top-section elementor-element elementor-element-b4bd48f elementor-section-boxed elementor-section-height-default elementor-section-height-default wpr-particle-no wpr-jarallax-no wpr-parallax-no wpr-sticky-section-no\" data-id=\"b4bd48f\" data-element_type=\"section\">\n\t\t\t\t\t\t<div class=\"elementor-container elementor-column-gap-default\">\n\t\t\t\t\t<div class=\"elementor-column elementor-col-100 elementor-top-column elementor-element elementor-element-fddd8dd\" data-id=\"fddd8dd\" data-element_type=\"column\">\n\t\t\t<div class=\"elementor-widget-wrap elementor-element-populated\">\n\t\t\t\t\t\t<div class=\"elementor-element elementor-element-fe3ea16 elementor-widget elementor-widget-spacer\" data-id=\"fe3ea16\" data-element_type=\"widget\" data-widget_type=\"spacer.default\">\n\t\t\t\t<div class=\"elementor-widget-container\">\n\t\t\t\t\t\t\t<div class=\"elementor-spacer\">\n\t\t\t<div class=\"elementor-spacer-inner\"><\/div>\n\t\t<\/div>\n\t\t\t\t\t\t<\/div>\n\t\t\t\t<\/div>\n\t\t\t\t\t<\/div>\n\t\t<\/div>\n\t\t\t\t\t<\/div>\n\t\t<\/section>\n\t\t\t\t<section class=\"elementor-section elementor-top-section elementor-element elementor-element-5df004b elementor-section-boxed elementor-section-height-default elementor-section-height-default wpr-particle-no wpr-jarallax-no wpr-parallax-no wpr-sticky-section-no\" data-id=\"5df004b\" data-element_type=\"section\">\n\t\t\t\t\t\t<div class=\"elementor-container elementor-column-gap-default\">\n\t\t\t\t\t<div class=\"elementor-column elementor-col-100 elementor-top-column elementor-element elementor-element-2c9dd51\" data-id=\"2c9dd51\" data-element_type=\"column\">\n\t\t\t<div class=\"elementor-widget-wrap elementor-element-populated\">\n\t\t\t\t\t\t<div class=\"elementor-element elementor-element-3d7b9c9 elementor-widget elementor-widget-text-editor\" data-id=\"3d7b9c9\" data-element_type=\"widget\" data-widget_type=\"text-editor.default\">\n\t\t\t\t<div class=\"elementor-widget-container\">\n\t\t\t\t\t\t\t\t\t<section style=\"font-size: inherit;\"><header class=\"major\" style=\"padding-bottom: 3em; font-size: inherit; text-transform: uppercase;\"><h2 style=\"margin-bottom: 0px; font-size: 2.6em; line-height: 1em; font-family: 'Indie Flower', cursive; color: inherit;\">ZAUBERHAFTE PHYSIK &#8211; DEN R\u00c4TSELN DER NATUR AUF DER\u00a0<\/h2><h2 style=\"margin-bottom: 0px; font-size: 2.6em; line-height: 1em; font-family: 'Indie Flower', cursive; color: inherit;\">SPUR!<\/h2><\/header><\/section>\t\t\t\t\t\t\t\t<\/div>\n\t\t\t\t<\/div>\n\t\t\t\t\t<\/div>\n\t\t<\/div>\n\t\t\t\t\t<\/div>\n\t\t<\/section>\n\t\t\t\t<section class=\"elementor-section elementor-top-section elementor-element elementor-element-ba19a06 elementor-section-boxed elementor-section-height-default elementor-section-height-default wpr-particle-no wpr-jarallax-no wpr-parallax-no wpr-sticky-section-no\" data-id=\"ba19a06\" data-element_type=\"section\">\n\t\t\t\t\t\t<div class=\"elementor-container elementor-column-gap-default\">\n\t\t\t\t\t<div class=\"elementor-column elementor-col-100 elementor-top-column elementor-element elementor-element-f652cdf\" data-id=\"f652cdf\" data-element_type=\"column\">\n\t\t\t<div class=\"elementor-widget-wrap elementor-element-populated\">\n\t\t\t\t\t\t<div class=\"elementor-element elementor-element-9dc5e5a elementor-widget elementor-widget-text-editor\" data-id=\"9dc5e5a\" data-element_type=\"widget\" data-widget_type=\"text-editor.default\">\n\t\t\t\t<div class=\"elementor-widget-container\">\n\t\t\t\t\t\t\t\t\t<p><span style=\"font-family: Verdana;\">Seit September 2011 gibt es an der Mercatorschule das Projekt&nbsp;<a style=\"font-size: inherit; color: #82b440; text-decoration-line: underline;\" href=\"https:\/\/www.buergerstiftung-berlin.de\/projekte\/zauberhafte-physik\">\u201eZauberhafte Physik\u201c der B\u00fcrgerstiftung Berlin<\/a>. Jede Woche kommen unsere ehrenamtlichen Physikpaten (einige bereits seit 2011!) am Donnerstag mit einem Koffer voller Versuchsmaterialien zu den Themenfeldern Luft, Wasser, Strom, Hebel, Magnete, Kraft oder Reibung.<\/span><\/p>\n<p><span style=\"font-family: Verdana;\"><br><\/span><\/p>\n<p><\/p>\n<h3 style=\"margin-bottom: 0px; font-style: normal; font-variant-ligatures: normal; font-variant-caps: normal; font-size: 1.25em; line-height: inherit; font-family: Cambria, sans-serif; color: #0046a8;\"><span style=\"font-family: Verdana;\">Wie ist die Organisation?<\/span><\/h3>\n<div><span style=\"font-size: 22px;\">Wochenweise kommt jeweils eine Gruppe von 10 bis 12 Drittkl\u00e4sslern f\u00fcr zwei Stunden in den Nawi-Raum.&nbsp;<\/span><br><\/div>\n<p><span style=\"font-size: 22px;\">Dort gibt es einen Moderator, der hinter einem Tisch voller Versuchsmaterialien ausgew\u00e4hlte Fragen <br>aus dem Bereich der Physik stellt.Die Sch\u00fcler bilden dazu ihre Hypothesen und k\u00f6nnen diese dann in kleinen Gruppen (2-4 Kinder) gemeinsam mit einem Tischpaten experimentell \u00fcberpr\u00fcfen. Die Ergebnisse werden besprochen. Der Versuch erh\u00e4lt einen Namen.<\/span><\/p>\t\t\t\t\t\t\t\t<\/div>\n\t\t\t\t<\/div>\n\t\t\t\t\t<\/div>\n\t\t<\/div>\n\t\t\t\t\t<\/div>\n\t\t<\/section>\n\t\t\t\t<section class=\"elementor-section elementor-top-section elementor-element elementor-element-662278e elementor-section-boxed elementor-section-height-default elementor-section-height-default wpr-particle-no wpr-jarallax-no wpr-parallax-no wpr-sticky-section-no\" data-id=\"662278e\" data-element_type=\"section\">\n\t\t\t\t\t\t<div class=\"elementor-container elementor-column-gap-default\">\n\t\t\t\t\t<div class=\"elementor-column elementor-col-100 elementor-top-column elementor-element elementor-element-64d83a7\" data-id=\"64d83a7\" data-element_type=\"column\">\n\t\t\t<div class=\"elementor-widget-wrap elementor-element-populated\">\n\t\t\t\t\t\t<div class=\"elementor-element elementor-element-d893b3b elementor-widget elementor-widget-image\" data-id=\"d893b3b\" data-element_type=\"widget\" data-widget_type=\"image.default\">\n\t\t\t\t<div class=\"elementor-widget-container\">\n\t\t\t\t\t\t\t\t\t\t\t\t\t\t\t<img fetchpriority=\"high\" decoding=\"async\" width=\"768\" height=\"576\" src=\"https:\/\/www.mercator-gs.de\/buildingsite\/wp-content\/uploads\/2021\/11\/zauberhafte-physik-768x576.jpg\" class=\"attachment-medium_large size-medium_large wp-image-109\" alt=\"\" srcset=\"https:\/\/www.mercator-gs.de\/buildingsite\/wp-content\/uploads\/2021\/11\/zauberhafte-physik-768x576.jpg 768w, https:\/\/www.mercator-gs.de\/buildingsite\/wp-content\/uploads\/2021\/11\/zauberhafte-physik-300x225.jpg 300w, https:\/\/www.mercator-gs.de\/buildingsite\/wp-content\/uploads\/2021\/11\/zauberhafte-physik-1024x768.jpg 1024w, https:\/\/www.mercator-gs.de\/buildingsite\/wp-content\/uploads\/2021\/11\/zauberhafte-physik-1536x1152.jpg 1536w, https:\/\/www.mercator-gs.de\/buildingsite\/wp-content\/uploads\/2021\/11\/zauberhafte-physik-2048x1536.jpg 2048w\" sizes=\"(max-width: 768px) 100vw, 768px\" \/>\t\t\t\t\t\t\t\t\t\t\t\t\t\t\t<\/div>\n\t\t\t\t<\/div>\n\t\t\t\t\t<\/div>\n\t\t<\/div>\n\t\t\t\t\t<\/div>\n\t\t<\/section>\n\t\t\t\t<section class=\"elementor-section elementor-top-section elementor-element elementor-element-38b2523 elementor-section-boxed elementor-section-height-default elementor-section-height-default wpr-particle-no wpr-jarallax-no wpr-parallax-no wpr-sticky-section-no\" data-id=\"38b2523\" data-element_type=\"section\">\n\t\t\t\t\t\t<div class=\"elementor-container elementor-column-gap-default\">\n\t\t\t\t\t<div class=\"elementor-column elementor-col-100 elementor-top-column elementor-element elementor-element-a310cd0\" data-id=\"a310cd0\" data-element_type=\"column\">\n\t\t\t<div class=\"elementor-widget-wrap elementor-element-populated\">\n\t\t\t\t\t\t<div class=\"elementor-element elementor-element-cfde98a elementor-widget elementor-widget-text-editor\" data-id=\"cfde98a\" data-element_type=\"widget\" data-widget_type=\"text-editor.default\">\n\t\t\t\t<div class=\"elementor-widget-container\">\n\t\t\t\t\t\t\t\t\t<p><span style=\"color: #0046a8; font-family: Verdana; font-size: 22.4px; font-style: normal; font-variant-ligatures: normal; font-variant-caps: normal; font-weight: 300; text-align: justify;\">\u00dcberraschende Erfahrungen werden gemacht: H\u00e4tten Sie gedacht, dass eine Kugel Knete durch einige wenige Handgriffe das Schwimmen lernt (Foto )? \u2026, dass ein Toaster einen simplen gelben M\u00fcllsack zu einem wundervoll schwebenden Hei\u00dfluftballon werden l\u00e4sst? \u2026, dass ich ein gef\u00fclltes Wasserglas mit einer Postkarte verkehrt herum tragen kann? Und nicht nur die physikalischen Erkenntnisse begeistern die Sch\u00fcler. Ganz besonders genie\u00dfen sie auch die intensive Patenbetreuung in den kleinen Gruppen. Sie bedanken sich oft f\u00fcr die \u201evielen Tickse\u201c, die sie gelernt haben und fragen ganz vorwurfsvoll nach, wenn ein Pate mal nicht anwesend ist.<\/span><\/p>\t\t\t\t\t\t\t\t<\/div>\n\t\t\t\t<\/div>\n\t\t\t\t\t<\/div>\n\t\t<\/div>\n\t\t\t\t\t<\/div>\n\t\t<\/section>\n\t\t\t\t<section class=\"elementor-section elementor-top-section elementor-element elementor-element-022ff50 elementor-section-boxed elementor-section-height-default elementor-section-height-default wpr-particle-no wpr-jarallax-no wpr-parallax-no wpr-sticky-section-no\" data-id=\"022ff50\" data-element_type=\"section\">\n\t\t\t\t\t\t<div class=\"elementor-container elementor-column-gap-default\">\n\t\t\t\t\t<div class=\"elementor-column elementor-col-100 elementor-top-column elementor-element elementor-element-285042f\" data-id=\"285042f\" data-element_type=\"column\">\n\t\t\t<div class=\"elementor-widget-wrap elementor-element-populated\">\n\t\t\t\t\t\t<div class=\"elementor-element elementor-element-6c9da68 elementor-widget elementor-widget-image\" data-id=\"6c9da68\" data-element_type=\"widget\" data-widget_type=\"image.default\">\n\t\t\t\t<div class=\"elementor-widget-container\">\n\t\t\t\t\t\t\t\t\t\t\t\t\t\t\t<img decoding=\"async\" width=\"300\" height=\"253\" src=\"https:\/\/www.mercator-gs.de\/buildingsite\/wp-content\/uploads\/2021\/11\/cropped-mercator_logo-300x253.png\" class=\"attachment-medium size-medium wp-image-171\" alt=\"\" srcset=\"https:\/\/www.mercator-gs.de\/buildingsite\/wp-content\/uploads\/2021\/11\/cropped-mercator_logo-300x253.png 300w, https:\/\/www.mercator-gs.de\/buildingsite\/wp-content\/uploads\/2021\/11\/cropped-mercator_logo.png 370w\" sizes=\"(max-width: 300px) 100vw, 300px\" \/>\t\t\t\t\t\t\t\t\t\t\t\t\t\t\t<\/div>\n\t\t\t\t<\/div>\n\t\t\t\t\t<\/div>\n\t\t<\/div>\n\t\t\t\t\t<\/div>\n\t\t<\/section>\n\t\t\t\t<section class=\"elementor-section elementor-top-section elementor-element elementor-element-446f3a5 elementor-section-boxed elementor-section-height-default elementor-section-height-default wpr-particle-no wpr-jarallax-no wpr-parallax-no wpr-sticky-section-no\" data-id=\"446f3a5\" data-element_type=\"section\">\n\t\t\t\t\t\t<div class=\"elementor-container elementor-column-gap-default\">\n\t\t\t\t\t<div class=\"elementor-column elementor-col-100 elementor-top-column elementor-element elementor-element-07de04c\" data-id=\"07de04c\" data-element_type=\"column\">\n\t\t\t<div class=\"elementor-widget-wrap elementor-element-populated\">\n\t\t\t\t\t\t<div class=\"elementor-element elementor-element-5f15f26 elementor-widget elementor-widget-spacer\" data-id=\"5f15f26\" data-element_type=\"widget\" data-widget_type=\"spacer.default\">\n\t\t\t\t<div class=\"elementor-widget-container\">\n\t\t\t\t\t\t\t<div class=\"elementor-spacer\">\n\t\t\t<div class=\"elementor-spacer-inner\"><\/div>\n\t\t<\/div>\n\t\t\t\t\t\t<\/div>\n\t\t\t\t<\/div>\n\t\t\t\t\t<\/div>\n\t\t<\/div>\n\t\t\t\t\t<\/div>\n\t\t<\/section>\n\t\t\t\t<section class=\"elementor-section elementor-top-section elementor-element elementor-element-9b298c4 elementor-section-boxed elementor-section-height-default elementor-section-height-default wpr-particle-no wpr-jarallax-no wpr-parallax-no wpr-sticky-section-no\" data-id=\"9b298c4\" data-element_type=\"section\">\n\t\t\t\t\t\t<div class=\"elementor-container elementor-column-gap-default\">\n\t\t\t\t\t<div class=\"elementor-column elementor-col-100 elementor-top-column elementor-element elementor-element-4bcf72d\" data-id=\"4bcf72d\" data-element_type=\"column\">\n\t\t\t<div class=\"elementor-widget-wrap elementor-element-populated\">\n\t\t\t\t\t\t<div class=\"elementor-element elementor-element-227c29e elementor-widget elementor-widget-text-editor\" data-id=\"227c29e\" data-element_type=\"widget\" data-widget_type=\"text-editor.default\">\n\t\t\t\t<div class=\"elementor-widget-container\">\n\t\t\t\t\t\t\t\t\t<table id=\"LPContainer551082\" style=\"padding: 12px 36px 12px 12px; border-radius: 2px; border: 1px solid #c8c8c8;\" role=\"presentation\"><tbody><tr style=\"border-spacing: 0px;\" valign=\"top\"><td><div id=\"LPImageContainer551082\" style=\"position: relative; margin-right: 12px; height: 180px; overflow: hidden; width: 240px;\"><a id=\"LPImageAnchor551082\" href=\"https:\/\/www.berliner-woche.de\/prenzlauer-berg\/c-bildung\/ehrenamtliche-tragen-das-projekt-zauberhafte-physik-in-berliner-grundschulen_a256243\" target=\"_blank\" rel=\"noopener\"><img decoding=\"async\" id=\"LPThumbnailImageId551082\" style=\"display: block;\" src=\"https:\/\/media04.berliner-woche.de\/article\/2020\/03\/08\/4\/308344_XXL.jpg\" alt=\"\" width=\"240\" height=\"180\" \/><\/a><\/div><\/td><td style=\"width: 100%;\"><div id=\"LPTitle551082\" style=\"font-size: 21px; font-weight: 300; margin-right: 8px; font-family: wf_segoe-ui_light, 'Segoe UI Light', 'Segoe WP Light', 'Segoe UI', 'Segoe WP', Tahoma, Arial, sans-serif; margin-bottom: 12px;\"><a id=\"LPUrlAnchor551082\" style=\"color: var(--themeprimary);\" href=\"https:\/\/www.berliner-woche.de\/prenzlauer-berg\/c-bildung\/ehrenamtliche-tragen-das-projekt-zauberhafte-physik-in-berliner-grundschulen_a256243\" target=\"_blank\" rel=\"noopener\">Die mit dem gelben Koffer: Ehrenamtliche tragen das Projekt \u201eZauberhafte Physik\u201c in Berliner Grundschulen &#8211; Prenzlauer Berg<\/a><\/div><div id=\"LPDescription551082\" style=\"font-size: 14px; max-height: 100px; color: #666666; font-family: wf_segoe-ui_normal, 'Segoe UI', 'Segoe WP', Tahoma, Arial, sans-serif; margin-bottom: 12px; margin-right: 8px; overflow: hidden;\">Tats\u00e4chlich \u2013 die B\u00fcroklammer schwimmt auf dem Wasser! Auf die Oberfl\u00e4chenspannung ist eben Verlass. Die f\u00fcnf \u00e4lteren Herren beobachten mit sichtlicher Begeisterung das Erstaunen der Kinder &#8230;<\/div><div id=\"LPMetadata551082\" style=\"font-size: 14px; font-weight: 400; color: #a6a6a6; font-family: wf_segoe-ui_normal, 'Segoe UI', 'Segoe WP', Tahoma, Arial, sans-serif;\">www.berliner-woche.de<\/div><\/td><\/tr><\/tbody><\/table>\t\t\t\t\t\t\t\t<\/div>\n\t\t\t\t<\/div>\n\t\t\t\t\t<\/div>\n\t\t<\/div>\n\t\t\t\t\t<\/div>\n\t\t<\/section>\n\t\t\t\t<\/div>\n\t\t","protected":false},"excerpt":{"rendered":"<p>ZAUBERHAFTE PHYSIK &#8211; DEN R\u00c4TSELN DER NATUR AUF DER\u00a0 SPUR! Seit September 2011 gibt es an der Mercatorschule das Projekt&nbsp;\u201eZauberhafte Physik\u201c der B\u00fcrgerstiftung Berlin. Jede Woche kommen unsere ehrenamtlichen Physikpaten (einige bereits seit 2011!) am Donnerstag mit einem Koffer voller Versuchsmaterialien zu den Themenfeldern Luft, Wasser, Strom, Hebel, Magnete, Kraft oder Reibung. Wie ist die Organisation? Wochenweise kommt jeweils eine Gruppe von 10 bis 12 Drittkl\u00e4sslern f\u00fcr zwei Stunden in den Nawi-Raum.&nbsp; Dort gibt es einen Moderator, der hinter einem Tisch voller Versuchsmaterialien ausgew\u00e4hlte Fragen aus dem Bereich der Physik stellt.Die Sch\u00fcler bilden dazu ihre Hypothesen und k\u00f6nnen diese dann in kleinen Gruppen (2-4 Kinder) gemeinsam mit einem Tischpaten experimentell \u00fcberpr\u00fcfen. Die Ergebnisse werden besprochen. Der Versuch erh\u00e4lt einen Namen. \u00dcberraschende Erfahrungen werden gemacht: H\u00e4tten Sie gedacht, dass eine Kugel Knete durch einige wenige Handgriffe das Schwimmen lernt (Foto )? \u2026, dass ein Toaster einen simplen gelben M\u00fcllsack zu einem wundervoll schwebenden Hei\u00dfluftballon werden l\u00e4sst? \u2026, dass ich ein gef\u00fclltes Wasserglas mit einer Postkarte verkehrt herum tragen kann? Und nicht nur die physikalischen Erkenntnisse begeistern die Sch\u00fcler. Ganz besonders genie\u00dfen sie auch die intensive Patenbetreuung in den kleinen Gruppen. Sie bedanken sich oft f\u00fcr die \u201evielen Tickse\u201c, die sie gelernt haben und fragen ganz vorwurfsvoll nach, wenn ein Pate mal nicht anwesend ist. Die mit dem gelben Koffer: Ehrenamtliche tragen das Projekt \u201eZauberhafte Physik\u201c in Berliner Grundschulen &#8211; Prenzlauer BergTats\u00e4chlich \u2013 die B\u00fcroklammer schwimmt auf dem Wasser! Auf die Oberfl\u00e4chenspannung ist eben Verlass. Die f\u00fcnf \u00e4lteren Herren beobachten mit sichtlicher Begeisterung das Erstaunen der Kinder &#8230;www.berliner-woche.de<\/p>\n","protected":false},"author":1,"featured_media":0,"parent":0,"menu_order":0,"comment_status":"closed","ping_status":"closed","template":"","meta":{"ocean_post_layout":"full-width","ocean_both_sidebars_style":"","ocean_both_sidebars_content_width":0,"ocean_both_sidebars_sidebars_width":0,"ocean_sidebar":"0","ocean_second_sidebar":"0","ocean_disable_margins":"on","ocean_add_body_class":"","ocean_shortcode_before_top_bar":"","ocean_shortcode_after_top_bar":"","ocean_shortcode_before_header":"","ocean_shortcode_after_header":"","ocean_has_shortcode":"","ocean_shortcode_after_title":"","ocean_shortcode_before_footer_widgets":"","ocean_shortcode_after_footer_widgets":"","ocean_shortcode_before_footer_bottom":"","ocean_shortcode_after_footer_bottom":"","ocean_display_top_bar":"off","ocean_display_header":"on","ocean_header_style":"transparent","ocean_center_header_left_menu":"0","ocean_custom_header_template":"0","ocean_custom_logo":0,"ocean_custom_retina_logo":0,"ocean_custom_logo_max_width":0,"ocean_custom_logo_tablet_max_width":0,"ocean_custom_logo_mobile_max_width":0,"ocean_custom_logo_max_height":0,"ocean_custom_logo_tablet_max_height":0,"ocean_custom_logo_mobile_max_height":0,"ocean_header_custom_menu":"0","ocean_menu_typo_font_family":"0","ocean_menu_typo_font_subset":"","ocean_menu_typo_font_size":0,"ocean_menu_typo_font_size_tablet":0,"ocean_menu_typo_font_size_mobile":0,"ocean_menu_typo_font_size_unit":"px","ocean_menu_typo_font_weight":"","ocean_menu_typo_font_weight_tablet":"","ocean_menu_typo_font_weight_mobile":"","ocean_menu_typo_transform":"","ocean_menu_typo_transform_tablet":"","ocean_menu_typo_transform_mobile":"","ocean_menu_typo_line_height":0,"ocean_menu_typo_line_height_tablet":0,"ocean_menu_typo_line_height_mobile":0,"ocean_menu_typo_line_height_unit":"","ocean_menu_typo_spacing":0,"ocean_menu_typo_spacing_tablet":0,"ocean_menu_typo_spacing_mobile":0,"ocean_menu_typo_spacing_unit":"","ocean_menu_link_color":"","ocean_menu_link_color_hover":"","ocean_menu_link_color_active":"","ocean_menu_link_background":"","ocean_menu_link_hover_background":"","ocean_menu_link_active_background":"","ocean_menu_social_links_bg":"","ocean_menu_social_hover_links_bg":"","ocean_menu_social_links_color":"","ocean_menu_social_hover_links_color":"","ocean_disable_title":"on","ocean_disable_heading":"default","ocean_post_title":"","ocean_post_subheading":"","ocean_post_title_style":"","ocean_post_title_background_color":"","ocean_post_title_background":0,"ocean_post_title_bg_image_position":"","ocean_post_title_bg_image_attachment":"","ocean_post_title_bg_image_repeat":"","ocean_post_title_bg_image_size":"","ocean_post_title_height":0,"ocean_post_title_bg_overlay":0.5,"ocean_post_title_bg_overlay_color":"","ocean_disable_breadcrumbs":"default","ocean_breadcrumbs_color":"","ocean_breadcrumbs_separator_color":"","ocean_breadcrumbs_links_color":"","ocean_breadcrumbs_links_hover_color":"","ocean_display_footer_widgets":"default","ocean_display_footer_bottom":"default","ocean_custom_footer_template":"0","footnotes":""},"class_list":["post-277","page","type-page","status-publish","hentry","entry"],"_links":{"self":[{"href":"https:\/\/www.mercator-gs.de\/buildingsite\/wp-json\/wp\/v2\/pages\/277","targetHints":{"allow":["GET"]}}],"collection":[{"href":"https:\/\/www.mercator-gs.de\/buildingsite\/wp-json\/wp\/v2\/pages"}],"about":[{"href":"https:\/\/www.mercator-gs.de\/buildingsite\/wp-json\/wp\/v2\/types\/page"}],"author":[{"embeddable":true,"href":"https:\/\/www.mercator-gs.de\/buildingsite\/wp-json\/wp\/v2\/users\/1"}],"replies":[{"embeddable":true,"href":"https:\/\/www.mercator-gs.de\/buildingsite\/wp-json\/wp\/v2\/comments?post=277"}],"version-history":[{"count":13,"href":"https:\/\/www.mercator-gs.de\/buildingsite\/wp-json\/wp\/v2\/pages\/277\/revisions"}],"predecessor-version":[{"id":2842,"href":"https:\/\/www.mercator-gs.de\/buildingsite\/wp-json\/wp\/v2\/pages\/277\/revisions\/2842"}],"wp:attachment":[{"href":"https:\/\/www.mercator-gs.de\/buildingsite\/wp-json\/wp\/v2\/media?parent=277"}],"curies":[{"name":"wp","href":"https:\/\/api.w.org\/{rel}","templated":true}]}}