{"id":276,"date":"2021-11-18T21:13:07","date_gmt":"2021-11-18T20:13:07","guid":{"rendered":"https:\/\/www.mercator-gs.de\/buildingsite\/?page_id=276"},"modified":"2025-10-04T20:47:10","modified_gmt":"2025-10-04T18:47:10","slug":"schulbibliothek","status":"publish","type":"page","link":"https:\/\/www.mercator-gs.de\/buildingsite\/schulbibliothek\/","title":{"rendered":"SCHULBIBLIOTHEK"},"content":{"rendered":"\t\t<div data-elementor-type=\"wp-page\" data-elementor-id=\"276\" class=\"elementor elementor-276\">\n\t\t\t\t\t\t<section class=\"elementor-section elementor-top-section elementor-element elementor-element-34db52b elementor-section-boxed elementor-section-height-default elementor-section-height-default wpr-particle-no wpr-jarallax-no wpr-parallax-no wpr-sticky-section-no\" data-id=\"34db52b\" data-element_type=\"section\">\n\t\t\t\t\t\t<div class=\"elementor-container elementor-column-gap-default\">\n\t\t\t\t\t<div class=\"elementor-column elementor-col-100 elementor-top-column elementor-element elementor-element-ffc52c4\" data-id=\"ffc52c4\" data-element_type=\"column\">\n\t\t\t<div class=\"elementor-widget-wrap elementor-element-populated\">\n\t\t\t\t\t\t<div class=\"elementor-element elementor-element-b97cd0e elementor-widget elementor-widget-spacer\" data-id=\"b97cd0e\" data-element_type=\"widget\" data-widget_type=\"spacer.default\">\n\t\t\t\t<div class=\"elementor-widget-container\">\n\t\t\t\t\t\t\t<div class=\"elementor-spacer\">\n\t\t\t<div class=\"elementor-spacer-inner\"><\/div>\n\t\t<\/div>\n\t\t\t\t\t\t<\/div>\n\t\t\t\t<\/div>\n\t\t\t\t\t<\/div>\n\t\t<\/div>\n\t\t\t\t\t<\/div>\n\t\t<\/section>\n\t\t\t\t<section class=\"elementor-section elementor-top-section elementor-element elementor-element-8e7d659 elementor-section-boxed elementor-section-height-default elementor-section-height-default wpr-particle-no wpr-jarallax-no wpr-parallax-no wpr-sticky-section-no\" data-id=\"8e7d659\" data-element_type=\"section\">\n\t\t\t\t\t\t<div class=\"elementor-container elementor-column-gap-default\">\n\t\t\t\t\t<div class=\"elementor-column elementor-col-100 elementor-top-column elementor-element elementor-element-34f0060\" data-id=\"34f0060\" data-element_type=\"column\">\n\t\t\t<div class=\"elementor-widget-wrap elementor-element-populated\">\n\t\t\t\t\t\t<div class=\"elementor-element elementor-element-44ce9bf elementor-widget elementor-widget-text-editor\" data-id=\"44ce9bf\" data-element_type=\"widget\" data-widget_type=\"text-editor.default\">\n\t\t\t\t<div class=\"elementor-widget-container\">\n\t\t\t\t\t\t\t\t\t<header class=\"major\" style=\"padding-bottom: 3em; font-style: normal; font-variant-ligatures: normal; font-variant-caps: normal; font-weight: 300; font-size: 18.6667px; font-family: Cambria, sans-serif; text-transform: uppercase; color: #0046a8;\">\n<h2 style=\"margin-bottom: 0px; font-size: 2.6em; line-height: 1em; font-family: 'Indie Flower', cursive; color: inherit;\">UNSERE SCHULB\u00dcCHEREI &#8211; DAMIT DEM LESEVERGN\u00dcGEN NICHTS IM WEGE STEHT!<\/h2>\n<\/header>\n<p style=\"margin-bottom: 2em; font-style: normal; font-variant-ligatures: normal; font-variant-caps: normal; font-weight: 300; font-size: 1.2em; line-height: 1.8em; font-family: Cambria, sans-serif; color: #0046a8;\">Unsere Schulb\u00fccherei &#8211; damit dem Lesevergn\u00fcgen nichts im Wege steht!<\/p>\n<p style=\"margin-bottom: 2em; font-style: normal; font-variant-ligatures: normal; font-variant-caps: normal; font-weight: 300; font-size: 1.2em; line-height: 1.8em; font-family: Cambria, sans-serif; color: #0046a8;\">An unserer Schule gibt es eine Schulb\u00fccherei, die von der Stadtbibliothek Steglitz-Zehlendorf unterst\u00fctzt und betreut wird. Die Bibliothek ist jeden Donnerstag von 8.00 \u2013 13.30 Uhr ge\u00f6ffnet, wo Herr Scholz unsere Klassen in Empfang nimmt. Die Kinder k\u00f6nnen hier in Ruhe lesen und sich jede Woche neue B\u00fccher ausleihen. Da freut sich jeder B\u00fccherwurm!\n<p style=\"margin-bottom: 2em; font-style: normal; font-variant-ligatures: normal; font-variant-caps: normal; font-weight: 300; font-size: 1.2em; line-height: 1.8em; font-family: Cambria, sans-serif; color: #0046a8;\">Die Sch\u00fcler:innen k\u00f6nnen ab der 1. Klasse einen Lesef\u00fchrerschein machen.<\/p>\t\t\t\t\t\t\t\t<\/div>\n\t\t\t\t<\/div>\n\t\t\t\t\t<\/div>\n\t\t<\/div>\n\t\t\t\t\t<\/div>\n\t\t<\/section>\n\t\t\t\t<section class=\"elementor-section elementor-top-section elementor-element elementor-element-6d88463 elementor-section-boxed elementor-section-height-default elementor-section-height-default wpr-particle-no wpr-jarallax-no wpr-parallax-no wpr-sticky-section-no\" data-id=\"6d88463\" data-element_type=\"section\">\n\t\t\t\t\t\t<div class=\"elementor-container elementor-column-gap-default\">\n\t\t\t\t\t<div class=\"elementor-column elementor-col-100 elementor-top-column elementor-element elementor-element-7f1118a\" data-id=\"7f1118a\" data-element_type=\"column\">\n\t\t\t<div class=\"elementor-widget-wrap elementor-element-populated\">\n\t\t\t\t\t\t<div class=\"elementor-element elementor-element-e128f7e elementor-widget elementor-widget-image\" data-id=\"e128f7e\" data-element_type=\"widget\" data-widget_type=\"image.default\">\n\t\t\t\t<div class=\"elementor-widget-container\">\n\t\t\t\t\t\t\t\t\t\t\t\t\t\t\t<img fetchpriority=\"high\" decoding=\"async\" width=\"1000\" height=\"667\" src=\"https:\/\/www.mercator-gs.de\/buildingsite\/wp-content\/uploads\/2021\/11\/13-1.jpg\" class=\"attachment-large size-large wp-image-885\" alt=\"\" srcset=\"https:\/\/www.mercator-gs.de\/buildingsite\/wp-content\/uploads\/2021\/11\/13-1.jpg 1000w, https:\/\/www.mercator-gs.de\/buildingsite\/wp-content\/uploads\/2021\/11\/13-1-300x200.jpg 300w, https:\/\/www.mercator-gs.de\/buildingsite\/wp-content\/uploads\/2021\/11\/13-1-768x512.jpg 768w\" sizes=\"(max-width: 1000px) 100vw, 1000px\" \/>\t\t\t\t\t\t\t\t\t\t\t\t\t\t\t<\/div>\n\t\t\t\t<\/div>\n\t\t\t\t\t<\/div>\n\t\t<\/div>\n\t\t\t\t\t<\/div>\n\t\t<\/section>\n\t\t\t\t<section class=\"elementor-section elementor-top-section elementor-element elementor-element-69028a9 elementor-section-boxed elementor-section-height-default elementor-section-height-default wpr-particle-no wpr-jarallax-no wpr-parallax-no wpr-sticky-section-no\" data-id=\"69028a9\" data-element_type=\"section\">\n\t\t\t\t\t\t<div class=\"elementor-container elementor-column-gap-default\">\n\t\t\t\t\t<div class=\"elementor-column elementor-col-100 elementor-top-column elementor-element elementor-element-7aeae41\" data-id=\"7aeae41\" data-element_type=\"column\">\n\t\t\t<div class=\"elementor-widget-wrap elementor-element-populated\">\n\t\t\t\t\t\t<div class=\"elementor-element elementor-element-43757aa elementor-widget elementor-widget-image\" data-id=\"43757aa\" data-element_type=\"widget\" data-widget_type=\"image.default\">\n\t\t\t\t<div class=\"elementor-widget-container\">\n\t\t\t\t\t\t\t\t\t\t\t\t\t\t\t<img decoding=\"async\" width=\"667\" height=\"1000\" src=\"https:\/\/www.mercator-gs.de\/buildingsite\/wp-content\/uploads\/2021\/11\/10-1.jpg\" class=\"attachment-large size-large wp-image-886\" alt=\"\" srcset=\"https:\/\/www.mercator-gs.de\/buildingsite\/wp-content\/uploads\/2021\/11\/10-1.jpg 667w, https:\/\/www.mercator-gs.de\/buildingsite\/wp-content\/uploads\/2021\/11\/10-1-200x300.jpg 200w\" sizes=\"(max-width: 667px) 100vw, 667px\" \/>\t\t\t\t\t\t\t\t\t\t\t\t\t\t\t<\/div>\n\t\t\t\t<\/div>\n\t\t\t\t\t<\/div>\n\t\t<\/div>\n\t\t\t\t\t<\/div>\n\t\t<\/section>\n\t\t\t\t<\/div>\n\t\t","protected":false},"excerpt":{"rendered":"<p>UNSERE SCHULB\u00dcCHEREI &#8211; DAMIT DEM LESEVERGN\u00dcGEN NICHTS IM WEGE STEHT! Unsere Schulb\u00fccherei &#8211; damit dem Lesevergn\u00fcgen nichts im Wege steht! An unserer Schule gibt es eine Schulb\u00fccherei, die von der Stadtbibliothek Steglitz-Zehlendorf unterst\u00fctzt und betreut wird. Die Bibliothek ist jeden Donnerstag von 8.00 \u2013 13.30 Uhr ge\u00f6ffnet, wo Herr Scholz unsere Klassen in Empfang nimmt. Die Kinder k\u00f6nnen hier in Ruhe lesen und sich jede Woche neue B\u00fccher ausleihen. Da freut sich jeder B\u00fccherwurm! Die Sch\u00fcler:innen k\u00f6nnen ab der 1. Klasse einen Lesef\u00fchrerschein machen.<\/p>\n","protected":false},"author":1,"featured_media":0,"parent":0,"menu_order":0,"comment_status":"closed","ping_status":"closed","template":"","meta":{"ocean_post_layout":"full-width","ocean_both_sidebars_style":"","ocean_both_sidebars_content_width":0,"ocean_both_sidebars_sidebars_width":0,"ocean_sidebar":"0","ocean_second_sidebar":"0","ocean_disable_margins":"on","ocean_add_body_class":"","ocean_shortcode_before_top_bar":"","ocean_shortcode_after_top_bar":"","ocean_shortcode_before_header":"","ocean_shortcode_after_header":"","ocean_has_shortcode":"","ocean_shortcode_after_title":"","ocean_shortcode_before_footer_widgets":"","ocean_shortcode_after_footer_widgets":"","ocean_shortcode_before_footer_bottom":"","ocean_shortcode_after_footer_bottom":"","ocean_display_top_bar":"off","ocean_display_header":"on","ocean_header_style":"transparent","ocean_center_header_left_menu":"0","ocean_custom_header_template":"0","ocean_custom_logo":0,"ocean_custom_retina_logo":0,"ocean_custom_logo_max_width":0,"ocean_custom_logo_tablet_max_width":0,"ocean_custom_logo_mobile_max_width":0,"ocean_custom_logo_max_height":0,"ocean_custom_logo_tablet_max_height":0,"ocean_custom_logo_mobile_max_height":0,"ocean_header_custom_menu":"0","ocean_menu_typo_font_family":"0","ocean_menu_typo_font_subset":"","ocean_menu_typo_font_size":0,"ocean_menu_typo_font_size_tablet":0,"ocean_menu_typo_font_size_mobile":0,"ocean_menu_typo_font_size_unit":"px","ocean_menu_typo_font_weight":"","ocean_menu_typo_font_weight_tablet":"","ocean_menu_typo_font_weight_mobile":"","ocean_menu_typo_transform":"","ocean_menu_typo_transform_tablet":"","ocean_menu_typo_transform_mobile":"","ocean_menu_typo_line_height":0,"ocean_menu_typo_line_height_tablet":0,"ocean_menu_typo_line_height_mobile":0,"ocean_menu_typo_line_height_unit":"","ocean_menu_typo_spacing":0,"ocean_menu_typo_spacing_tablet":0,"ocean_menu_typo_spacing_mobile":0,"ocean_menu_typo_spacing_unit":"","ocean_menu_link_color":"","ocean_menu_link_color_hover":"","ocean_menu_link_color_active":"","ocean_menu_link_background":"","ocean_menu_link_hover_background":"","ocean_menu_link_active_background":"","ocean_menu_social_links_bg":"","ocean_menu_social_hover_links_bg":"","ocean_menu_social_links_color":"","ocean_menu_social_hover_links_color":"","ocean_disable_title":"on","ocean_disable_heading":"default","ocean_post_title":"","ocean_post_subheading":"","ocean_post_title_style":"","ocean_post_title_background_color":"","ocean_post_title_background":0,"ocean_post_title_bg_image_position":"","ocean_post_title_bg_image_attachment":"","ocean_post_title_bg_image_repeat":"","ocean_post_title_bg_image_size":"","ocean_post_title_height":0,"ocean_post_title_bg_overlay":0.5,"ocean_post_title_bg_overlay_color":"","ocean_disable_breadcrumbs":"default","ocean_breadcrumbs_color":"","ocean_breadcrumbs_separator_color":"","ocean_breadcrumbs_links_color":"","ocean_breadcrumbs_links_hover_color":"","ocean_display_footer_widgets":"default","ocean_display_footer_bottom":"default","ocean_custom_footer_template":"0","footnotes":""},"class_list":["post-276","page","type-page","status-publish","hentry","entry"],"_links":{"self":[{"href":"https:\/\/www.mercator-gs.de\/buildingsite\/wp-json\/wp\/v2\/pages\/276","targetHints":{"allow":["GET"]}}],"collection":[{"href":"https:\/\/www.mercator-gs.de\/buildingsite\/wp-json\/wp\/v2\/pages"}],"about":[{"href":"https:\/\/www.mercator-gs.de\/buildingsite\/wp-json\/wp\/v2\/types\/page"}],"author":[{"embeddable":true,"href":"https:\/\/www.mercator-gs.de\/buildingsite\/wp-json\/wp\/v2\/users\/1"}],"replies":[{"embeddable":true,"href":"https:\/\/www.mercator-gs.de\/buildingsite\/wp-json\/wp\/v2\/comments?post=276"}],"version-history":[{"count":16,"href":"https:\/\/www.mercator-gs.de\/buildingsite\/wp-json\/wp\/v2\/pages\/276\/revisions"}],"predecessor-version":[{"id":2838,"href":"https:\/\/www.mercator-gs.de\/buildingsite\/wp-json\/wp\/v2\/pages\/276\/revisions\/2838"}],"wp:attachment":[{"href":"https:\/\/www.mercator-gs.de\/buildingsite\/wp-json\/wp\/v2\/media?parent=276"}],"curies":[{"name":"wp","href":"https:\/\/api.w.org\/{rel}","templated":true}]}}