{"id":274,"date":"2021-11-18T21:13:06","date_gmt":"2021-11-18T20:13:06","guid":{"rendered":"https:\/\/www.mercator-gs.de\/buildingsite\/?page_id=274"},"modified":"2025-12-28T17:15:01","modified_gmt":"2025-12-28T16:15:01","slug":"veranstaltungen","status":"publish","type":"page","link":"https:\/\/www.mercator-gs.de\/buildingsite\/veranstaltungen\/","title":{"rendered":"VERANSTALTUNGEN"},"content":{"rendered":"\t\t<div data-elementor-type=\"wp-page\" data-elementor-id=\"274\" class=\"elementor elementor-274\">\n\t\t\t\t\t\t<section class=\"elementor-section elementor-top-section elementor-element elementor-element-4a95573 elementor-section-boxed elementor-section-height-default elementor-section-height-default wpr-particle-no wpr-jarallax-no wpr-parallax-no wpr-sticky-section-no\" data-id=\"4a95573\" data-element_type=\"section\">\n\t\t\t\t\t\t<div class=\"elementor-container elementor-column-gap-default\">\n\t\t\t\t\t<div class=\"elementor-column elementor-col-100 elementor-top-column elementor-element elementor-element-c8d19de\" data-id=\"c8d19de\" data-element_type=\"column\">\n\t\t\t<div class=\"elementor-widget-wrap elementor-element-populated\">\n\t\t\t\t\t\t<div class=\"elementor-element elementor-element-8f08c5f elementor-widget elementor-widget-spacer\" data-id=\"8f08c5f\" data-element_type=\"widget\" data-widget_type=\"spacer.default\">\n\t\t\t\t<div class=\"elementor-widget-container\">\n\t\t\t\t\t\t\t<div class=\"elementor-spacer\">\n\t\t\t<div class=\"elementor-spacer-inner\"><\/div>\n\t\t<\/div>\n\t\t\t\t\t\t<\/div>\n\t\t\t\t<\/div>\n\t\t\t\t\t<\/div>\n\t\t<\/div>\n\t\t\t\t\t<\/div>\n\t\t<\/section>\n\t\t\t\t<section class=\"elementor-section elementor-top-section elementor-element elementor-element-1c8a80d elementor-section-boxed elementor-section-height-default elementor-section-height-default wpr-particle-no wpr-jarallax-no wpr-parallax-no wpr-sticky-section-no\" data-id=\"1c8a80d\" data-element_type=\"section\">\n\t\t\t\t\t\t<div class=\"elementor-container elementor-column-gap-default\">\n\t\t\t\t\t<div class=\"elementor-column elementor-col-100 elementor-top-column elementor-element elementor-element-011b8b7\" data-id=\"011b8b7\" data-element_type=\"column\">\n\t\t\t<div class=\"elementor-widget-wrap elementor-element-populated\">\n\t\t\t\t\t\t<div class=\"elementor-element elementor-element-d966ff2 elementor-widget elementor-widget-text-editor\" data-id=\"d966ff2\" data-element_type=\"widget\" data-widget_type=\"text-editor.default\">\n\t\t\t\t<div class=\"elementor-widget-container\">\n\t\t\t\t\t\t\t\t\t<h2 style=\"margin-bottom: 0px; font-size: 2.6em; line-height: 1em; font-family: 'Indie Flower', cursive; color: inherit;\"><br><\/h2><h2 style=\"margin-bottom: 0px; font-size: 2.6em; line-height: 1em; font-family: 'Indie Flower', cursive; color: inherit;\">Weihnachtsfeier der Ehrenamtlichen \u2013&nbsp;<\/h2>\n<h2 style=\"margin-bottom: 0px; font-size: 2.6em; line-height: 1em; font-family: 'Indie Flower', cursive; color: inherit;\">Ein herzliches Dankesch\u00f6n<\/h2>\n<div>&nbsp;<\/div>\n<p class=\"yiv5679814704MsoNormal\">Am 12. Dezember 2025 fand unsere Weihnachtsfeier zu Ehren all jener statt, die sich das ganze Jahr \u00fcber mit so viel Herzblut f\u00fcr unsere Schule engagieren. In festlicher Atmosph\u00e4re, begleitet von duftendem Kaffee und leckerem Kuchen, erwartete unsere G\u00e4ste ein abwechslungsreiches Programm, das von verschiedenen Klassen und Gruppen liebevoll gestaltet wurde.<\/p>\n<p class=\"yiv5679814704MsoNormal\">Die Klasse 4a er\u00f6ffnete den Nachmittag mit einer stimmungsvollen Lesung aus dem <i>Nussknacker<\/i>. Anschlie\u00dfend erf\u00fcllte der Chor unter der Leitung von Frau DuMair und Herrn Kuntze den Mehrzweckraum mit traditionellen Weihnachtsliedern. Zum Abschluss zeigte die Bl\u00e4serklasse ihr K\u00f6nnen und musizierte gemeinsam \u2013 ein wunderbarer Klang, der perfekt zur Vorweihnachtszeit passte.<\/p>\n<p class=\"yiv5679814704MsoNormal\">Eine Stunde lang wurde gelacht, gelauscht und mitgesummt. Vor allem aber wurde eines deutlich: Ohne das Engagement unserer Ehrenamtlichen w\u00e4re vieles an unserer Schule nicht m\u00f6glich.<\/p>\n<p class=\"yiv5679814704MsoNormal\"><b>Wir bedanken uns von Herzen f\u00fcr Ihre Zeit, Ihre Energie und Ihre unerm\u00fcdliche Unterst\u00fctzung. Sie bereichern unser Schulleben auf ganz besondere Weise.<\/b><\/p>\t\t\t\t\t\t\t\t<\/div>\n\t\t\t\t<\/div>\n\t\t\t\t\t<\/div>\n\t\t<\/div>\n\t\t\t\t\t<\/div>\n\t\t<\/section>\n\t\t\t\t<section class=\"elementor-section elementor-top-section elementor-element elementor-element-71b4115 elementor-section-boxed elementor-section-height-default elementor-section-height-default wpr-particle-no wpr-jarallax-no wpr-parallax-no wpr-sticky-section-no\" data-id=\"71b4115\" data-element_type=\"section\">\n\t\t\t\t\t\t<div class=\"elementor-container elementor-column-gap-default\">\n\t\t\t\t\t<div class=\"elementor-column elementor-col-100 elementor-top-column elementor-element elementor-element-ee3905c\" data-id=\"ee3905c\" data-element_type=\"column\">\n\t\t\t<div class=\"elementor-widget-wrap elementor-element-populated\">\n\t\t\t\t\t\t<div class=\"elementor-element elementor-element-0e196db elementor-widget elementor-widget-image\" data-id=\"0e196db\" data-element_type=\"widget\" data-widget_type=\"image.default\">\n\t\t\t\t<div class=\"elementor-widget-container\">\n\t\t\t\t\t\t\t\t\t\t\t\t\t\t\t<img fetchpriority=\"high\" decoding=\"async\" width=\"300\" height=\"300\" src=\"https:\/\/www.mercator-gs.de\/buildingsite\/wp-content\/uploads\/2022\/02\/cropped-mercator_logo512-1-300x300.png\" class=\"attachment-medium size-medium wp-image-1406\" alt=\"\" srcset=\"https:\/\/www.mercator-gs.de\/buildingsite\/wp-content\/uploads\/2022\/02\/cropped-mercator_logo512-1-300x300.png 300w, https:\/\/www.mercator-gs.de\/buildingsite\/wp-content\/uploads\/2022\/02\/cropped-mercator_logo512-1-150x150.png 150w, https:\/\/www.mercator-gs.de\/buildingsite\/wp-content\/uploads\/2022\/02\/cropped-mercator_logo512-1-24x24.png 24w, https:\/\/www.mercator-gs.de\/buildingsite\/wp-content\/uploads\/2022\/02\/cropped-mercator_logo512-1-36x36.png 36w, https:\/\/www.mercator-gs.de\/buildingsite\/wp-content\/uploads\/2022\/02\/cropped-mercator_logo512-1-48x48.png 48w, https:\/\/www.mercator-gs.de\/buildingsite\/wp-content\/uploads\/2022\/02\/cropped-mercator_logo512-1-270x270.png 270w, https:\/\/www.mercator-gs.de\/buildingsite\/wp-content\/uploads\/2022\/02\/cropped-mercator_logo512-1-192x192.png 192w, https:\/\/www.mercator-gs.de\/buildingsite\/wp-content\/uploads\/2022\/02\/cropped-mercator_logo512-1-180x180.png 180w, https:\/\/www.mercator-gs.de\/buildingsite\/wp-content\/uploads\/2022\/02\/cropped-mercator_logo512-1-32x32.png 32w, https:\/\/www.mercator-gs.de\/buildingsite\/wp-content\/uploads\/2022\/02\/cropped-mercator_logo512-1.png 512w\" sizes=\"(max-width: 300px) 100vw, 300px\" \/>\t\t\t\t\t\t\t\t\t\t\t\t\t\t\t<\/div>\n\t\t\t\t<\/div>\n\t\t\t\t\t<\/div>\n\t\t<\/div>\n\t\t\t\t\t<\/div>\n\t\t<\/section>\n\t\t\t\t<section class=\"elementor-section elementor-top-section elementor-element elementor-element-2f498ee elementor-section-boxed elementor-section-height-default elementor-section-height-default wpr-particle-no wpr-jarallax-no wpr-parallax-no wpr-sticky-section-no\" data-id=\"2f498ee\" data-element_type=\"section\">\n\t\t\t\t\t\t<div class=\"elementor-container elementor-column-gap-default\">\n\t\t\t\t\t<div class=\"elementor-column elementor-col-100 elementor-top-column elementor-element elementor-element-d9e27ad\" data-id=\"d9e27ad\" data-element_type=\"column\">\n\t\t\t<div class=\"elementor-widget-wrap elementor-element-populated\">\n\t\t\t\t\t\t<div class=\"elementor-element elementor-element-e0c2739 elementor-widget elementor-widget-text-editor\" data-id=\"e0c2739\" data-element_type=\"widget\" data-widget_type=\"text-editor.default\">\n\t\t\t\t<div class=\"elementor-widget-container\">\n\t\t\t\t\t\t\t\t\t<h2 style=\"margin-bottom: 0px; font-size: 2.6em; line-height: 1em; font-family: 'Indie Flower', cursive; color: inherit;\">Interner Vorlesewettbewerb der 6. Klassen<\/h2><p class=\"yiv5679814704MsoNormal\">\u00a0<\/p><p class=\"yiv5679814704MsoNormal\">Am Donnerstag, den 11. Dezember, fand im Mehrzweckraum unser diesj\u00e4hriger interner Vorlesewettbewerb der 6. Klassen statt. Alle Vorleserinnen traten hochmotiviert an und begeisterten das Publikum mit ihren gelungenen Pr\u00e4sentationen.<\/p><p class=\"yiv5679814704MsoNormal\">Die Jury bestand aus Herrn Scholz von der Stadtb\u00fccherei Steglitz, Frau Bockstette von der B\u00fcrgerstiftung, Frau Sommer, Fatima und Frau Ullmann. Am Ende konnte sich <strong>Halil<\/strong> als Siegerin durchsetzen.<\/p><p class=\"yiv5679814704MsoNormal\">Wir bedanken uns herzlich bei allen Teilnehmerinnen f\u00fcr die sch\u00f6ne Atmosph\u00e4re.<\/p>\t\t\t\t\t\t\t\t<\/div>\n\t\t\t\t<\/div>\n\t\t\t\t\t<\/div>\n\t\t<\/div>\n\t\t\t\t\t<\/div>\n\t\t<\/section>\n\t\t\t\t<section class=\"elementor-section elementor-top-section elementor-element elementor-element-f864ba9 elementor-section-boxed elementor-section-height-default elementor-section-height-default wpr-particle-no wpr-jarallax-no wpr-parallax-no wpr-sticky-section-no\" data-id=\"f864ba9\" data-element_type=\"section\">\n\t\t\t\t\t\t<div class=\"elementor-container elementor-column-gap-default\">\n\t\t\t\t\t<div class=\"elementor-column elementor-col-100 elementor-top-column elementor-element elementor-element-db2c3de\" data-id=\"db2c3de\" data-element_type=\"column\">\n\t\t\t<div class=\"elementor-widget-wrap elementor-element-populated\">\n\t\t\t\t\t\t<div class=\"elementor-element elementor-element-f574ddd elementor-widget elementor-widget-image\" data-id=\"f574ddd\" data-element_type=\"widget\" data-widget_type=\"image.default\">\n\t\t\t\t<div class=\"elementor-widget-container\">\n\t\t\t\t\t\t\t\t\t\t\t\t\t\t\t<img fetchpriority=\"high\" decoding=\"async\" width=\"300\" height=\"300\" src=\"https:\/\/www.mercator-gs.de\/buildingsite\/wp-content\/uploads\/2022\/02\/cropped-mercator_logo512-1-300x300.png\" class=\"attachment-medium size-medium wp-image-1406\" alt=\"\" srcset=\"https:\/\/www.mercator-gs.de\/buildingsite\/wp-content\/uploads\/2022\/02\/cropped-mercator_logo512-1-300x300.png 300w, https:\/\/www.mercator-gs.de\/buildingsite\/wp-content\/uploads\/2022\/02\/cropped-mercator_logo512-1-150x150.png 150w, https:\/\/www.mercator-gs.de\/buildingsite\/wp-content\/uploads\/2022\/02\/cropped-mercator_logo512-1-24x24.png 24w, https:\/\/www.mercator-gs.de\/buildingsite\/wp-content\/uploads\/2022\/02\/cropped-mercator_logo512-1-36x36.png 36w, https:\/\/www.mercator-gs.de\/buildingsite\/wp-content\/uploads\/2022\/02\/cropped-mercator_logo512-1-48x48.png 48w, https:\/\/www.mercator-gs.de\/buildingsite\/wp-content\/uploads\/2022\/02\/cropped-mercator_logo512-1-270x270.png 270w, https:\/\/www.mercator-gs.de\/buildingsite\/wp-content\/uploads\/2022\/02\/cropped-mercator_logo512-1-192x192.png 192w, https:\/\/www.mercator-gs.de\/buildingsite\/wp-content\/uploads\/2022\/02\/cropped-mercator_logo512-1-180x180.png 180w, https:\/\/www.mercator-gs.de\/buildingsite\/wp-content\/uploads\/2022\/02\/cropped-mercator_logo512-1-32x32.png 32w, https:\/\/www.mercator-gs.de\/buildingsite\/wp-content\/uploads\/2022\/02\/cropped-mercator_logo512-1.png 512w\" sizes=\"(max-width: 300px) 100vw, 300px\" \/>\t\t\t\t\t\t\t\t\t\t\t\t\t\t\t<\/div>\n\t\t\t\t<\/div>\n\t\t\t\t\t<\/div>\n\t\t<\/div>\n\t\t\t\t\t<\/div>\n\t\t<\/section>\n\t\t\t\t<section class=\"elementor-section elementor-top-section elementor-element elementor-element-922b697 elementor-section-boxed elementor-section-height-default elementor-section-height-default wpr-particle-no wpr-jarallax-no wpr-parallax-no wpr-sticky-section-no\" data-id=\"922b697\" data-element_type=\"section\">\n\t\t\t\t\t\t<div class=\"elementor-container elementor-column-gap-default\">\n\t\t\t\t\t<div class=\"elementor-column elementor-col-100 elementor-top-column elementor-element elementor-element-6e0e4ae\" data-id=\"6e0e4ae\" data-element_type=\"column\">\n\t\t\t<div class=\"elementor-widget-wrap elementor-element-populated\">\n\t\t\t\t\t\t<div class=\"elementor-element elementor-element-2e0463a elementor-widget elementor-widget-spacer\" data-id=\"2e0463a\" data-element_type=\"widget\" data-widget_type=\"spacer.default\">\n\t\t\t\t<div class=\"elementor-widget-container\">\n\t\t\t\t\t\t\t<div class=\"elementor-spacer\">\n\t\t\t<div class=\"elementor-spacer-inner\"><\/div>\n\t\t<\/div>\n\t\t\t\t\t\t<\/div>\n\t\t\t\t<\/div>\n\t\t\t\t<div class=\"elementor-element elementor-element-953a2ed elementor-widget elementor-widget-text-editor\" data-id=\"953a2ed\" data-element_type=\"widget\" data-widget_type=\"text-editor.default\">\n\t\t\t\t<div class=\"elementor-widget-container\">\n\t\t\t\t\t\t\t\t\t<header style=\"padding-bottom: 3em; font-style: normal; font-variant-ligatures: normal; font-variant-caps: normal; font-weight: 300; font-size: 18.6667px; font-family: Cambria, sans-serif; text-transform: uppercase; color: #0046a8;\">\n<h2 style=\"margin-bottom: 0px; font-size: 2.6em; line-height: 1em; font-family: 'Indie Flower', cursive; color: inherit;\">Wir machen den deutschen Motoriktest<\/h2>\n<\/header><span style=\"color: #0046a8; font-family: Cambria, sans-serif; font-size: 18.6667px; font-style: normal; font-variant-ligatures: normal; font-variant-caps: normal; font-weight: 300;\">Regelm\u00e4\u00dfig findet an der Mercatorschule der Deutsche Motoriktest statt.<\/span><br style=\"color: #0046a8; font-family: Cambria, sans-serif; font-size: 18.6667px;\" \/><span style=\"color: #0046a8; font-family: Cambria, sans-serif; font-size: 18.6667px; font-style: normal; font-variant-ligatures: normal; font-variant-caps: normal; font-weight: 300;\">Die Studierenden der Medical School Berlin testen unsere Sch\u00fcler und bewerten sie.<\/span><br style=\"color: #0046a8; font-family: Cambria, sans-serif; font-size: 18.6667px;\" \/><span style=\"color: #0046a8; font-family: Cambria, sans-serif; font-size: 18.6667px; font-style: normal; font-variant-ligatures: normal; font-variant-caps: normal; font-weight: 300;\">Jede Sch\u00fclerin und jeder Sch\u00fcler bekommt am Ende eine genaue Auswertung und eine Urkunde.<\/span>\t\t\t\t\t\t\t\t<\/div>\n\t\t\t\t<\/div>\n\t\t\t\t\t<\/div>\n\t\t<\/div>\n\t\t\t\t\t<\/div>\n\t\t<\/section>\n\t\t\t\t<section class=\"elementor-section elementor-top-section elementor-element elementor-element-3d79898 elementor-section-boxed elementor-section-height-default elementor-section-height-default wpr-particle-no wpr-jarallax-no wpr-parallax-no wpr-sticky-section-no\" data-id=\"3d79898\" data-element_type=\"section\">\n\t\t\t\t\t\t<div class=\"elementor-container elementor-column-gap-default\">\n\t\t\t\t\t<div class=\"elementor-column elementor-col-100 elementor-top-column elementor-element elementor-element-2a403d0\" data-id=\"2a403d0\" data-element_type=\"column\">\n\t\t\t<div class=\"elementor-widget-wrap elementor-element-populated\">\n\t\t\t\t\t\t<div class=\"elementor-element elementor-element-a926617 elementor-widget elementor-widget-image\" data-id=\"a926617\" data-element_type=\"widget\" data-widget_type=\"image.default\">\n\t\t\t\t<div class=\"elementor-widget-container\">\n\t\t\t\t\t\t\t\t\t\t\t\t\t\t\t<img decoding=\"async\" width=\"1024\" height=\"768\" src=\"https:\/\/www.mercator-gs.de\/buildingsite\/wp-content\/uploads\/2021\/11\/Motoriktest.jpg\" class=\"attachment-large size-large wp-image-78\" alt=\"\" srcset=\"https:\/\/www.mercator-gs.de\/buildingsite\/wp-content\/uploads\/2021\/11\/Motoriktest.jpg 1024w, https:\/\/www.mercator-gs.de\/buildingsite\/wp-content\/uploads\/2021\/11\/Motoriktest-300x225.jpg 300w, https:\/\/www.mercator-gs.de\/buildingsite\/wp-content\/uploads\/2021\/11\/Motoriktest-768x576.jpg 768w\" sizes=\"(max-width: 1024px) 100vw, 1024px\" \/>\t\t\t\t\t\t\t\t\t\t\t\t\t\t\t<\/div>\n\t\t\t\t<\/div>\n\t\t\t\t\t<\/div>\n\t\t<\/div>\n\t\t\t\t\t<\/div>\n\t\t<\/section>\n\t\t\t\t<\/div>\n\t\t","protected":false},"excerpt":{"rendered":"<p>Weihnachtsfeier der Ehrenamtlichen \u2013&nbsp; Ein herzliches Dankesch\u00f6n &nbsp; Am 12. Dezember 2025 fand unsere Weihnachtsfeier zu Ehren all jener statt, die sich das ganze Jahr \u00fcber mit so viel Herzblut f\u00fcr unsere Schule engagieren. In festlicher Atmosph\u00e4re, begleitet von duftendem Kaffee und leckerem Kuchen, erwartete unsere G\u00e4ste ein abwechslungsreiches Programm, das von verschiedenen Klassen und Gruppen liebevoll gestaltet wurde. Die Klasse 4a er\u00f6ffnete den Nachmittag mit einer stimmungsvollen Lesung aus dem Nussknacker. Anschlie\u00dfend erf\u00fcllte der Chor unter der Leitung von Frau DuMair und Herrn Kuntze den Mehrzweckraum mit traditionellen Weihnachtsliedern. Zum Abschluss zeigte die Bl\u00e4serklasse ihr K\u00f6nnen und musizierte gemeinsam \u2013 ein wunderbarer Klang, der perfekt zur Vorweihnachtszeit passte. Eine Stunde lang wurde gelacht, gelauscht und mitgesummt. Vor allem aber wurde eines deutlich: Ohne das Engagement unserer Ehrenamtlichen w\u00e4re vieles an unserer Schule nicht m\u00f6glich. Wir bedanken uns von Herzen f\u00fcr Ihre Zeit, Ihre Energie und Ihre unerm\u00fcdliche Unterst\u00fctzung. Sie bereichern unser Schulleben auf ganz besondere Weise. Interner Vorlesewettbewerb der 6. Klassen \u00a0 Am Donnerstag, den 11. Dezember, fand im Mehrzweckraum unser diesj\u00e4hriger interner Vorlesewettbewerb der 6. Klassen statt. Alle Vorleserinnen traten hochmotiviert an und begeisterten das Publikum mit ihren gelungenen Pr\u00e4sentationen. Die Jury bestand aus Herrn Scholz von der Stadtb\u00fccherei Steglitz, Frau Bockstette von der B\u00fcrgerstiftung, Frau Sommer, Fatima und Frau Ullmann. Am Ende konnte sich Halil als Siegerin durchsetzen. Wir bedanken uns herzlich bei allen Teilnehmerinnen f\u00fcr die sch\u00f6ne Atmosph\u00e4re. Wir machen den deutschen Motoriktest Regelm\u00e4\u00dfig findet an der Mercatorschule der Deutsche Motoriktest statt.Die Studierenden der Medical School Berlin testen unsere Sch\u00fcler und bewerten sie.Jede Sch\u00fclerin und jeder Sch\u00fcler bekommt am Ende eine genaue Auswertung und eine Urkunde.<\/p>\n","protected":false},"author":1,"featured_media":0,"parent":0,"menu_order":0,"comment_status":"closed","ping_status":"closed","template":"","meta":{"ocean_post_layout":"full-width","ocean_both_sidebars_style":"","ocean_both_sidebars_content_width":0,"ocean_both_sidebars_sidebars_width":0,"ocean_sidebar":"0","ocean_second_sidebar":"0","ocean_disable_margins":"on","ocean_add_body_class":"","ocean_shortcode_before_top_bar":"","ocean_shortcode_after_top_bar":"","ocean_shortcode_before_header":"","ocean_shortcode_after_header":"","ocean_has_shortcode":"","ocean_shortcode_after_title":"","ocean_shortcode_before_footer_widgets":"","ocean_shortcode_after_footer_widgets":"","ocean_shortcode_before_footer_bottom":"","ocean_shortcode_after_footer_bottom":"","ocean_display_top_bar":"off","ocean_display_header":"on","ocean_header_style":"transparent","ocean_center_header_left_menu":"0","ocean_custom_header_template":"0","ocean_custom_logo":0,"ocean_custom_retina_logo":0,"ocean_custom_logo_max_width":0,"ocean_custom_logo_tablet_max_width":0,"ocean_custom_logo_mobile_max_width":0,"ocean_custom_logo_max_height":0,"ocean_custom_logo_tablet_max_height":0,"ocean_custom_logo_mobile_max_height":0,"ocean_header_custom_menu":"0","ocean_menu_typo_font_family":"0","ocean_menu_typo_font_subset":"","ocean_menu_typo_font_size":0,"ocean_menu_typo_font_size_tablet":0,"ocean_menu_typo_font_size_mobile":0,"ocean_menu_typo_font_size_unit":"px","ocean_menu_typo_font_weight":"","ocean_menu_typo_font_weight_tablet":"","ocean_menu_typo_font_weight_mobile":"","ocean_menu_typo_transform":"","ocean_menu_typo_transform_tablet":"","ocean_menu_typo_transform_mobile":"","ocean_menu_typo_line_height":0,"ocean_menu_typo_line_height_tablet":0,"ocean_menu_typo_line_height_mobile":0,"ocean_menu_typo_line_height_unit":"","ocean_menu_typo_spacing":0,"ocean_menu_typo_spacing_tablet":0,"ocean_menu_typo_spacing_mobile":0,"ocean_menu_typo_spacing_unit":"","ocean_menu_link_color":"","ocean_menu_link_color_hover":"","ocean_menu_link_color_active":"","ocean_menu_link_background":"","ocean_menu_link_hover_background":"","ocean_menu_link_active_background":"","ocean_menu_social_links_bg":"","ocean_menu_social_hover_links_bg":"","ocean_menu_social_links_color":"","ocean_menu_social_hover_links_color":"","ocean_disable_title":"on","ocean_disable_heading":"default","ocean_post_title":"","ocean_post_subheading":"","ocean_post_title_style":"","ocean_post_title_background_color":"","ocean_post_title_background":0,"ocean_post_title_bg_image_position":"","ocean_post_title_bg_image_attachment":"","ocean_post_title_bg_image_repeat":"","ocean_post_title_bg_image_size":"","ocean_post_title_height":0,"ocean_post_title_bg_overlay":0.5,"ocean_post_title_bg_overlay_color":"","ocean_disable_breadcrumbs":"default","ocean_breadcrumbs_color":"","ocean_breadcrumbs_separator_color":"","ocean_breadcrumbs_links_color":"","ocean_breadcrumbs_links_hover_color":"","ocean_display_footer_widgets":"default","ocean_display_footer_bottom":"default","ocean_custom_footer_template":"0","footnotes":""},"class_list":["post-274","page","type-page","status-publish","hentry","entry"],"_links":{"self":[{"href":"https:\/\/www.mercator-gs.de\/buildingsite\/wp-json\/wp\/v2\/pages\/274","targetHints":{"allow":["GET"]}}],"collection":[{"href":"https:\/\/www.mercator-gs.de\/buildingsite\/wp-json\/wp\/v2\/pages"}],"about":[{"href":"https:\/\/www.mercator-gs.de\/buildingsite\/wp-json\/wp\/v2\/types\/page"}],"author":[{"embeddable":true,"href":"https:\/\/www.mercator-gs.de\/buildingsite\/wp-json\/wp\/v2\/users\/1"}],"replies":[{"embeddable":true,"href":"https:\/\/www.mercator-gs.de\/buildingsite\/wp-json\/wp\/v2\/comments?post=274"}],"version-history":[{"count":85,"href":"https:\/\/www.mercator-gs.de\/buildingsite\/wp-json\/wp\/v2\/pages\/274\/revisions"}],"predecessor-version":[{"id":3128,"href":"https:\/\/www.mercator-gs.de\/buildingsite\/wp-json\/wp\/v2\/pages\/274\/revisions\/3128"}],"wp:attachment":[{"href":"https:\/\/www.mercator-gs.de\/buildingsite\/wp-json\/wp\/v2\/media?parent=274"}],"curies":[{"name":"wp","href":"https:\/\/api.w.org\/{rel}","templated":true}]}}