{"id":273,"date":"2021-11-18T21:13:06","date_gmt":"2021-11-18T20:13:06","guid":{"rendered":"https:\/\/www.mercator-gs.de\/buildingsite\/?page_id=273"},"modified":"2024-07-14T12:32:14","modified_gmt":"2024-07-14T10:32:14","slug":"kooperationspartner","status":"publish","type":"page","link":"https:\/\/www.mercator-gs.de\/buildingsite\/kooperationspartner\/","title":{"rendered":"KOOPERATIONSPARTNER"},"content":{"rendered":"\t\t<div data-elementor-type=\"wp-page\" data-elementor-id=\"273\" class=\"elementor elementor-273\">\n\t\t\t\t\t\t<section class=\"elementor-section elementor-top-section elementor-element elementor-element-d54b228 elementor-section-boxed elementor-section-height-default elementor-section-height-default wpr-particle-no wpr-jarallax-no wpr-parallax-no wpr-sticky-section-no\" data-id=\"d54b228\" data-element_type=\"section\">\n\t\t\t\t\t\t<div class=\"elementor-container elementor-column-gap-default\">\n\t\t\t\t\t<div class=\"elementor-column elementor-col-100 elementor-top-column elementor-element elementor-element-00a8804\" data-id=\"00a8804\" data-element_type=\"column\">\n\t\t\t<div class=\"elementor-widget-wrap elementor-element-populated\">\n\t\t\t\t\t\t<div class=\"elementor-element elementor-element-e27b886 elementor-widget elementor-widget-spacer\" data-id=\"e27b886\" data-element_type=\"widget\" data-widget_type=\"spacer.default\">\n\t\t\t\t<div class=\"elementor-widget-container\">\n\t\t\t\t\t\t\t<div class=\"elementor-spacer\">\n\t\t\t<div class=\"elementor-spacer-inner\"><\/div>\n\t\t<\/div>\n\t\t\t\t\t\t<\/div>\n\t\t\t\t<\/div>\n\t\t\t\t\t<\/div>\n\t\t<\/div>\n\t\t\t\t\t<\/div>\n\t\t<\/section>\n\t\t\t\t<section class=\"elementor-section elementor-top-section elementor-element elementor-element-72112b2 elementor-section-boxed elementor-section-height-default elementor-section-height-default wpr-particle-no wpr-jarallax-no wpr-parallax-no wpr-sticky-section-no\" data-id=\"72112b2\" data-element_type=\"section\">\n\t\t\t\t\t\t<div class=\"elementor-container elementor-column-gap-default\">\n\t\t\t\t\t<div class=\"elementor-column elementor-col-100 elementor-top-column elementor-element elementor-element-7a2c45d\" data-id=\"7a2c45d\" data-element_type=\"column\">\n\t\t\t<div class=\"elementor-widget-wrap elementor-element-populated\">\n\t\t\t\t\t\t<div class=\"elementor-element elementor-element-fb6623e elementor-widget elementor-widget-text-editor\" data-id=\"fb6623e\" data-element_type=\"widget\" data-widget_type=\"text-editor.default\">\n\t\t\t\t<div class=\"elementor-widget-container\">\n\t\t\t\t\t\t\t\t\t<h2 style=\"margin-bottom: 0px; font-style: normal; font-variant-ligatures: normal; font-variant-caps: normal; font-size: 2.6em; line-height: 1em; font-family: 'Indie Flower', cursive; color: #0046a8; text-transform: uppercase;\">UNSERE KOOPERATIONSPARTNER<\/h2>\t\t\t\t\t\t\t\t<\/div>\n\t\t\t\t<\/div>\n\t\t\t\t\t<\/div>\n\t\t<\/div>\n\t\t\t\t\t<\/div>\n\t\t<\/section>\n\t\t\t\t<section class=\"elementor-section elementor-top-section elementor-element elementor-element-05df6f0 elementor-section-boxed elementor-section-height-default elementor-section-height-default wpr-particle-no wpr-jarallax-no wpr-parallax-no wpr-sticky-section-no\" data-id=\"05df6f0\" data-element_type=\"section\">\n\t\t\t\t\t\t<div class=\"elementor-container elementor-column-gap-default\">\n\t\t\t\t\t<div class=\"elementor-column elementor-col-100 elementor-top-column elementor-element elementor-element-c0ffb27\" data-id=\"c0ffb27\" data-element_type=\"column\">\n\t\t\t<div class=\"elementor-widget-wrap elementor-element-populated\">\n\t\t\t\t\t\t<div class=\"elementor-element elementor-element-87eb348 elementor-widget elementor-widget-text-editor\" data-id=\"87eb348\" data-element_type=\"widget\" data-widget_type=\"text-editor.default\">\n\t\t\t\t<div class=\"elementor-widget-container\">\n\t\t\t\t\t\t\t\t\t<p><span style=\"color: #0046a8; font-family: Cambria, sans-serif; font-size: 22.4px; font-style: normal; font-variant-ligatures: normal; font-variant-caps: normal; font-weight: 300;\">Wir haben das gro\u00dfe Gl\u00fcck von zahlreichen Kooperationspartnern unterst\u00fctzt zu werden und dadurch unsere Arbeit mit den Kindern auf vielf\u00e4ltige Art und Weise zu erg\u00e4nzen und zu bereichern. Mit gro\u00dfem Dank m\u00f6chten wir unsere Partner an dieser Stelle nennen:<\/span><br style=\"color: #0046a8; font-family: Cambria, sans-serif; font-size: 22.4px;\"><br style=\"color: #0046a8; font-family: Cambria, sans-serif; font-size: 22.4px;\"><span style=\"color: #0046a8; font-family: Cambria, sans-serif; font-size: 22.4px; font-style: normal; font-variant-ligatures: normal; font-variant-caps: normal; font-weight: 300;\"><a href=\"https:\/\/www.buergerstiftung-berlin.de\/\">B\u00fcrgerstiftung Berlin<\/a> (Lesepaten, zauberhafte Physiker, Hausaufgabenhilfe, Lernbr\u00fccken)<\/span><br style=\"color: #0046a8; font-family: Cambria, sans-serif; font-size: 22.4px;\"><span style=\"color: #0046a8; font-family: Cambria, sans-serif; font-size: 22.4px; font-style: normal; font-variant-ligatures: normal; font-variant-caps: normal; font-weight: 300;\"><a href=\"https:\/\/www.jugendhilfeverein.de\/\">Evangelischer Jugendhilfeverein e.V.<\/a> (T\u00f6pferkurse, Laufbus, Fr\u00fchst\u00fccksangebot u.v.m.)<\/span><br style=\"color: #0046a8; font-family: Cambria, sans-serif; font-size: 22.4px;\"><span style=\"color: #0046a8; font-family: Cambria, sans-serif; font-size: 22.4px; font-style: normal; font-variant-ligatures: normal; font-variant-caps: normal; font-weight: 300;\"><a href=\"https:\/\/www.berlin.de\/stadtbibliothek-steglitz-zehlendorf\/bibliotheken\/ingeborg-drewitz-bibliothek\/\">Ingeborg-Drewitz-Bibliothek<\/a> (gemeinsame Gestaltung der Schulb\u00fccherei, Durchf\u00fchrung des schulinternen Bibliothekf\u00fchrerscheins BibFit)<\/span><br style=\"color: #0046a8; font-family: Cambria, sans-serif; font-size: 22.4px;\"><span style=\"color: #0046a8; font-family: Cambria, sans-serif; font-size: 22.4px; font-style: normal; font-variant-ligatures: normal; font-variant-caps: normal; font-weight: 300;\">Kindergarten <a href=\"https:\/\/www.kitas-sued-west.de\/content\/reaumurstrasse\">S\u00fcd-West Reamurstra\u00dfe<\/a><\/span><br style=\"color: #0046a8; font-family: Cambria, sans-serif; font-size: 22.4px;\"><span style=\"color: #0046a8; font-family: Cambria, sans-serif; font-size: 22.4px; font-style: normal; font-variant-ligatures: normal; font-variant-caps: normal; font-weight: 300;\"><a href=\"https:\/\/www.berlin.de\/musikschule-steglitz-zehlendorf\/\">Leo-Borchard-Musikschule Steglitz-Zehlendorf<\/a> (musikalische Fr\u00fchf\u00f6rderung f\u00fcr die 1. und 2. Klassen, Schulchor und Stimmbildung)<\/span><br style=\"color: #0046a8; font-family: Cambria, sans-serif; font-size: 22.4px;\"><span style=\"color: #0046a8; font-family: Cambria, sans-serif; font-size: 22.4px; font-style: normal; font-variant-ligatures: normal; font-variant-caps: normal; font-weight: 300;\"><a href=\"https:\/\/www.livemusicnow-berlin.de\/\">Live Music Now, Berlin e.V.<\/a> (Durchf\u00fchrung von klassischen Konzerten in der Schule)<\/span><br style=\"color: #0046a8; font-family: Cambria, sans-serif; font-size: 22.4px;\"><span style=\"color: #0046a8; font-family: Cambria, sans-serif; font-size: 22.4px; font-style: normal; font-variant-ligatures: normal; font-variant-caps: normal; font-weight: 300;\">OSZ B\u00fcrowirtschaft und Verwaltung (Lesepatenprojekt)<\/span><br style=\"color: #0046a8; font-family: Cambria, sans-serif; font-size: 22.4px;\"><span style=\"color: #0046a8; font-family: Cambria, sans-serif; font-size: 22.4px; font-style: normal; font-variant-ligatures: normal; font-variant-caps: normal; font-weight: 300;\">Pr\u00e4ventionsbeauftragte der <a href=\"https:\/\/www.qm-thermometersiedlung.de\/\">Polizei, Direktion 4, Abschnitt 46&nbsp; <\/a><br>\n<\/span><br>\n<span style=\"color: #0046a8; font-family: Cambria, sans-serif; font-size: 22.4px; font-style: normal; font-variant-ligatures: normal; font-variant-caps: normal; font-weight: 300;\"><a href=\"https:\/\/www.qm-thermometersiedlung.de\/\">Quartiersmanagement Thermometersiedlung<\/a><br>\n<\/span><\/p>\n<p><span style=\"color: #0046a8; font-family: Cambria, sans-serif; font-size: 22.4px; font-style: normal; font-variant-ligatures: normal; font-variant-caps: normal; font-weight: 300;\"><a href=\"https:\/\/berlin-bruecke-der-einheit.rotary.de\/\">Rotary Club Berlin-Br\u00fccke der Einheit<\/a> (B\u00fccherspenden f\u00fcr die Sch\u00fclerinnen und Sch\u00fcler, Aktionstage im Zoologischen Garten)<\/span><br style=\"color: #0046a8; font-family: Cambria, sans-serif; font-size: 22.4px;\"><span style=\"color: #0046a8; font-family: Cambria, sans-serif; font-size: 22.4px; font-style: normal; font-variant-ligatures: normal; font-variant-caps: normal; font-weight: 300;\"><a href=\"https:\/\/www.stadtteilzentrum-steglitz.de\/\">Stadtteilzentrum Steglitz<\/a> (<\/span><span style=\"color: #0046a8; font-family: Cambria, sans-serif; font-size: 22.4px; font-style: normal; font-variant-ligatures: normal; font-variant-caps: normal; font-weight: 300;\">Schulsozialarbeit,Schulhelfer, Ergotherapeut, Musik- und Tanzprojekte)<\/span><br style=\"color: #0046a8; font-family: Cambria, sans-serif; font-size: 22.4px;\"><span style=\"color: #0046a8; font-family: Cambria, sans-serif; font-size: 22.4px; font-style: normal; font-variant-ligatures: normal; font-variant-caps: normal; font-weight: 300;\"><a href=\"https:\/\/www.berlin.de\/adressen\/verein\/tandem-berlin-e-v-4f143ea3b4fc475f0bd17400.html\">Tandem Berlin e.V.<\/a> (Schulsozialarbeit, Schulstation)<\/span><br style=\"color: #0046a8; font-family: Cambria, sans-serif; font-size: 22.4px;\"><span style=\"color: #0046a8; font-family: Cambria, sans-serif; font-size: 22.4px; font-style: normal; font-variant-ligatures: normal; font-variant-caps: normal; font-weight: 300;\"><a href=\"https:\/\/www.berlin.de\/vhs\/volkshochschulen\/steglitz-zehlendorf\/\">Volkshochschule Steglitz-Zehlendorf<\/a> (Muttersprachkurse)<\/span><br><\/p>\t\t\t\t\t\t\t\t<\/div>\n\t\t\t\t<\/div>\n\t\t\t\t\t<\/div>\n\t\t<\/div>\n\t\t\t\t\t<\/div>\n\t\t<\/section>\n\t\t\t\t<section class=\"elementor-section elementor-top-section elementor-element elementor-element-0c6401b elementor-section-boxed elementor-section-height-default elementor-section-height-default wpr-particle-no wpr-jarallax-no wpr-parallax-no wpr-sticky-section-no\" data-id=\"0c6401b\" data-element_type=\"section\">\n\t\t\t\t\t\t<div class=\"elementor-container elementor-column-gap-default\">\n\t\t\t\t\t<div class=\"elementor-column elementor-col-100 elementor-top-column elementor-element elementor-element-fc5130f\" data-id=\"fc5130f\" data-element_type=\"column\">\n\t\t\t<div class=\"elementor-widget-wrap elementor-element-populated\">\n\t\t\t\t\t\t<section class=\"elementor-section elementor-inner-section elementor-element elementor-element-64710de elementor-section-boxed elementor-section-height-default elementor-section-height-default wpr-particle-no wpr-jarallax-no wpr-parallax-no wpr-sticky-section-no\" data-id=\"64710de\" data-element_type=\"section\">\n\t\t\t\t\t\t<div class=\"elementor-container elementor-column-gap-default\">\n\t\t\t\t\t<div class=\"elementor-column elementor-col-50 elementor-inner-column elementor-element elementor-element-82e607d\" data-id=\"82e607d\" data-element_type=\"column\">\n\t\t\t<div class=\"elementor-widget-wrap elementor-element-populated\">\n\t\t\t\t\t\t<div class=\"elementor-element elementor-element-57690de elementor-widget__width-initial elementor-widget elementor-widget-text-editor\" data-id=\"57690de\" data-element_type=\"widget\" data-widget_type=\"text-editor.default\">\n\t\t\t\t<div class=\"elementor-widget-container\">\n\t\t\t\t\t\t\t\t\t<p><span style=\"color: #0046a8; font-family: Cambria, sans-serif; font-size: 22.4px; font-style: normal; font-variant-ligatures: normal; font-variant-caps: normal; font-weight: 300;\"><a href=\"https:\/\/www.erzaehlzeit.de\/\">Erz\u00e4hlZeit<\/a> (Vermittlung der Sprach- und Erz\u00e4hlf\u00e4higkeit)<\/span><\/p>\t\t\t\t\t\t\t\t<\/div>\n\t\t\t\t<\/div>\n\t\t\t\t\t<\/div>\n\t\t<\/div>\n\t\t\t\t<div class=\"elementor-column elementor-col-50 elementor-inner-column elementor-element elementor-element-954416b\" data-id=\"954416b\" data-element_type=\"column\">\n\t\t\t<div class=\"elementor-widget-wrap elementor-element-populated\">\n\t\t\t\t\t\t<div class=\"elementor-element elementor-element-6e74088 elementor-widget__width-initial elementor-widget elementor-widget-image\" data-id=\"6e74088\" data-element_type=\"widget\" data-widget_type=\"image.default\">\n\t\t\t\t<div class=\"elementor-widget-container\">\n\t\t\t\t\t\t\t\t\t\t\t\t\t\t\t<img decoding=\"async\" src=\"https:\/\/www.mercator-gs.de\/buildingsite\/wp-content\/uploads\/elementor\/thumbs\/ErzaehlZeit_logo-qr3e10ssmxl98kr8ok0jm0qdcysd9lowvpaohe35v8.png\" title=\"ErzaehlZeit_logo\" alt=\"ErzaehlZeit_logo\" loading=\"lazy\" \/>\t\t\t\t\t\t\t\t\t\t\t\t\t\t\t<\/div>\n\t\t\t\t<\/div>\n\t\t\t\t\t<\/div>\n\t\t<\/div>\n\t\t\t\t\t<\/div>\n\t\t<\/section>\n\t\t\t\t\t<\/div>\n\t\t<\/div>\n\t\t\t\t\t<\/div>\n\t\t<\/section>\n\t\t\t\t<\/div>\n\t\t","protected":false},"excerpt":{"rendered":"<p>UNSERE KOOPERATIONSPARTNER Wir haben das gro\u00dfe Gl\u00fcck von zahlreichen Kooperationspartnern unterst\u00fctzt zu werden und dadurch unsere Arbeit mit den Kindern auf vielf\u00e4ltige Art und Weise zu erg\u00e4nzen und zu bereichern. Mit gro\u00dfem Dank m\u00f6chten wir unsere Partner an dieser Stelle nennen:B\u00fcrgerstiftung Berlin (Lesepaten, zauberhafte Physiker, Hausaufgabenhilfe, Lernbr\u00fccken)Evangelischer Jugendhilfeverein e.V. (T\u00f6pferkurse, Laufbus, Fr\u00fchst\u00fccksangebot u.v.m.)Ingeborg-Drewitz-Bibliothek (gemeinsame Gestaltung der Schulb\u00fccherei, Durchf\u00fchrung des schulinternen Bibliothekf\u00fchrerscheins BibFit)Kindergarten S\u00fcd-West Reamurstra\u00dfeLeo-Borchard-Musikschule Steglitz-Zehlendorf (musikalische Fr\u00fchf\u00f6rderung f\u00fcr die 1. und 2. Klassen, Schulchor und Stimmbildung)Live Music Now, Berlin e.V. (Durchf\u00fchrung von klassischen Konzerten in der Schule)OSZ B\u00fcrowirtschaft und Verwaltung (Lesepatenprojekt)Pr\u00e4ventionsbeauftragte der Polizei, Direktion 4, Abschnitt 46&nbsp; Quartiersmanagement Thermometersiedlung Rotary Club Berlin-Br\u00fccke der Einheit (B\u00fccherspenden f\u00fcr die Sch\u00fclerinnen und Sch\u00fcler, Aktionstage im Zoologischen Garten)Stadtteilzentrum Steglitz (Schulsozialarbeit,Schulhelfer, Ergotherapeut, Musik- und Tanzprojekte)Tandem Berlin e.V. (Schulsozialarbeit, Schulstation)Volkshochschule Steglitz-Zehlendorf (Muttersprachkurse) Erz\u00e4hlZeit (Vermittlung der Sprach- und Erz\u00e4hlf\u00e4higkeit)<\/p>\n","protected":false},"author":1,"featured_media":0,"parent":0,"menu_order":0,"comment_status":"closed","ping_status":"closed","template":"","meta":{"ocean_post_layout":"full-width","ocean_both_sidebars_style":"","ocean_both_sidebars_content_width":0,"ocean_both_sidebars_sidebars_width":0,"ocean_sidebar":"0","ocean_second_sidebar":"0","ocean_disable_margins":"enable","ocean_add_body_class":"","ocean_shortcode_before_top_bar":"","ocean_shortcode_after_top_bar":"","ocean_shortcode_before_header":"","ocean_shortcode_after_header":"","ocean_has_shortcode":"","ocean_shortcode_after_title":"","ocean_shortcode_before_footer_widgets":"","ocean_shortcode_after_footer_widgets":"","ocean_shortcode_before_footer_bottom":"","ocean_shortcode_after_footer_bottom":"","ocean_display_top_bar":"off","ocean_display_header":"on","ocean_header_style":"transparent","ocean_center_header_left_menu":"0","ocean_custom_header_template":"0","ocean_custom_logo":0,"ocean_custom_retina_logo":0,"ocean_custom_logo_max_width":0,"ocean_custom_logo_tablet_max_width":0,"ocean_custom_logo_mobile_max_width":0,"ocean_custom_logo_max_height":0,"ocean_custom_logo_tablet_max_height":0,"ocean_custom_logo_mobile_max_height":0,"ocean_header_custom_menu":"0","ocean_menu_typo_font_family":"0","ocean_menu_typo_font_subset":"","ocean_menu_typo_font_size":0,"ocean_menu_typo_font_size_tablet":0,"ocean_menu_typo_font_size_mobile":0,"ocean_menu_typo_font_size_unit":"px","ocean_menu_typo_font_weight":"","ocean_menu_typo_font_weight_tablet":"","ocean_menu_typo_font_weight_mobile":"","ocean_menu_typo_transform":"","ocean_menu_typo_transform_tablet":"","ocean_menu_typo_transform_mobile":"","ocean_menu_typo_line_height":0,"ocean_menu_typo_line_height_tablet":0,"ocean_menu_typo_line_height_mobile":0,"ocean_menu_typo_line_height_unit":"","ocean_menu_typo_spacing":0,"ocean_menu_typo_spacing_tablet":0,"ocean_menu_typo_spacing_mobile":0,"ocean_menu_typo_spacing_unit":"","ocean_menu_link_color":"","ocean_menu_link_color_hover":"","ocean_menu_link_color_active":"","ocean_menu_link_background":"","ocean_menu_link_hover_background":"","ocean_menu_link_active_background":"","ocean_menu_social_links_bg":"","ocean_menu_social_hover_links_bg":"","ocean_menu_social_links_color":"","ocean_menu_social_hover_links_color":"","ocean_disable_title":"on","ocean_disable_heading":"default","ocean_post_title":"","ocean_post_subheading":"","ocean_post_title_style":"","ocean_post_title_background_color":"","ocean_post_title_background":0,"ocean_post_title_bg_image_position":"","ocean_post_title_bg_image_attachment":"","ocean_post_title_bg_image_repeat":"","ocean_post_title_bg_image_size":"","ocean_post_title_height":0,"ocean_post_title_bg_overlay":0.5,"ocean_post_title_bg_overlay_color":"","ocean_disable_breadcrumbs":"default","ocean_breadcrumbs_color":"","ocean_breadcrumbs_separator_color":"","ocean_breadcrumbs_links_color":"","ocean_breadcrumbs_links_hover_color":"","ocean_display_footer_widgets":"default","ocean_display_footer_bottom":"default","ocean_custom_footer_template":"0","footnotes":""},"class_list":["post-273","page","type-page","status-publish","hentry","entry"],"_links":{"self":[{"href":"https:\/\/www.mercator-gs.de\/buildingsite\/wp-json\/wp\/v2\/pages\/273","targetHints":{"allow":["GET"]}}],"collection":[{"href":"https:\/\/www.mercator-gs.de\/buildingsite\/wp-json\/wp\/v2\/pages"}],"about":[{"href":"https:\/\/www.mercator-gs.de\/buildingsite\/wp-json\/wp\/v2\/types\/page"}],"author":[{"embeddable":true,"href":"https:\/\/www.mercator-gs.de\/buildingsite\/wp-json\/wp\/v2\/users\/1"}],"replies":[{"embeddable":true,"href":"https:\/\/www.mercator-gs.de\/buildingsite\/wp-json\/wp\/v2\/comments?post=273"}],"version-history":[{"count":82,"href":"https:\/\/www.mercator-gs.de\/buildingsite\/wp-json\/wp\/v2\/pages\/273\/revisions"}],"predecessor-version":[{"id":2472,"href":"https:\/\/www.mercator-gs.de\/buildingsite\/wp-json\/wp\/v2\/pages\/273\/revisions\/2472"}],"wp:attachment":[{"href":"https:\/\/www.mercator-gs.de\/buildingsite\/wp-json\/wp\/v2\/media?parent=273"}],"curies":[{"name":"wp","href":"https:\/\/api.w.org\/{rel}","templated":true}]}}