{"id":270,"date":"2021-11-18T21:13:06","date_gmt":"2021-11-18T20:13:06","guid":{"rendered":"https:\/\/www.mercator-gs.de\/buildingsite\/?page_id=270"},"modified":"2021-11-27T15:59:50","modified_gmt":"2021-11-27T14:59:50","slug":"schulinspektion","status":"publish","type":"page","link":"https:\/\/www.mercator-gs.de\/buildingsite\/schulinspektion\/","title":{"rendered":"SCHULINSPEKTION"},"content":{"rendered":"\t\t<div data-elementor-type=\"wp-page\" data-elementor-id=\"270\" class=\"elementor elementor-270\">\n\t\t\t\t\t\t<section class=\"elementor-section elementor-top-section elementor-element elementor-element-de0c678 elementor-section-boxed elementor-section-height-default elementor-section-height-default wpr-particle-no wpr-jarallax-no wpr-parallax-no wpr-sticky-section-no\" data-id=\"de0c678\" data-element_type=\"section\">\n\t\t\t\t\t\t<div class=\"elementor-container elementor-column-gap-default\">\n\t\t\t\t\t<div class=\"elementor-column elementor-col-100 elementor-top-column elementor-element elementor-element-d8386e5\" data-id=\"d8386e5\" data-element_type=\"column\">\n\t\t\t<div class=\"elementor-widget-wrap elementor-element-populated\">\n\t\t\t\t\t\t<div class=\"elementor-element elementor-element-4841849 elementor-widget elementor-widget-spacer\" data-id=\"4841849\" data-element_type=\"widget\" data-widget_type=\"spacer.default\">\n\t\t\t\t<div class=\"elementor-widget-container\">\n\t\t\t\t\t\t\t<div class=\"elementor-spacer\">\n\t\t\t<div class=\"elementor-spacer-inner\"><\/div>\n\t\t<\/div>\n\t\t\t\t\t\t<\/div>\n\t\t\t\t<\/div>\n\t\t\t\t\t<\/div>\n\t\t<\/div>\n\t\t\t\t\t<\/div>\n\t\t<\/section>\n\t\t\t\t<section class=\"elementor-section elementor-top-section elementor-element elementor-element-82c3656 elementor-section-boxed elementor-section-height-default elementor-section-height-default wpr-particle-no wpr-jarallax-no wpr-parallax-no wpr-sticky-section-no\" data-id=\"82c3656\" data-element_type=\"section\">\n\t\t\t\t\t\t<div class=\"elementor-container elementor-column-gap-default\">\n\t\t\t\t\t<div class=\"elementor-column elementor-col-100 elementor-top-column elementor-element elementor-element-fbb96ad\" data-id=\"fbb96ad\" data-element_type=\"column\">\n\t\t\t<div class=\"elementor-widget-wrap elementor-element-populated\">\n\t\t\t\t\t\t<div class=\"elementor-element elementor-element-a664b5b elementor-widget elementor-widget-text-editor\" data-id=\"a664b5b\" data-element_type=\"widget\" data-widget_type=\"text-editor.default\">\n\t\t\t\t<div class=\"elementor-widget-container\">\n\t\t\t\t\t\t\t\t\t<h2 style=\"margin-bottom: 0px; font-style: normal; font-variant-ligatures: normal; font-variant-caps: normal; font-size: 2.6em; line-height: 1em; font-family: 'Indie Flower', cursive; color: #0046a8; text-transform: uppercase;\">SCHULINSPEKTION 2014<\/h2>\t\t\t\t\t\t\t\t<\/div>\n\t\t\t\t<\/div>\n\t\t\t\t\t<\/div>\n\t\t<\/div>\n\t\t\t\t\t<\/div>\n\t\t<\/section>\n\t\t\t\t<section class=\"elementor-section elementor-top-section elementor-element elementor-element-e4c2757 elementor-section-boxed elementor-section-height-default elementor-section-height-default wpr-particle-no wpr-jarallax-no wpr-parallax-no wpr-sticky-section-no\" data-id=\"e4c2757\" data-element_type=\"section\">\n\t\t\t\t\t\t<div class=\"elementor-container elementor-column-gap-default\">\n\t\t\t\t\t<div class=\"elementor-column elementor-col-100 elementor-top-column elementor-element elementor-element-2039c4c\" data-id=\"2039c4c\" data-element_type=\"column\">\n\t\t\t<div class=\"elementor-widget-wrap elementor-element-populated\">\n\t\t\t\t\t\t<div class=\"elementor-element elementor-element-eb277a5 elementor-widget elementor-widget-text-editor\" data-id=\"eb277a5\" data-element_type=\"widget\" data-widget_type=\"text-editor.default\">\n\t\t\t\t<div class=\"elementor-widget-container\">\n\t\t\t\t\t\t\t\t\t<p><span style=\"color: #0046a8; font-family: Cambria, sans-serif; font-size: 22.4px; font-style: normal; font-variant-ligatures: normal; font-variant-caps: normal; font-weight: 300;\">Im November 2014 wurde eine Schulinspektion durchgef\u00fchrt. Den aktuellen Inspektionsbericht f\u00fcr unsere Schule k\u00f6nnen Sie nachfolgend einsehen. Wir freuen uns \u00fcber das Ergebnis. (s.u.)<\/span><\/p>\t\t\t\t\t\t\t\t<\/div>\n\t\t\t\t<\/div>\n\t\t\t\t\t<\/div>\n\t\t<\/div>\n\t\t\t\t\t<\/div>\n\t\t<\/section>\n\t\t\t\t<section class=\"elementor-section elementor-top-section elementor-element elementor-element-620f335 elementor-section-boxed elementor-section-height-default elementor-section-height-default wpr-particle-no wpr-jarallax-no wpr-parallax-no wpr-sticky-section-no\" data-id=\"620f335\" data-element_type=\"section\">\n\t\t\t\t\t\t<div class=\"elementor-container elementor-column-gap-default\">\n\t\t\t\t\t<div class=\"elementor-column elementor-col-100 elementor-top-column elementor-element elementor-element-af5b8a4\" data-id=\"af5b8a4\" data-element_type=\"column\">\n\t\t\t<div class=\"elementor-widget-wrap elementor-element-populated\">\n\t\t\t\t\t\t<div class=\"elementor-element elementor-element-91e626b elementor-widget elementor-widget-image\" data-id=\"91e626b\" data-element_type=\"widget\" data-widget_type=\"image.default\">\n\t\t\t\t<div class=\"elementor-widget-container\">\n\t\t\t\t\t\t\t\t\t\t\t\t\t\t\t<img fetchpriority=\"high\" decoding=\"async\" width=\"1024\" height=\"616\" src=\"https:\/\/www.mercator-gs.de\/buildingsite\/wp-content\/uploads\/2021\/11\/Schulinspektion-1024x616.png\" class=\"attachment-large size-large wp-image-97\" alt=\"\" srcset=\"https:\/\/www.mercator-gs.de\/buildingsite\/wp-content\/uploads\/2021\/11\/Schulinspektion-1024x616.png 1024w, https:\/\/www.mercator-gs.de\/buildingsite\/wp-content\/uploads\/2021\/11\/Schulinspektion-300x180.png 300w, https:\/\/www.mercator-gs.de\/buildingsite\/wp-content\/uploads\/2021\/11\/Schulinspektion-768x462.png 768w, https:\/\/www.mercator-gs.de\/buildingsite\/wp-content\/uploads\/2021\/11\/Schulinspektion-1536x924.png 1536w, https:\/\/www.mercator-gs.de\/buildingsite\/wp-content\/uploads\/2021\/11\/Schulinspektion.png 2020w\" sizes=\"(max-width: 1024px) 100vw, 1024px\" \/>\t\t\t\t\t\t\t\t\t\t\t\t\t\t\t<\/div>\n\t\t\t\t<\/div>\n\t\t\t\t\t<\/div>\n\t\t<\/div>\n\t\t\t\t\t<\/div>\n\t\t<\/section>\n\t\t\t\t<section class=\"elementor-section elementor-top-section elementor-element elementor-element-6286f7d elementor-section-boxed elementor-section-height-default elementor-section-height-default wpr-particle-no wpr-jarallax-no wpr-parallax-no wpr-sticky-section-no\" data-id=\"6286f7d\" data-element_type=\"section\">\n\t\t\t\t\t\t<div class=\"elementor-container elementor-column-gap-default\">\n\t\t\t\t\t<div class=\"elementor-column elementor-col-100 elementor-top-column elementor-element elementor-element-9a663d2\" data-id=\"9a663d2\" data-element_type=\"column\">\n\t\t\t<div class=\"elementor-widget-wrap elementor-element-populated\">\n\t\t\t\t\t\t<div class=\"elementor-element elementor-element-79cd850 elementor-widget elementor-widget-text-editor\" data-id=\"79cd850\" data-element_type=\"widget\" data-widget_type=\"text-editor.default\">\n\t\t\t\t<div class=\"elementor-widget-container\">\n\t\t\t\t\t\t\t\t\t<p><span style=\"color: rgb(0, 70, 168); font-family: Cambria, sans-serif; font-size: 18.6667px; font-style: normal; font-variant-ligatures: normal; font-variant-caps: normal; font-weight: 300;\">Der Bewertung der einzelnen Qualit\u00e4tsmerkmale liegt folgende Normierung zugrunde:<\/span><br style=\"color: rgb(0, 70, 168); font-family: Cambria, sans-serif; font-size: 18.6667px;\"><br style=\"color: rgb(0, 70, 168); font-family: Cambria, sans-serif; font-size: 18.6667px;\"><span style=\"font-style: normal; font-variant-ligatures: normal; font-variant-caps: normal; font-weight: 700; font-size: 18.6667px; font-family: Cambria, sans-serif; color: rgb(0, 70, 168);\">A<\/span><span style=\"color: rgb(0, 70, 168); font-family: Cambria, sans-serif; font-size: 18.6667px; font-style: normal; font-variant-ligatures: normal; font-variant-caps: normal; font-weight: 300;\">&nbsp;stark ausgepr\u00e4gt : Die Schule erf\u00fcllt alle oder nahezu alle Teilkriterien eines Qualit\u00e4tsmerkmals.<\/span><br style=\"color: rgb(0, 70, 168); font-family: Cambria, sans-serif; font-size: 18.6667px;\"><span style=\"font-style: normal; font-variant-ligatures: normal; font-variant-caps: normal; font-weight: 700; font-size: 18.6667px; font-family: Cambria, sans-serif; color: rgb(0, 70, 168);\">B<\/span><span style=\"color: rgb(0, 70, 168); font-family: Cambria, sans-serif; font-size: 18.6667px; font-style: normal; font-variant-ligatures: normal; font-variant-caps: normal; font-weight: 300;\">&nbsp;eher stark ausgepr\u00e4gt: Die Schule erf\u00fcllt die wichtigsten Teilkriterien. Sie kann die Qualit\u00e4t der Arbeit bzgl. einiger Teilkriterien aber noch weiter verbessern.<\/span><br style=\"color: rgb(0, 70, 168); font-family: Cambria, sans-serif; font-size: 18.6667px;\"><span style=\"font-style: normal; font-variant-ligatures: normal; font-variant-caps: normal; font-weight: 700; font-size: 18.6667px; font-family: Cambria, sans-serif; color: rgb(0, 70, 168);\">C<\/span><span style=\"color: rgb(0, 70, 168); font-family: Cambria, sans-serif; font-size: 18.6667px; font-style: normal; font-variant-ligatures: normal; font-variant-caps: normal; font-weight: 300;\">&nbsp;eher schwach ausgepr\u00e4gt: Die Schule weist hier St\u00e4rken und Entwicklungsbedarf auf; wichtige Teilkriterien werden jedoch nicht erf\u00fcllt.<\/span><br style=\"color: rgb(0, 70, 168); font-family: Cambria, sans-serif; font-size: 18.6667px;\"><span style=\"font-style: normal; font-variant-ligatures: normal; font-variant-caps: normal; font-weight: 700; font-size: 18.6667px; font-family: Cambria, sans-serif; color: rgb(0, 70, 168);\">D<\/span><span style=\"color: rgb(0, 70, 168); font-family: Cambria, sans-serif; font-size: 18.6667px; font-style: normal; font-variant-ligatures: normal; font-variant-caps: normal; font-weight: 300;\">&nbsp;schwach ausgepr\u00e4gt: Bei den meisten Kriterien eines Qualit\u00e4tsmerkmals sind deutliche Verbesserungen erforderlich.<\/span><br style=\"color: rgb(0, 70, 168); font-family: Cambria, sans-serif; font-size: 18.6667px;\"><br style=\"color: rgb(0, 70, 168); font-family: Cambria, sans-serif; font-size: 18.6667px;\"><span style=\"font-style: normal; font-variant-ligatures: normal; font-variant-caps: normal; font-weight: 700; font-size: 18.6667px; font-family: Cambria, sans-serif; color: rgb(0, 70, 168);\">St\u00e4rken der Schule<\/span><br style=\"color: rgb(0, 70, 168); font-family: Cambria, sans-serif; font-size: 18.6667px;\"><span style=\"color: rgb(0, 70, 168); font-family: Cambria, sans-serif; font-size: 18.6667px; font-style: normal; font-variant-ligatures: normal; font-variant-caps: normal; font-weight: 300;\">\u2022 eine am p\u00e4dagogischen Schwerpunkt der Schule ausgerichtete gemeinsame Grundhaltung des Kollegiums<\/span><br style=\"color: rgb(0, 70, 168); font-family: Cambria, sans-serif; font-size: 18.6667px;\"><span style=\"color: rgb(0, 70, 168); font-family: Cambria, sans-serif; font-size: 18.6667px; font-style: normal; font-variant-ligatures: normal; font-variant-caps: normal; font-weight: 300;\">\u2022 Schaffung einer lernf\u00f6rderlichen, am Konzept der Inklusion orientierten Umgebung durch Raumgestaltung und Unterrichtsorganisation<\/span><br style=\"color: rgb(0, 70, 168); font-family: Cambria, sans-serif; font-size: 18.6667px;\"><span style=\"color: rgb(0, 70, 168); font-family: Cambria, sans-serif; font-size: 18.6667px; font-style: normal; font-variant-ligatures: normal; font-variant-caps: normal; font-weight: 300;\">\u2022 ein Unterricht, der die individuellen Voraussetzungen und Besonderheiten der Sch\u00fclerinnen und Sch\u00fcler in den Mittelpunkt stellt<\/span><br style=\"color: rgb(0, 70, 168); font-family: Cambria, sans-serif; font-size: 18.6667px;\"><span style=\"color: rgb(0, 70, 168); font-family: Cambria, sans-serif; font-size: 18.6667px; font-style: normal; font-variant-ligatures: normal; font-variant-caps: normal; font-weight: 300;\">\u2022 Umsetzung eines auf die Bedingungen und M\u00f6glichkeiten der Schule zugeschnittenen Inklusionsmodells durch das Kollegium<\/span><br style=\"color: rgb(0, 70, 168); font-family: Cambria, sans-serif; font-size: 18.6667px;\"><span style=\"color: rgb(0, 70, 168); font-family: Cambria, sans-serif; font-size: 18.6667px; font-style: normal; font-variant-ligatures: normal; font-variant-caps: normal; font-weight: 300;\">\u2022 engagierte, die Schulentwicklung vorantreibende Schulleiterin<\/span><br style=\"color: rgb(0, 70, 168); font-family: Cambria, sans-serif; font-size: 18.6667px;\"><span style=\"color: rgb(0, 70, 168); font-family: Cambria, sans-serif; font-size: 18.6667px; font-style: normal; font-variant-ligatures: normal; font-variant-caps: normal; font-weight: 300;\">\u2022 hohe Schulzufriedenheit aller am Schulalltag beteiligter Gruppen<\/span><br style=\"color: rgb(0, 70, 168); font-family: Cambria, sans-serif; font-size: 18.6667px;\"><span style=\"color: rgb(0, 70, 168); font-family: Cambria, sans-serif; font-size: 18.6667px; font-style: normal; font-variant-ligatures: normal; font-variant-caps: normal; font-weight: 300;\">\u2022 Pflege vielf\u00e4ltiger schulischer Kooperation<\/span><br style=\"color: rgb(0, 70, 168); font-family: Cambria, sans-serif; font-size: 18.6667px;\"><br style=\"color: rgb(0, 70, 168); font-family: Cambria, sans-serif; font-size: 18.6667px;\"><span style=\"font-style: normal; font-variant-ligatures: normal; font-variant-caps: normal; font-weight: 700; font-size: 18.6667px; font-family: Cambria, sans-serif; color: rgb(0, 70, 168);\">Entwicklungsbedarf der Schule<\/span><br style=\"color: rgb(0, 70, 168); font-family: Cambria, sans-serif; font-size: 18.6667px;\"><span style=\"color: rgb(0, 70, 168); font-family: Cambria, sans-serif; font-size: 18.6667px; font-style: normal; font-variant-ligatures: normal; font-variant-caps: normal; font-weight: 300;\">\u2022 F\u00f6rderung von Formen des problemorientierten Lernens<\/span><br style=\"color: rgb(0, 70, 168); font-family: Cambria, sans-serif; font-size: 18.6667px;\"><span style=\"color: rgb(0, 70, 168); font-family: Cambria, sans-serif; font-size: 18.6667px; font-style: normal; font-variant-ligatures: normal; font-variant-caps: normal; font-weight: 300;\">\u2022 systematische Unterst\u00fctzung der Sch\u00fclervertretung bei der Wahrnehmung und Durchsetzung ihrer Interessen<\/span><br><\/p>\t\t\t\t\t\t\t\t<\/div>\n\t\t\t\t<\/div>\n\t\t\t\t\t<\/div>\n\t\t<\/div>\n\t\t\t\t\t<\/div>\n\t\t<\/section>\n\t\t\t\t<\/div>\n\t\t","protected":false},"excerpt":{"rendered":"<p>SCHULINSPEKTION 2014 Im November 2014 wurde eine Schulinspektion durchgef\u00fchrt. Den aktuellen Inspektionsbericht f\u00fcr unsere Schule k\u00f6nnen Sie nachfolgend einsehen. Wir freuen uns \u00fcber das Ergebnis. (s.u.) Der Bewertung der einzelnen Qualit\u00e4tsmerkmale liegt folgende Normierung zugrunde:A&nbsp;stark ausgepr\u00e4gt : Die Schule erf\u00fcllt alle oder nahezu alle Teilkriterien eines Qualit\u00e4tsmerkmals.B&nbsp;eher stark ausgepr\u00e4gt: Die Schule erf\u00fcllt die wichtigsten Teilkriterien. Sie kann die Qualit\u00e4t der Arbeit bzgl. einiger Teilkriterien aber noch weiter verbessern.C&nbsp;eher schwach ausgepr\u00e4gt: Die Schule weist hier St\u00e4rken und Entwicklungsbedarf auf; wichtige Teilkriterien werden jedoch nicht erf\u00fcllt.D&nbsp;schwach ausgepr\u00e4gt: Bei den meisten Kriterien eines Qualit\u00e4tsmerkmals sind deutliche Verbesserungen erforderlich.St\u00e4rken der Schule\u2022 eine am p\u00e4dagogischen Schwerpunkt der Schule ausgerichtete gemeinsame Grundhaltung des Kollegiums\u2022 Schaffung einer lernf\u00f6rderlichen, am Konzept der Inklusion orientierten Umgebung durch Raumgestaltung und Unterrichtsorganisation\u2022 ein Unterricht, der die individuellen Voraussetzungen und Besonderheiten der Sch\u00fclerinnen und Sch\u00fcler in den Mittelpunkt stellt\u2022 Umsetzung eines auf die Bedingungen und M\u00f6glichkeiten der Schule zugeschnittenen Inklusionsmodells durch das Kollegium\u2022 engagierte, die Schulentwicklung vorantreibende Schulleiterin\u2022 hohe Schulzufriedenheit aller am Schulalltag beteiligter Gruppen\u2022 Pflege vielf\u00e4ltiger schulischer KooperationEntwicklungsbedarf der Schule\u2022 F\u00f6rderung von Formen des problemorientierten Lernens\u2022 systematische Unterst\u00fctzung der Sch\u00fclervertretung bei der Wahrnehmung und Durchsetzung ihrer Interessen<\/p>\n","protected":false},"author":1,"featured_media":0,"parent":0,"menu_order":0,"comment_status":"closed","ping_status":"closed","template":"","meta":{"ocean_post_layout":"full-width","ocean_both_sidebars_style":"","ocean_both_sidebars_content_width":0,"ocean_both_sidebars_sidebars_width":0,"ocean_sidebar":"0","ocean_second_sidebar":"0","ocean_disable_margins":"enable","ocean_add_body_class":"","ocean_shortcode_before_top_bar":"","ocean_shortcode_after_top_bar":"","ocean_shortcode_before_header":"","ocean_shortcode_after_header":"","ocean_has_shortcode":"","ocean_shortcode_after_title":"","ocean_shortcode_before_footer_widgets":"","ocean_shortcode_after_footer_widgets":"","ocean_shortcode_before_footer_bottom":"","ocean_shortcode_after_footer_bottom":"","ocean_display_top_bar":"off","ocean_display_header":"on","ocean_header_style":"transparent","ocean_center_header_left_menu":"0","ocean_custom_header_template":"0","ocean_custom_logo":0,"ocean_custom_retina_logo":0,"ocean_custom_logo_max_width":0,"ocean_custom_logo_tablet_max_width":0,"ocean_custom_logo_mobile_max_width":0,"ocean_custom_logo_max_height":0,"ocean_custom_logo_tablet_max_height":0,"ocean_custom_logo_mobile_max_height":0,"ocean_header_custom_menu":"0","ocean_menu_typo_font_family":"0","ocean_menu_typo_font_subset":"","ocean_menu_typo_font_size":0,"ocean_menu_typo_font_size_tablet":0,"ocean_menu_typo_font_size_mobile":0,"ocean_menu_typo_font_size_unit":"px","ocean_menu_typo_font_weight":"","ocean_menu_typo_font_weight_tablet":"","ocean_menu_typo_font_weight_mobile":"","ocean_menu_typo_transform":"","ocean_menu_typo_transform_tablet":"","ocean_menu_typo_transform_mobile":"","ocean_menu_typo_line_height":0,"ocean_menu_typo_line_height_tablet":0,"ocean_menu_typo_line_height_mobile":0,"ocean_menu_typo_line_height_unit":"","ocean_menu_typo_spacing":0,"ocean_menu_typo_spacing_tablet":0,"ocean_menu_typo_spacing_mobile":0,"ocean_menu_typo_spacing_unit":"","ocean_menu_link_color":"","ocean_menu_link_color_hover":"","ocean_menu_link_color_active":"","ocean_menu_link_background":"","ocean_menu_link_hover_background":"","ocean_menu_link_active_background":"","ocean_menu_social_links_bg":"","ocean_menu_social_hover_links_bg":"","ocean_menu_social_links_color":"","ocean_menu_social_hover_links_color":"","ocean_disable_title":"on","ocean_disable_heading":"default","ocean_post_title":"","ocean_post_subheading":"","ocean_post_title_style":"","ocean_post_title_background_color":"","ocean_post_title_background":0,"ocean_post_title_bg_image_position":"","ocean_post_title_bg_image_attachment":"","ocean_post_title_bg_image_repeat":"","ocean_post_title_bg_image_size":"","ocean_post_title_height":0,"ocean_post_title_bg_overlay":0.5,"ocean_post_title_bg_overlay_color":"","ocean_disable_breadcrumbs":"default","ocean_breadcrumbs_color":"","ocean_breadcrumbs_separator_color":"","ocean_breadcrumbs_links_color":"","ocean_breadcrumbs_links_hover_color":"","ocean_display_footer_widgets":"default","ocean_display_footer_bottom":"default","ocean_custom_footer_template":"0","footnotes":""},"class_list":["post-270","page","type-page","status-publish","hentry","entry"],"_links":{"self":[{"href":"https:\/\/www.mercator-gs.de\/buildingsite\/wp-json\/wp\/v2\/pages\/270","targetHints":{"allow":["GET"]}}],"collection":[{"href":"https:\/\/www.mercator-gs.de\/buildingsite\/wp-json\/wp\/v2\/pages"}],"about":[{"href":"https:\/\/www.mercator-gs.de\/buildingsite\/wp-json\/wp\/v2\/types\/page"}],"author":[{"embeddable":true,"href":"https:\/\/www.mercator-gs.de\/buildingsite\/wp-json\/wp\/v2\/users\/1"}],"replies":[{"embeddable":true,"href":"https:\/\/www.mercator-gs.de\/buildingsite\/wp-json\/wp\/v2\/comments?post=270"}],"version-history":[{"count":18,"href":"https:\/\/www.mercator-gs.de\/buildingsite\/wp-json\/wp\/v2\/pages\/270\/revisions"}],"predecessor-version":[{"id":1116,"href":"https:\/\/www.mercator-gs.de\/buildingsite\/wp-json\/wp\/v2\/pages\/270\/revisions\/1116"}],"wp:attachment":[{"href":"https:\/\/www.mercator-gs.de\/buildingsite\/wp-json\/wp\/v2\/media?parent=270"}],"curies":[{"name":"wp","href":"https:\/\/api.w.org\/{rel}","templated":true}]}}