{"id":1167,"date":"2021-12-27T23:13:37","date_gmt":"2021-12-27T22:13:37","guid":{"rendered":"https:\/\/www.mercator-gs.de\/buildingsite\/?page_id=1167"},"modified":"2025-09-27T11:39:35","modified_gmt":"2025-09-27T09:39:35","slug":"mitteilungen-2","status":"publish","type":"page","link":"https:\/\/www.mercator-gs.de\/buildingsite\/mitteilungen-2\/","title":{"rendered":"ARCHIV"},"content":{"rendered":"\t\t<div data-elementor-type=\"wp-page\" data-elementor-id=\"1167\" class=\"elementor elementor-1167\">\n\t\t\t\t\t\t<section class=\"elementor-section elementor-top-section elementor-element elementor-element-4d8704b elementor-section-boxed elementor-section-height-default elementor-section-height-default wpr-particle-no wpr-jarallax-no wpr-parallax-no wpr-sticky-section-no\" data-id=\"4d8704b\" data-element_type=\"section\">\n\t\t\t\t\t\t<div class=\"elementor-container elementor-column-gap-default\">\n\t\t\t\t\t<div class=\"elementor-column elementor-col-100 elementor-top-column elementor-element elementor-element-418050e\" data-id=\"418050e\" data-element_type=\"column\">\n\t\t\t<div class=\"elementor-widget-wrap elementor-element-populated\">\n\t\t\t\t\t\t<div class=\"elementor-element elementor-element-c117039 elementor-widget elementor-widget-spacer\" data-id=\"c117039\" data-element_type=\"widget\" data-widget_type=\"spacer.default\">\n\t\t\t\t<div class=\"elementor-widget-container\">\n\t\t\t\t\t\t\t<div class=\"elementor-spacer\">\n\t\t\t<div class=\"elementor-spacer-inner\"><\/div>\n\t\t<\/div>\n\t\t\t\t\t\t<\/div>\n\t\t\t\t<\/div>\n\t\t\t\t\t<\/div>\n\t\t<\/div>\n\t\t\t\t\t<\/div>\n\t\t<\/section>\n\t\t\t\t<section class=\"elementor-section elementor-top-section elementor-element elementor-element-6a2c816 elementor-section-boxed elementor-section-height-default elementor-section-height-default wpr-particle-no wpr-jarallax-no wpr-parallax-no wpr-sticky-section-no\" data-id=\"6a2c816\" data-element_type=\"section\">\n\t\t\t\t\t\t<div class=\"elementor-container elementor-column-gap-default\">\n\t\t\t\t\t<div class=\"elementor-column elementor-col-100 elementor-top-column elementor-element elementor-element-689809d\" data-id=\"689809d\" data-element_type=\"column\">\n\t\t\t<div class=\"elementor-widget-wrap elementor-element-populated\">\n\t\t\t\t\t\t<div class=\"elementor-element elementor-element-795e6ef elementor-widget elementor-widget-text-editor\" data-id=\"795e6ef\" data-element_type=\"widget\" data-widget_type=\"text-editor.default\">\n\t\t\t\t<div class=\"elementor-widget-container\">\n\t\t\t\t\t\t\t\t\t<h2 style=\"margin-bottom: 0px; font-style: normal; font-variant-ligatures: normal; font-variant-caps: normal; font-size: 2.6em; line-height: 1em; font-family: 'Indie Flower', cursive; color: #0046a8; text-transform: uppercase;\">Neue Ausgabe der MERCATOR-NEWS<\/h2><h2 style=\"margin-bottom: 0px; font-style: normal; font-variant-ligatures: normal; font-variant-caps: normal; font-size: 2.6em; line-height: 1em; font-family: 'Indie Flower', cursive; color: #0046a8; text-transform: uppercase;\">\u00a0<\/h2>\t\t\t\t\t\t\t\t<\/div>\n\t\t\t\t<\/div>\n\t\t\t\t\t<\/div>\n\t\t<\/div>\n\t\t\t\t\t<\/div>\n\t\t<\/section>\n\t\t\t\t<section class=\"elementor-section elementor-top-section elementor-element elementor-element-dcc5100 elementor-section-boxed elementor-section-height-default elementor-section-height-default wpr-particle-no wpr-jarallax-no wpr-parallax-no wpr-sticky-section-no\" data-id=\"dcc5100\" data-element_type=\"section\">\n\t\t\t\t\t\t<div class=\"elementor-container elementor-column-gap-default\">\n\t\t\t\t\t<div class=\"elementor-column elementor-col-100 elementor-top-column elementor-element elementor-element-09d0b30\" data-id=\"09d0b30\" data-element_type=\"column\">\n\t\t\t<div class=\"elementor-widget-wrap elementor-element-populated\">\n\t\t\t\t\t\t<div class=\"elementor-element elementor-element-796a335 elementor-widget elementor-widget-text-editor\" data-id=\"796a335\" data-element_type=\"widget\" data-widget_type=\"text-editor.default\">\n\t\t\t\t<div class=\"elementor-widget-container\">\n\t\t\t\t\t\t\t\t\t<p class=\"MsoNormal\" style=\"margin-bottom: 6.0pt; line-height: normal; vertical-align: baseline;\"><b><span style=\"font-size: 14.0pt; font-family: 'Arial',sans-serif; mso-ascii-theme-font: minor-bidi; mso-fareast-font-family: 'Times New Roman'; mso-hansi-theme-font: minor-bidi; mso-bidi-theme-font: minor-bidi; border: none windowtext 1.0pt; mso-border-alt: none windowtext 0cm; padding: 0cm; mso-font-kerning: 0pt; mso-ligatures: none; mso-fareast-language: DE;\">Im Januar 2024 erschien die neue Ausgabe unserer Schulzeitung Mercator-News.<\/span><\/b><\/p>\n<p class=\"MsoNormal\" style=\"margin-bottom: 6.0pt; line-height: normal; vertical-align: baseline;\"><b><span style=\"font-size: 14.0pt; font-family: 'Arial',sans-serif; mso-ascii-theme-font: minor-bidi; mso-fareast-font-family: 'Times New Roman'; mso-hansi-theme-font: minor-bidi; mso-bidi-theme-font: minor-bidi; border: none windowtext 1.0pt; mso-border-alt: none windowtext 0cm; padding: 0cm; mso-font-kerning: 0pt; mso-ligatures: none; mso-fareast-language: DE;\">Jede Woche treffen sich unsere Sch\u00fclerreporter:innen der Klassen 4 bis 6 mit Frau G\u00f6smann, um aktuelle Themen und Beitr\u00e4ge in die Mercator-News einflie\u00dfen zu lassen.<\/span><\/b><\/p>\n<p class=\"MsoNormal\" style=\"margin-bottom: 6.0pt; line-height: normal; vertical-align: baseline;\"><b><span style=\"font-size: 14.0pt; font-family: 'Arial',sans-serif; mso-ascii-theme-font: minor-bidi; mso-fareast-font-family: 'Times New Roman'; mso-hansi-theme-font: minor-bidi; mso-bidi-theme-font: minor-bidi; border: none windowtext 1.0pt; mso-border-alt: none windowtext 0cm; padding: 0cm; mso-font-kerning: 0pt; mso-ligatures: none; mso-fareast-language: DE;\">Die Druckausgabe findet einen rei\u00dfenden Absatz unter den Kindern und den P\u00e4dagog:innen.<\/span><\/b> <b><span style=\"font-size: 14.0pt; font-family: 'Arial',sans-serif; mso-ascii-theme-font: minor-bidi; mso-fareast-font-family: 'Times New Roman'; mso-hansi-theme-font: minor-bidi; mso-bidi-theme-font: minor-bidi; border: none windowtext 1.0pt; mso-border-alt: none windowtext 0cm; padding: 0cm; mso-font-kerning: 0pt; mso-ligatures: none; mso-fareast-language: DE;\">Spannende Interviews, Berichte aus dem Schulleben, Zeichnungen und R\u00e4tsel \u2013 das und vieles mehr steckt in unserer Sch\u00fclerzeitung.<\/span><\/b> <b><span style=\"font-size: 14.0pt; font-family: 'Arial',sans-serif; mso-ascii-theme-font: minor-bidi; mso-fareast-font-family: 'Times New Roman'; mso-hansi-theme-font: minor-bidi; mso-bidi-theme-font: minor-bidi; border: none windowtext 1.0pt; mso-border-alt: none windowtext 0cm; padding: 0cm; mso-font-kerning: 0pt; mso-ligatures: none; mso-fareast-language: DE;\">Jetzt ist sie endlich gedruckt und kann f\u00fcr 40 Cent gekauft werden.<\/span><\/b><\/p>\n<p class=\"MsoNormal\" style=\"margin-bottom: 6.0pt; line-height: normal; vertical-align: baseline;\"><b><span style=\"font-size: 14.0pt; font-family: 'Arial',sans-serif; mso-ascii-theme-font: minor-bidi; mso-fareast-font-family: 'Times New Roman'; mso-hansi-theme-font: minor-bidi; mso-bidi-theme-font: minor-bidi; border: none windowtext 1.0pt; mso-border-alt: none windowtext 0cm; padding: 0cm; mso-font-kerning: 0pt; mso-ligatures: none; mso-fareast-language: DE;\">Die erste Seite kann hier digital angesehen werden. Viele Artikel sind auch online unter \u201eInformatives und Spannendes\u201c.<\/span><\/b><\/p>\n<p><b><span style=\"font-size: 14.0pt; font-family: 'Arial',sans-serif; mso-ascii-theme-font: minor-bidi; mso-fareast-font-family: 'Times New Roman'; mso-hansi-theme-font: minor-bidi; mso-bidi-theme-font: minor-bidi; border: none windowtext 1.0pt; mso-border-alt: none windowtext 0cm; padding: 0cm; mso-font-kerning: 0pt; mso-ligatures: none; mso-fareast-language: DE;\">Viel Spa\u00df beim Lesen!<\/span><\/b><\/p>\t\t\t\t\t\t\t\t<\/div>\n\t\t\t\t<\/div>\n\t\t\t\t\t<\/div>\n\t\t<\/div>\n\t\t\t\t\t<\/div>\n\t\t<\/section>\n\t\t\t\t<section class=\"elementor-section elementor-top-section elementor-element elementor-element-3bc977c elementor-section-boxed elementor-section-height-default elementor-section-height-default wpr-particle-no wpr-jarallax-no wpr-parallax-no wpr-sticky-section-no\" data-id=\"3bc977c\" data-element_type=\"section\">\n\t\t\t\t\t\t<div class=\"elementor-container elementor-column-gap-default\">\n\t\t\t\t\t<div class=\"elementor-column elementor-col-100 elementor-top-column elementor-element elementor-element-d7670da\" data-id=\"d7670da\" data-element_type=\"column\">\n\t\t\t<div class=\"elementor-widget-wrap elementor-element-populated\">\n\t\t\t\t\t\t<div class=\"elementor-element elementor-element-085c95c elementor-widget elementor-widget-pdf_viewer\" data-id=\"085c95c\" data-element_type=\"widget\" data-widget_type=\"pdf_viewer.default\">\n\t\t\t\t<div class=\"elementor-widget-container\">\n\t\t\t\t\t<iframe src=\"https:\/\/docs.google.com\/viewer?url=https:\/\/www.mercator-gs.de\/buildingsite\/wp-content\/uploads\/2024\/01\/AUSGABE8Homepage.pdf&amp;embedded=true\" style=\"display: block; margin-left: auto; margin-right: auto; width: 640px; height: 1020px;\" frameborder=\"1\" marginheight=\"0px\" marginwidth=\"0px\" allowfullscreen><\/iframe>\t\t\t\t<\/div>\n\t\t\t\t<\/div>\n\t\t\t\t\t<\/div>\n\t\t<\/div>\n\t\t\t\t\t<\/div>\n\t\t<\/section>\n\t\t\t\t<section class=\"elementor-section elementor-top-section elementor-element elementor-element-ef61a5b elementor-section-boxed elementor-section-height-default elementor-section-height-default wpr-particle-no wpr-jarallax-no wpr-parallax-no wpr-sticky-section-no\" data-id=\"ef61a5b\" data-element_type=\"section\">\n\t\t\t\t\t\t<div class=\"elementor-container elementor-column-gap-default\">\n\t\t\t\t\t<div class=\"elementor-column elementor-col-100 elementor-top-column elementor-element elementor-element-ab21fea\" data-id=\"ab21fea\" data-element_type=\"column\">\n\t\t\t<div class=\"elementor-widget-wrap elementor-element-populated\">\n\t\t\t\t\t\t<div class=\"elementor-element elementor-element-d8e0ef3 elementor-align-center elementor-widget elementor-widget-button\" data-id=\"d8e0ef3\" data-element_type=\"widget\" data-widget_type=\"button.default\">\n\t\t\t\t<div class=\"elementor-widget-container\">\n\t\t\t\t\t\t\t\t\t<div class=\"elementor-button-wrapper\">\n\t\t\t\t\t<a class=\"elementor-button elementor-button-link elementor-size-sm\" href=\"https:\/\/www.mercator-gs.de\/buildingsite\/wp-content\/uploads\/2021\/12\/Zeitungsseiten-Homepage.pdf\" target=\"_blank\">\n\t\t\t\t\t\t<span class=\"elementor-button-content-wrapper\">\n\t\t\t\t\t\t\t\t\t<span class=\"elementor-button-text\">\u00f6ffnen<\/span>\n\t\t\t\t\t<\/span>\n\t\t\t\t\t<\/a>\n\t\t\t\t<\/div>\n\t\t\t\t\t\t\t\t<\/div>\n\t\t\t\t<\/div>\n\t\t\t\t\t<\/div>\n\t\t<\/div>\n\t\t\t\t\t<\/div>\n\t\t<\/section>\n\t\t\t\t<\/div>\n\t\t","protected":false},"excerpt":{"rendered":"<p>Neue Ausgabe der MERCATOR-NEWS \u00a0 Im Januar 2024 erschien die neue Ausgabe unserer Schulzeitung Mercator-News. Jede Woche treffen sich unsere Sch\u00fclerreporter:innen der Klassen 4 bis 6 mit Frau G\u00f6smann, um aktuelle Themen und Beitr\u00e4ge in die Mercator-News einflie\u00dfen zu lassen. Die Druckausgabe findet einen rei\u00dfenden Absatz unter den Kindern und den P\u00e4dagog:innen. Spannende Interviews, Berichte aus dem Schulleben, Zeichnungen und R\u00e4tsel \u2013 das und vieles mehr steckt in unserer Sch\u00fclerzeitung. Jetzt ist sie endlich gedruckt und kann f\u00fcr 40 Cent gekauft werden. Die erste Seite kann hier digital angesehen werden. Viele Artikel sind auch online unter \u201eInformatives und Spannendes\u201c. Viel Spa\u00df beim Lesen! \u00f6ffnen<\/p>\n","protected":false},"author":1,"featured_media":0,"parent":0,"menu_order":0,"comment_status":"closed","ping_status":"closed","template":"","meta":{"ocean_post_layout":"full-width","ocean_both_sidebars_style":"","ocean_both_sidebars_content_width":0,"ocean_both_sidebars_sidebars_width":0,"ocean_sidebar":"0","ocean_second_sidebar":"0","ocean_disable_margins":"on","ocean_add_body_class":"","ocean_shortcode_before_top_bar":"","ocean_shortcode_after_top_bar":"","ocean_shortcode_before_header":"","ocean_shortcode_after_header":"","ocean_has_shortcode":"","ocean_shortcode_after_title":"","ocean_shortcode_before_footer_widgets":"","ocean_shortcode_after_footer_widgets":"","ocean_shortcode_before_footer_bottom":"","ocean_shortcode_after_footer_bottom":"","ocean_display_top_bar":"off","ocean_display_header":"on","ocean_header_style":"transparent","ocean_center_header_left_menu":"0","ocean_custom_header_template":"0","ocean_custom_logo":0,"ocean_custom_retina_logo":0,"ocean_custom_logo_max_width":0,"ocean_custom_logo_tablet_max_width":0,"ocean_custom_logo_mobile_max_width":0,"ocean_custom_logo_max_height":0,"ocean_custom_logo_tablet_max_height":0,"ocean_custom_logo_mobile_max_height":0,"ocean_header_custom_menu":"0","ocean_menu_typo_font_family":"0","ocean_menu_typo_font_subset":"","ocean_menu_typo_font_size":0,"ocean_menu_typo_font_size_tablet":0,"ocean_menu_typo_font_size_mobile":0,"ocean_menu_typo_font_size_unit":"px","ocean_menu_typo_font_weight":"","ocean_menu_typo_font_weight_tablet":"","ocean_menu_typo_font_weight_mobile":"","ocean_menu_typo_transform":"","ocean_menu_typo_transform_tablet":"","ocean_menu_typo_transform_mobile":"","ocean_menu_typo_line_height":0,"ocean_menu_typo_line_height_tablet":0,"ocean_menu_typo_line_height_mobile":0,"ocean_menu_typo_line_height_unit":"","ocean_menu_typo_spacing":0,"ocean_menu_typo_spacing_tablet":0,"ocean_menu_typo_spacing_mobile":0,"ocean_menu_typo_spacing_unit":"","ocean_menu_link_color":"","ocean_menu_link_color_hover":"","ocean_menu_link_color_active":"","ocean_menu_link_background":"","ocean_menu_link_hover_background":"","ocean_menu_link_active_background":"","ocean_menu_social_links_bg":"","ocean_menu_social_hover_links_bg":"","ocean_menu_social_links_color":"","ocean_menu_social_hover_links_color":"","ocean_disable_title":"on","ocean_disable_heading":"default","ocean_post_title":"","ocean_post_subheading":"","ocean_post_title_style":"","ocean_post_title_background_color":"","ocean_post_title_background":0,"ocean_post_title_bg_image_position":"","ocean_post_title_bg_image_attachment":"","ocean_post_title_bg_image_repeat":"","ocean_post_title_bg_image_size":"","ocean_post_title_height":0,"ocean_post_title_bg_overlay":0.5,"ocean_post_title_bg_overlay_color":"","ocean_disable_breadcrumbs":"default","ocean_breadcrumbs_color":"","ocean_breadcrumbs_separator_color":"","ocean_breadcrumbs_links_color":"","ocean_breadcrumbs_links_hover_color":"","ocean_display_footer_widgets":"default","ocean_display_footer_bottom":"default","ocean_custom_footer_template":"0","footnotes":""},"class_list":["post-1167","page","type-page","status-publish","hentry","entry"],"_links":{"self":[{"href":"https:\/\/www.mercator-gs.de\/buildingsite\/wp-json\/wp\/v2\/pages\/1167","targetHints":{"allow":["GET"]}}],"collection":[{"href":"https:\/\/www.mercator-gs.de\/buildingsite\/wp-json\/wp\/v2\/pages"}],"about":[{"href":"https:\/\/www.mercator-gs.de\/buildingsite\/wp-json\/wp\/v2\/types\/page"}],"author":[{"embeddable":true,"href":"https:\/\/www.mercator-gs.de\/buildingsite\/wp-json\/wp\/v2\/users\/1"}],"replies":[{"embeddable":true,"href":"https:\/\/www.mercator-gs.de\/buildingsite\/wp-json\/wp\/v2\/comments?post=1167"}],"version-history":[{"count":47,"href":"https:\/\/www.mercator-gs.de\/buildingsite\/wp-json\/wp\/v2\/pages\/1167\/revisions"}],"predecessor-version":[{"id":2738,"href":"https:\/\/www.mercator-gs.de\/buildingsite\/wp-json\/wp\/v2\/pages\/1167\/revisions\/2738"}],"wp:attachment":[{"href":"https:\/\/www.mercator-gs.de\/buildingsite\/wp-json\/wp\/v2\/media?parent=1167"}],"curies":[{"name":"wp","href":"https:\/\/api.w.org\/{rel}","templated":true}]}}